{"id":55,"date":"2025-08-20T12:05:00","date_gmt":"2025-08-20T17:05:00","guid":{"rendered":"https:\/\/eshoy.pe\/encontrarnos\/?page_id=55"},"modified":"2026-02-18T00:36:37","modified_gmt":"2026-02-18T05:36:37","slug":"inicio-2","status":"publish","type":"page","link":"https:\/\/eshoy.pe\/encontrarnosporelperu\/","title":{"rendered":"Inicio"},"content":{"rendered":"<div class=\"lazyblock-seccion-imagen-lateral-Z1PVjT1 alignfull alignfull  wp-block-lazyblock-seccion-imagen-lateral\" id=\"que_es\"><section class=\"position-relative  bg-light sider_section pageContent d-flex flex-wrap align-items-center\">\n  <div class=\"container\">\n\t\t<div class=\"row\">\n\t\t\t<div class=\"col-12 col-xl-6 pe-xl-0\">\n\t\t\t\t\t\t\t\t<div class=\"swiper swiper_sidergaleria sider_image\">\n\t\t\t\t  <div class=\"swiper-wrapper\">\n\t\t\t\t    \t\t\t\t    <div class=\"swiper-slide\">\n\t\t\t\t      <figure class=\"mb-0\">\n\t\t\t\t        <img loading=\"lazy\" decoding=\"async\" width=\"1024\" height=\"683\" src=\"https:\/\/eshoy.pe\/encontrarnosporelperu\/wp-content\/uploads\/sites\/17\/2026\/02\/team-1024x683.jpg\" class=\"img-fit\" alt=\"\" srcset=\"https:\/\/eshoy.pe\/encontrarnosporelperu\/wp-content\/uploads\/sites\/17\/2026\/02\/team-1024x683.jpg 1024w, https:\/\/eshoy.pe\/encontrarnosporelperu\/wp-content\/uploads\/sites\/17\/2026\/02\/team-300x200.jpg 300w, https:\/\/eshoy.pe\/encontrarnosporelperu\/wp-content\/uploads\/sites\/17\/2026\/02\/team-768x512.jpg 768w, https:\/\/eshoy.pe\/encontrarnosporelperu\/wp-content\/uploads\/sites\/17\/2026\/02\/team-143x95.jpg 143w, https:\/\/eshoy.pe\/encontrarnosporelperu\/wp-content\/uploads\/sites\/17\/2026\/02\/team.jpg 1500w\" sizes=\"auto, (max-width: 1024px) 100vw, 1024px\" \/>\t\t\t\t      <\/figure>\n\t\t\t\t    <\/div>\n\t\t\t\t    \t\t\t\t  <\/div>\n\t\t\t\t<\/div>\n\t\t\t<\/div>\n\t\t\t<div class=\"col-12 col-xl-5 offset-xl-1 position-relative d-flex flex-wrap align-items-center sider_content_wrapper\">\n\t\t\t\t<div class=\"sider_content py\" data-aos=\"fade-up\" data-aos-duration=\"800\">\n\t\t\t\t  <div class=\"lazyblock-inner-blocks\">\n\n<div class=\"row align-items-center align-items-sm-center align-items-md-center align-items-lg-center align-items-xl-center align-items-xxl-center\">\n<div class=\"col-lg-12 col-12 col-sm-12 col-md-12 col-xl-12 col-xxl-12 align-self-center align-self-sm-center align-self-md-center align-self-lg-center align-self-xl-center align-self-xxl-center\">\n<p class=\"text-white has-black-color has-text-color has-link-color fs-4 wp-elements-ff566ef575d1ba4ba4bce4b0ff14341d\">EncontrarNos por el Per\u00fa es una iniciativa que parte de la escucha y el di\u00e1logo para construir acuerdos posibles frente a tres urgencias del pa\u00eds: salud, seguridad y empleo. Su prop\u00f3sito es atender la demanda ciudadana en estas tres prioridades, traduci\u00e9ndola en propuestas concretas y viables para el pa\u00eds.<\/p>\n\n\n\n<p class=\"text-white has-black-color has-text-color has-link-color fs-4 wp-elements-36b58480aa10e9bf84f3948b86b642d9\">A lo largo de un proceso riguroso desarrollado en cinco regiones, la iniciativa reuni\u00f3 miradas diversas y evidencia t\u00e9cnica para formular nueve propuestas, pensadas para incidir en las decisiones de los primeros 100 d\u00edas del pr\u00f3ximo gobierno.<\/p>\n<\/div>\n<\/div>\n\n<\/div>\n\t\t\t\t<\/div>\n\t\t\t<\/div>\n\t\t<\/div>\n\t<\/div>\n<\/section>\n<script>\nwindow.addEventListener('DOMContentLoaded', (event) => {\n  var swiperGaleriaSider = new Swiper('.swiper_sidergaleria', {\n\t\tslidesPerView: 1,\n\t\tautoplay: {\n\t\t\tdelay: 3500,\n\t\t\tdisableOnInteraction: false,\n\t\t},\n\t\teffect: 'fade'\n  });\n});\n<\/script><\/div>\n\n\n\n\n\n\n\n<div class=\"lazyblock-seccion-imagen-derecha-cnv7D alignfull alignfull  wp-block-lazyblock-seccion-imagen-derecha\" id=\"que_hacemos\"><section \n  class=\"position-relative  text- sider_section pageContent d-flex flex-wrap align-items-center rtl\"\n  style=\"background-color: #f52d3b;\"\n>\n  <div class=\"container\">\n    <div class=\"row\">\n      <div class=\"col-12 col-xl-6 order-xl-2 offset-xl-1 ps-xl-0\">\n        <figure class=\"mb-0 sider_image position-relative\">\n          <img decoding=\"async\" width=\"1024\" height=\"683\" src=\"https:\/\/eshoy.pe\/encontrarnosporelperu\/wp-content\/uploads\/sites\/17\/2026\/02\/254-0N0A7906-1024x683.jpg\" class=\"img-fit\" alt=\"\" loading=\"lazy\" srcset=\"https:\/\/eshoy.pe\/encontrarnosporelperu\/wp-content\/uploads\/sites\/17\/2026\/02\/254-0N0A7906-1024x683.jpg 1024w, https:\/\/eshoy.pe\/encontrarnosporelperu\/wp-content\/uploads\/sites\/17\/2026\/02\/254-0N0A7906-300x200.jpg 300w, https:\/\/eshoy.pe\/encontrarnosporelperu\/wp-content\/uploads\/sites\/17\/2026\/02\/254-0N0A7906-768x512.jpg 768w, https:\/\/eshoy.pe\/encontrarnosporelperu\/wp-content\/uploads\/sites\/17\/2026\/02\/254-0N0A7906-1536x1024.jpg 1536w, https:\/\/eshoy.pe\/encontrarnosporelperu\/wp-content\/uploads\/sites\/17\/2026\/02\/254-0N0A7906-2048x1366.jpg 2048w, https:\/\/eshoy.pe\/encontrarnosporelperu\/wp-content\/uploads\/sites\/17\/2026\/02\/254-0N0A7906-142x95.jpg 142w\" sizes=\"auto, (max-width: 1024px) 100vw, 1024px\" \/>        <\/figure>\n      <\/div>\n      <div class=\"col-12 col-xl-5 order-xl-1 position-relative d-flex flex-wrap align-items-center sider_content_wrapper\">\n        <div class=\"sider_content py\" data-aos=\"fade-up\" data-aos-duration=\"800\">\n          <div class=\"lazyblock-inner-blocks\">\n\n<div class=\"row align-items-lg-center align-items-md-center align-items-sm-center align-items-center align-items-xl-center align-items-xxl-center\">\n<div class=\"col-lg-2\">\n<p><\/p>\n<\/div>\n\n\n\n<div class=\"text-white fancy-list col-lg-8\">\n<h4 class=\"wp-block-heading\"><strong>\u00bfQu\u00e9 hacemos?<\/strong><\/h4>\n\n\n\n<ul class=\"wp-block-list\">\n<li><strong>Impulsar espacios de escucha y di\u00e1logo plural descentralizado <\/strong>que articulen miradas diversas y permitan identificar puntos en com\u00fan.<\/li>\n\n\n\n<li><strong>Formular propuestas concretas, basadas en necesidades ciudadanas<\/strong> recogidas en regiones y traducidas en acciones t\u00e9cnicamente viables para el pr\u00f3ximo gobierno.<\/li>\n\n\n\n<li><strong>Incidir en partidos pol\u00edticos y en las pr\u00f3ximas autoridades<\/strong> para que integren estas propuestas en su accionar.<\/li>\n<\/ul>\n<\/div>\n\n\n\n<div class=\"col-lg-2\">\n<p><\/p>\n<\/div>\n<\/div>\n\n<\/div>\n        <\/div>\n      <\/div>\n    <\/div>\n  <\/div>\n<\/section><\/div>\n\n\n\n\n\n\n\n<div class=\"lazyblock-seccion-Z27JUWC alignfull alignfull  wp-block-lazyblock-seccion\" id=\"etapas-proceso\"><section\n  class=\"block_section position-relative py text-\"\n  style=\"background-color:white;\"\n>\n    <div class=\"container position-relative\">\n    <div class=\"row\" data-aos=\"fade-up\" data-aos-duration=\"600\">\n      <div class=\"col-12\"><div class=\"lazyblock-inner-blocks\">\n\n<h4 class=\"wp-block-heading process-steps__title\"><strong>Metodolog\u00eda: etapas del proceso<\/strong><\/h4>\n\n\n\n<div class=\"process-steps row\">\n<div class=\"process-step col\">\n<figure class=\"wp-block-image size-full process-step__icon\"><img loading=\"lazy\" decoding=\"async\" width=\"512\" height=\"512\" src=\"https:\/\/eshoy.pe\/encontrarnosporelperu\/wp-content\/uploads\/sites\/17\/2026\/02\/etapa_1.png\" alt=\"\" class=\"wp-image-1054\" srcset=\"https:\/\/eshoy.pe\/encontrarnosporelperu\/wp-content\/uploads\/sites\/17\/2026\/02\/etapa_1.png 512w, https:\/\/eshoy.pe\/encontrarnosporelperu\/wp-content\/uploads\/sites\/17\/2026\/02\/etapa_1-300x300.png 300w, https:\/\/eshoy.pe\/encontrarnosporelperu\/wp-content\/uploads\/sites\/17\/2026\/02\/etapa_1-150x150.png 150w, https:\/\/eshoy.pe\/encontrarnosporelperu\/wp-content\/uploads\/sites\/17\/2026\/02\/etapa_1-220x220.png 220w, https:\/\/eshoy.pe\/encontrarnosporelperu\/wp-content\/uploads\/sites\/17\/2026\/02\/etapa_1-95x95.png 95w\" sizes=\"auto, (max-width: 512px) 100vw, 512px\" \/><\/figure>\n\n\n\n<p class=\"has-text-align-center process-step__pill\">1.Recojo de la demanda ciudadana<\/p>\n\n\n\n<ul class=\"wp-block-list process-step__list\">\n<li><strong>Encuesta nacional urbano-rural<\/strong> para entender las causas de las deficiencias de los servicios p\u00fablicos de salud, la falta de empleo formal y la inseguridad ciudadana<\/li>\n<\/ul>\n<\/div>\n\n\n\n<div class=\"process-step col\">\n<figure class=\"wp-block-image size-full process-step__icon\"><img loading=\"lazy\" decoding=\"async\" width=\"512\" height=\"512\" src=\"https:\/\/eshoy.pe\/encontrarnosporelperu\/wp-content\/uploads\/sites\/17\/2026\/02\/etapa_2.png\" alt=\"\" class=\"wp-image-1055\" srcset=\"https:\/\/eshoy.pe\/encontrarnosporelperu\/wp-content\/uploads\/sites\/17\/2026\/02\/etapa_2.png 512w, https:\/\/eshoy.pe\/encontrarnosporelperu\/wp-content\/uploads\/sites\/17\/2026\/02\/etapa_2-300x300.png 300w, https:\/\/eshoy.pe\/encontrarnosporelperu\/wp-content\/uploads\/sites\/17\/2026\/02\/etapa_2-150x150.png 150w, https:\/\/eshoy.pe\/encontrarnosporelperu\/wp-content\/uploads\/sites\/17\/2026\/02\/etapa_2-220x220.png 220w, https:\/\/eshoy.pe\/encontrarnosporelperu\/wp-content\/uploads\/sites\/17\/2026\/02\/etapa_2-95x95.png 95w\" sizes=\"auto, (max-width: 512px) 100vw, 512px\" \/><\/figure>\n\n\n\n<p class=\"has-text-align-center process-step__pill\">2. Di\u00e1logo plural y multiactor en regiones<\/p>\n\n\n\n<ul class=\"wp-block-list process-step__list\">\n<li><strong>5 encuentros <\/strong><strong>en regiones que representan el 50% del electorado<\/strong> (Lima, La Libertad, Cusco, Arequipa y Loreto)&nbsp;<\/li>\n\n\n\n<li><strong>175 l\u00edderes<\/strong> diversos del sector empresarial, sociedad civil, academia y think tanks.&nbsp;<\/li>\n\n\n\n<li><strong>Encuesta nacional urbano-rural<\/strong> para conocer posibles soluciones.<\/li>\n<\/ul>\n<\/div>\n\n\n\n<div class=\"process-step col\">\n<figure class=\"wp-block-image size-full process-step__icon\"><img loading=\"lazy\" decoding=\"async\" width=\"512\" height=\"512\" src=\"https:\/\/eshoy.pe\/encontrarnosporelperu\/wp-content\/uploads\/sites\/17\/2026\/02\/etapa_3.png\" alt=\"\" class=\"wp-image-1056\" srcset=\"https:\/\/eshoy.pe\/encontrarnosporelperu\/wp-content\/uploads\/sites\/17\/2026\/02\/etapa_3.png 512w, https:\/\/eshoy.pe\/encontrarnosporelperu\/wp-content\/uploads\/sites\/17\/2026\/02\/etapa_3-300x300.png 300w, https:\/\/eshoy.pe\/encontrarnosporelperu\/wp-content\/uploads\/sites\/17\/2026\/02\/etapa_3-150x150.png 150w, https:\/\/eshoy.pe\/encontrarnosporelperu\/wp-content\/uploads\/sites\/17\/2026\/02\/etapa_3-220x220.png 220w, https:\/\/eshoy.pe\/encontrarnosporelperu\/wp-content\/uploads\/sites\/17\/2026\/02\/etapa_3-95x95.png 95w\" sizes=\"auto, (max-width: 512px) 100vw, 512px\" \/><\/figure>\n\n\n\n<p class=\"has-text-align-center process-step__pill\">3. Priorizaci\u00f3n y consensos<\/p>\n\n\n\n<ul class=\"wp-block-list process-step__list\">\n<li><strong>1 Encuentro Nacional de S\u00edntesis&nbsp;<\/strong><\/li>\n\n\n\n<li><strong>91 l\u00edderes diversos<\/strong>&nbsp;<\/li>\n\n\n\n<li><strong>22 partidos pol\u00edticos<\/strong><\/li>\n<\/ul>\n<\/div>\n\n\n\n<div class=\"process-step col\">\n<figure class=\"wp-block-image size-full process-step__icon\"><img loading=\"lazy\" decoding=\"async\" width=\"512\" height=\"512\" src=\"https:\/\/eshoy.pe\/encontrarnosporelperu\/wp-content\/uploads\/sites\/17\/2026\/02\/etapa_4.png\" alt=\"\" class=\"wp-image-1057\" srcset=\"https:\/\/eshoy.pe\/encontrarnosporelperu\/wp-content\/uploads\/sites\/17\/2026\/02\/etapa_4.png 512w, https:\/\/eshoy.pe\/encontrarnosporelperu\/wp-content\/uploads\/sites\/17\/2026\/02\/etapa_4-300x300.png 300w, https:\/\/eshoy.pe\/encontrarnosporelperu\/wp-content\/uploads\/sites\/17\/2026\/02\/etapa_4-150x150.png 150w, https:\/\/eshoy.pe\/encontrarnosporelperu\/wp-content\/uploads\/sites\/17\/2026\/02\/etapa_4-220x220.png 220w, https:\/\/eshoy.pe\/encontrarnosporelperu\/wp-content\/uploads\/sites\/17\/2026\/02\/etapa_4-95x95.png 95w\" sizes=\"auto, (max-width: 512px) 100vw, 512px\" \/><\/figure>\n\n\n\n<p class=\"has-text-align-center process-step__pill\">4. Afinamiento t\u00e9cnico de propuestas<\/p>\n\n\n\n<ul class=\"wp-block-list process-step__list\">\n<li><strong>Entrevistas a 39 expertos tem\u00e1ticos<\/strong> de amplio espectro.<\/li>\n<\/ul>\n<\/div>\n\n\n\n<div class=\"process-step col\">\n<figure class=\"wp-block-image size-full process-step__icon\"><img loading=\"lazy\" decoding=\"async\" width=\"512\" height=\"512\" src=\"https:\/\/eshoy.pe\/encontrarnosporelperu\/wp-content\/uploads\/sites\/17\/2026\/02\/etapa_5.png\" alt=\"\" class=\"wp-image-1058\" srcset=\"https:\/\/eshoy.pe\/encontrarnosporelperu\/wp-content\/uploads\/sites\/17\/2026\/02\/etapa_5.png 512w, https:\/\/eshoy.pe\/encontrarnosporelperu\/wp-content\/uploads\/sites\/17\/2026\/02\/etapa_5-300x300.png 300w, https:\/\/eshoy.pe\/encontrarnosporelperu\/wp-content\/uploads\/sites\/17\/2026\/02\/etapa_5-150x150.png 150w, https:\/\/eshoy.pe\/encontrarnosporelperu\/wp-content\/uploads\/sites\/17\/2026\/02\/etapa_5-220x220.png 220w, https:\/\/eshoy.pe\/encontrarnosporelperu\/wp-content\/uploads\/sites\/17\/2026\/02\/etapa_5-95x95.png 95w\" sizes=\"auto, (max-width: 512px) 100vw, 512px\" \/><\/figure>\n\n\n\n<p class=\"has-text-align-center process-step__pill\">5. Incidencia nacional<\/p>\n\n\n\n<ul class=\"wp-block-list process-step__list\">\n<li><strong>Posicionamiento en la agenda p\u00fablica<\/strong> con: periodistas, l\u00edderes de opini\u00f3n, partidos pol\u00edticos y l\u00edderes de diferentes sectores de la sociedad.<\/li>\n<\/ul>\n<\/div>\n<\/div>\n\n<\/div><\/div>\n    <\/div>\n  <\/div>\n<\/section><\/div>\n\n<div class=\"lazyblock-seccion-vT1EU alignfull alignfull  wp-block-lazyblock-seccion\" id=\"testimonios\"><section\n  class=\"block_section position-relative py text-\"\n  style=\"background-color:white;\"\n>\n    <div class=\"container position-relative\">\n    <div class=\"row\" data-aos=\"fade-up\" data-aos-duration=\"600\">\n      <div class=\"col-12\"><div class=\"lazyblock-inner-blocks\">\n\n<div class=\"p-5 row\">\n<div class=\"col-lg-12\">\n<h4 class=\"wp-block-heading has-text-align-center testimonials-section\"><strong>Testimonios<\/strong><br><\/h4>\n<\/div>\n<\/div>\n\n\n\n<div class=\"row g-5\">\n<div class=\"col-lg-4\">\n<figure class=\"wp-block-image size-large is-style-default text-center text-sm-center text-md-center text-lg-center text-xl-center text-xxl-center\"><img loading=\"lazy\" decoding=\"async\" width=\"1024\" height=\"614\" src=\"https:\/\/eshoy.pe\/encontrarnosporelperu\/wp-content\/uploads\/sites\/17\/2026\/02\/MICHELLE-1024x614.jpg\" alt=\"\" class=\"wp-image-1020\" srcset=\"https:\/\/eshoy.pe\/encontrarnosporelperu\/wp-content\/uploads\/sites\/17\/2026\/02\/MICHELLE-1024x614.jpg 1024w, https:\/\/eshoy.pe\/encontrarnosporelperu\/wp-content\/uploads\/sites\/17\/2026\/02\/MICHELLE-300x180.jpg 300w, https:\/\/eshoy.pe\/encontrarnosporelperu\/wp-content\/uploads\/sites\/17\/2026\/02\/MICHELLE-768x461.jpg 768w, https:\/\/eshoy.pe\/encontrarnosporelperu\/wp-content\/uploads\/sites\/17\/2026\/02\/MICHELLE-158x95.jpg 158w, https:\/\/eshoy.pe\/encontrarnosporelperu\/wp-content\/uploads\/sites\/17\/2026\/02\/MICHELLE.jpg 1507w\" sizes=\"auto, (max-width: 1024px) 100vw, 1024px\" \/><\/figure>\n\n\n\n<p class=\"has-text-align-center\">\u201cEs muy valioso que los j\u00f3venes podamos participar, porque nos permite dar nuestra opini\u00f3n y proponer soluciones en distintos niveles, especialmente en temas tan pertinentes.\u00bb<\/p>\n\n\n\n<p class=\"has-text-align-center\">Michele Alarc\u00f3n, Episcopal de J\u00f3venes l\u00edderes &#8211; Arequipa<\/p>\n<\/div>\n\n\n\n<div class=\"col-lg-4\">\n<figure class=\"wp-block-image size-full text-xxl-center text-md-center text-sm-center text-center text-lg-center text-xl-center\"><img loading=\"lazy\" decoding=\"async\" width=\"392\" height=\"490\" src=\"https:\/\/eshoy.pe\/encontrarnosporelperu\/wp-content\/uploads\/sites\/17\/2026\/02\/Diseno-sin-titulo-39-rgougso8iwoqmi872qt6omp58yz03muwbkubs722gw.png\" alt=\"\" class=\"wp-image-1021\" srcset=\"https:\/\/eshoy.pe\/encontrarnosporelperu\/wp-content\/uploads\/sites\/17\/2026\/02\/Diseno-sin-titulo-39-rgougso8iwoqmi872qt6omp58yz03muwbkubs722gw.png 392w, https:\/\/eshoy.pe\/encontrarnosporelperu\/wp-content\/uploads\/sites\/17\/2026\/02\/Diseno-sin-titulo-39-rgougso8iwoqmi872qt6omp58yz03muwbkubs722gw-240x300.png 240w, https:\/\/eshoy.pe\/encontrarnosporelperu\/wp-content\/uploads\/sites\/17\/2026\/02\/Diseno-sin-titulo-39-rgougso8iwoqmi872qt6omp58yz03muwbkubs722gw-76x95.png 76w\" sizes=\"auto, (max-width: 392px) 100vw, 392px\" \/><\/figure>\n\n\n\n<p class=\"has-text-align-center\">\u00abEstos espacios son muy importantes: nos dan la posibilidad de que nuestra voz sea escuchada y de que las soluciones lleguen a las personas adecuadas.\u00bb<\/p>\n\n\n\n<p class=\"has-text-align-center\">Tania Sifuentes, Directora de mediaci\u00f3n y conciliaci\u00f3n &#8211; CIARD Trujillo<\/p>\n<\/div>\n\n\n\n<div class=\"col-lg-4\">\n<figure class=\"wp-block-image size-full text-xl-center text-sm-center text-center text-md-center text-xxl-center\"><img loading=\"lazy\" decoding=\"async\" width=\"276\" height=\"276\" src=\"https:\/\/eshoy.pe\/encontrarnosporelperu\/wp-content\/uploads\/sites\/17\/2026\/02\/619111949_10242135826156019_6811564360568699471_n.jpg\" alt=\"\" class=\"wp-image-1022\" srcset=\"https:\/\/eshoy.pe\/encontrarnosporelperu\/wp-content\/uploads\/sites\/17\/2026\/02\/619111949_10242135826156019_6811564360568699471_n.jpg 276w, https:\/\/eshoy.pe\/encontrarnosporelperu\/wp-content\/uploads\/sites\/17\/2026\/02\/619111949_10242135826156019_6811564360568699471_n-150x150.jpg 150w, https:\/\/eshoy.pe\/encontrarnosporelperu\/wp-content\/uploads\/sites\/17\/2026\/02\/619111949_10242135826156019_6811564360568699471_n-220x220.jpg 220w, https:\/\/eshoy.pe\/encontrarnosporelperu\/wp-content\/uploads\/sites\/17\/2026\/02\/619111949_10242135826156019_6811564360568699471_n-95x95.jpg 95w\" sizes=\"auto, (max-width: 276px) 100vw, 276px\" \/><\/figure>\n\n\n\n<p class=\"has-text-align-center\">\u00abGracias a este espacio practicamos el di\u00e1logo, que es la vena por donde recorre el desarrollo de nuestro pa\u00eds y nuestra regi\u00f3n.\u00bb<\/p>\n\n\n\n<p class=\"has-text-align-center\">Mauro Lopez, Dirigente &#8211; Loreto<\/p>\n<\/div>\n<\/div>\n\n<\/div><\/div>\n    <\/div>\n  <\/div>\n<\/section><\/div>\n\n<div class=\"lazyblock-seccion-imagen-lateral-1Sqyyi alignfull alignfull  wp-block-lazyblock-seccion-imagen-lateral\" id=\"propuestas\"><section class=\"position-relative  bg-black sider_section pageContent d-flex flex-wrap align-items-center\">\n  <div class=\"container\">\n\t\t<div class=\"row\">\n\t\t\t<div class=\"col-12 col-xl-6 pe-xl-0\">\n\t\t\t\t\t\t\t\t<div class=\"swiper swiper_sidergaleria sider_image\">\n\t\t\t\t  <div class=\"swiper-wrapper\">\n\t\t\t\t    \t\t\t\t    <div class=\"swiper-slide\">\n\t\t\t\t      <figure class=\"mb-0\">\n\t\t\t\t        <img loading=\"lazy\" decoding=\"async\" width=\"1024\" height=\"1017\" src=\"https:\/\/eshoy.pe\/encontrarnosporelperu\/wp-content\/uploads\/sites\/17\/2026\/02\/libro-1024x1017.png\" class=\"img-fit\" alt=\"\" srcset=\"https:\/\/eshoy.pe\/encontrarnosporelperu\/wp-content\/uploads\/sites\/17\/2026\/02\/libro-1024x1017.png 1024w, https:\/\/eshoy.pe\/encontrarnosporelperu\/wp-content\/uploads\/sites\/17\/2026\/02\/libro-300x298.png 300w, https:\/\/eshoy.pe\/encontrarnosporelperu\/wp-content\/uploads\/sites\/17\/2026\/02\/libro-150x150.png 150w, https:\/\/eshoy.pe\/encontrarnosporelperu\/wp-content\/uploads\/sites\/17\/2026\/02\/libro-768x763.png 768w, https:\/\/eshoy.pe\/encontrarnosporelperu\/wp-content\/uploads\/sites\/17\/2026\/02\/libro-96x95.png 96w, https:\/\/eshoy.pe\/encontrarnosporelperu\/wp-content\/uploads\/sites\/17\/2026\/02\/libro.png 1206w\" sizes=\"auto, (max-width: 1024px) 100vw, 1024px\" \/>\t\t\t\t      <\/figure>\n\t\t\t\t    <\/div>\n\t\t\t\t    \t\t\t\t  <\/div>\n\t\t\t\t<\/div>\n\t\t\t<\/div>\n\t\t\t<div class=\"col-12 col-xl-5 offset-xl-1 position-relative d-flex flex-wrap align-items-center sider_content_wrapper\">\n\t\t\t\t<div class=\"sider_content py\" data-aos=\"fade-up\" data-aos-duration=\"800\">\n\t\t\t\t  <div class=\"lazyblock-inner-blocks\">\n\n<div class=\"row\">\n<div class=\"col-lg-12\">\n<p class=\"text-white\"><strong>EncontrarNos por el Per\u00fa: Propuestas ciudadanas en seguridad, empleo y salud para los primeros 100 d\u00edas del pr\u00f3ximo gobierno<\/strong><\/p>\n\n\n\n<p class=\"text-white\">Este documento presenta nueve propuestas construidas a trav\u00e9s de un proceso riguroso de di\u00e1logo estructurado y multiactor, que integr\u00f3 prioridades territoriales, evidencia t\u00e9cnica y escucha ciudadana. Estas propuestas concretas, t\u00e9cnicamente viables y socialmente leg\u00edtimas, buscan enfrentar tres urgencias del pa\u00eds (seguridad, empleo y salud) e incidir en las decisiones clave de los primeros 100 d\u00edas del pr\u00f3ximo gobierno.<\/p>\n\n\n\n<div class=\"row\">\n<div class=\"col-lg-12\">\n<div class=\"wp-block-buttons is-content-justification-center is-layout-flex wp-container-core-buttons-is-layout-e1485a7b wp-block-buttons-is-layout-flex\">\n<div class=\"wp-block-button is-style-fill\"><a class=\"wp-block-button__link has-white-color has-text-color has-background has-link-color wp-element-button\" href=\"https:\/\/drive.google.com\/file\/d\/1B1oCx8oOtETOIrdi0do4B5DlceYSX8Aa\/view?usp=sharing\" style=\"background-color:#ed3140\"><strong>Descarga las propuestas<\/strong><\/a><\/div>\n<\/div>\n<\/div>\n<\/div>\n<\/div>\n<\/div>\n\n<\/div>\n\t\t\t\t<\/div>\n\t\t\t<\/div>\n\t\t<\/div>\n\t<\/div>\n<\/section>\n<script>\nwindow.addEventListener('DOMContentLoaded', (event) => {\n  var swiperGaleriaSider = new Swiper('.swiper_sidergaleria', {\n\t\tslidesPerView: 1,\n\t\tautoplay: {\n\t\t\tdelay: 3500,\n\t\t\tdisableOnInteraction: false,\n\t\t},\n\t\teffect: 'fade'\n  });\n});\n<\/script><\/div>\n\n<div class=\"lazyblock-seccion-ZKBjhB alignfull alignfull  wp-block-lazyblock-seccion\"><section\n  class=\"block_section position-relative  text-\"\n  style=\"background-color:#f52d3b;\"\n>\n    <div class=\"container position-relative\">\n    <div class=\"row\" data-aos=\"fade-up\" data-aos-duration=\"600\">\n      <div class=\"col-12\"><div class=\"lazyblock-inner-blocks\">\n\n<div class=\"row\">\n<div class=\"col-lg-8 align-self-lg-center align-self-center align-self-sm-center align-self-md-center align-self-xl-center align-self-xxl-center\">\n<h3 class=\"wp-block-heading py-5 has-white-color has-text-color has-link-color wp-elements-1124bc97fb9a88916fcc3966bfa5d212\"><strong>Unidos hacemos posible propuestas que cambien el futuro del Per\u00fa<\/strong><\/h3>\n\n\n\n<h6 class=\"wp-block-heading text-white\" style=\"text-transform:none\"><strong>Para m\u00e1s informaci\u00f3n, escr\u00edbenos a: <a href=\"#\" data-type=\"page\" data-id=\"738\" target=\"_blank\" rel=\"noreferrer noopener nofollow\">encontrarnosporelperu<\/a><a href=\"#\" data-type=\"page\" data-id=\"738\">@eshoy.pe<\/a><\/strong><\/h6>\n<\/div>\n\n\n\n<div class=\"col-lg-4\">\n<figure class=\"wp-block-image size-full map-cropped m0 p0\"><img loading=\"lazy\" decoding=\"async\" width=\"411\" height=\"600\" src=\"https:\/\/eshoy.pe\/encontrarnosporelperu\/wp-content\/uploads\/sites\/17\/2025\/09\/map.png\" alt=\"\" class=\"wp-image-640\" title=\"\" srcset=\"https:\/\/eshoy.pe\/encontrarnosporelperu\/wp-content\/uploads\/sites\/17\/2025\/09\/map.png 411w, https:\/\/eshoy.pe\/encontrarnosporelperu\/wp-content\/uploads\/sites\/17\/2025\/09\/map-206x300.png 206w, https:\/\/eshoy.pe\/encontrarnosporelperu\/wp-content\/uploads\/sites\/17\/2025\/09\/map-65x95.png 65w\" sizes=\"auto, (max-width: 411px) 100vw, 411px\" \/><\/figure>\n<\/div>\n<\/div>\n\n<\/div><\/div>\n    <\/div>\n  <\/div>\n<\/section><\/div>\n\n\n<p><\/p>\n\n\n\n<p><\/p>\n","protected":false},"excerpt":{"rendered":"","protected":false},"author":1,"featured_media":0,"parent":0,"menu_order":0,"comment_status":"closed","ping_status":"closed","template":"page-template-frente.php","meta":{"footnotes":""},"class_list":["post-55","page","type-page","status-publish","hentry"],"acf":[],"_links":{"self":[{"href":"https:\/\/eshoy.pe\/encontrarnosporelperu\/wp-json\/wp\/v2\/pages\/55","targetHints":{"allow":["GET"]}}],"collection":[{"href":"https:\/\/eshoy.pe\/encontrarnosporelperu\/wp-json\/wp\/v2\/pages"}],"about":[{"href":"https:\/\/eshoy.pe\/encontrarnosporelperu\/wp-json\/wp\/v2\/types\/page"}],"author":[{"embeddable":true,"href":"https:\/\/eshoy.pe\/encontrarnosporelperu\/wp-json\/wp\/v2\/users\/1"}],"replies":[{"embeddable":true,"href":"https:\/\/eshoy.pe\/encontrarnosporelperu\/wp-json\/wp\/v2\/comments?post=55"}],"version-history":[{"count":11,"href":"https:\/\/eshoy.pe\/encontrarnosporelperu\/wp-json\/wp\/v2\/pages\/55\/revisions"}],"predecessor-version":[{"id":1149,"href":"https:\/\/eshoy.pe\/encontrarnosporelperu\/wp-json\/wp\/v2\/pages\/55\/revisions\/1149"}],"wp:attachment":[{"href":"https:\/\/eshoy.pe\/encontrarnosporelperu\/wp-json\/wp\/v2\/media?parent=55"}],"curies":[{"name":"wp","href":"https:\/\/api.w.org\/{rel}","templated":true}]}}