{"id":247,"date":"2024-11-20T15:23:10","date_gmt":"2024-11-20T20:23:10","guid":{"rendered":"https:\/\/eshoy.pe\/epa-beta\/?page_id=247"},"modified":"2026-01-27T12:32:23","modified_gmt":"2026-01-27T17:32:23","slug":"recursos","status":"publish","type":"page","link":"https:\/\/eshoy.pe\/epa\/recursos\/","title":{"rendered":"Recursos"},"content":{"rendered":"<div class=\"lazyblock-header-rfbOb alignfull alignfull  wp-block-lazyblock-header\"><header class=\"page_header position-relative d-flex flex-wrap align-items-center text-white has-image\">\r\n\t<figure class=\"page_header_image mb-0\">\r\n\t  <img loading=\"lazy\" decoding=\"async\" width=\"1920\" height=\"475\" src=\"https:\/\/eshoy.pe\/epa\/wp-content\/uploads\/sites\/10\/2024\/11\/bg_banner_epa-1.jpg\" class=\"img-fit\" alt=\"\" srcset=\"https:\/\/eshoy.pe\/epa\/wp-content\/uploads\/sites\/10\/2024\/11\/bg_banner_epa-1.jpg 1920w, https:\/\/eshoy.pe\/epa\/wp-content\/uploads\/sites\/10\/2024\/11\/bg_banner_epa-1-980x242.jpg 980w, https:\/\/eshoy.pe\/epa\/wp-content\/uploads\/sites\/10\/2024\/11\/bg_banner_epa-1-768x190.jpg 768w, https:\/\/eshoy.pe\/epa\/wp-content\/uploads\/sites\/10\/2024\/11\/bg_banner_epa-1-1536x380.jpg 1536w, https:\/\/eshoy.pe\/epa\/wp-content\/uploads\/sites\/10\/2024\/11\/bg_banner_epa-1-200x49.jpg 200w\" sizes=\"auto, (max-width: 1920px) 100vw, 1920px\" \/>\t<\/figure>\r\n\t<div class=\"page_header_content w-100 position-relative py\">\r\n\t\t<div class=\"container\">\r\n\t\t\t<div class=\"row\" data-aos=\"fade-up\" data-aos-duration=\"800\">\r\n\t\t\t\t<div class=\"col-12\">\r\n\t\t\t\t\t<div class=\"lazyblock-inner-blocks\">\n\n<div class=\"row align-items-center gy-4\">\n<div class=\"col-xl-4\">\n<h1 class=\"wp-block-heading\">Recursos<br><strong><mark class=\"has-inline-color has-amarillo-color\">\u00a1EPA!<\/mark><\/strong><\/h1>\n<\/div>\n\n\n\n<div class=\"col-xl-7 offset-xl-1\">\n<p class=\"has-text-align-left font-family-faktum h5\">En este espacio podr\u00e1s encontrar los pasos que tu empresa deber\u00e1 seguir para implementar \u00a1EPA!. Para ello, ponemos a disposici\u00f3n recursos que les ayudar\u00e1n a planificar y llevar a cabo la iniciativa en sus organizaciones con \u00e9xito.<\/p>\n<\/div>\n<\/div>\n\n<\/div>\r\n\t\t\t\t<\/div>\r\n\t\t\t<\/div>\r\n\t\t<\/div>\r\n\t<\/div>\r\n<\/header><\/div>\n\n<div class=\"lazyblock-seccion-ZVxT8D alignfull alignfull  wp-block-lazyblock-seccion\"><section class=\"block_section position-relative py rombo_amarillo bg-verde text-white\">\n    <div class=\"container position-relative\">\n\t\t<div class=\"row\" data-aos=\"fade-up\" data-aos-duration=\"600\">\n\t\t  <div class=\"col-12\">\n\t\t    <div class=\"lazyblock-inner-blocks\">\n\n<div class=\"row justify-content-center\">\n<div class=\"col-xl-10\">\n<h3 class=\"wp-block-heading has-text-align-center font-family-faktum mb-5\">Bienvenido a <strong>Recursos \u00a1EPA!<\/strong><\/h3>\n\n\n\n<figure class=\"wp-block-embed is-type-video is-provider-youtube wp-block-embed-youtube wp-embed-aspect-16-9 wp-has-aspect-ratio rounded overflow-hidden mb-0\"><div class=\"wp-block-embed__wrapper\">\n<iframe loading=\"lazy\" title=\"\u00a1EPA! | Bienvenidos a nuestro site de Recursos\" width=\"1446\" height=\"813\" src=\"https:\/\/www.youtube.com\/embed\/H6-RGLruftM?feature=oembed&#038;enablejsapi=1&#038;origin=https:\/\/eshoy.pe\" frameborder=\"0\" allow=\"accelerometer; autoplay; clipboard-write; encrypted-media; gyroscope; picture-in-picture; web-share\" referrerpolicy=\"strict-origin-when-cross-origin\" allowfullscreen><\/iframe>\n<\/div><\/figure>\n<\/div>\n<\/div>\n\n<\/div>\n\t\t  <\/div>\n\t\t<\/div>\n\t<\/div>\n<\/section><\/div>\n\n<div class=\"lazyblock-seccion-sxQxv alignfull alignfull  wp-block-lazyblock-seccion\"><section class=\"block_section position-relative py bg-circle-dash bg- text-\">\n    <div class=\"container position-relative\">\n\t\t<div class=\"row\" data-aos=\"fade-up\" data-aos-duration=\"600\">\n\t\t  <div class=\"col-12\">\n\t\t    <div class=\"lazyblock-inner-blocks\">\n\n<div class=\"row justify-content-center mb-5\">\n<div class=\"col-xl-10\">\n<h3 class=\"wp-block-heading has-text-align-center mb-4\">Conoce m\u00e1s sobre la <strong>Educaci\u00f3n B\u00e1sica Alternativa (EBA)<\/strong> en nuestro pa\u00eds<\/h3>\n\n\n\n<p class=\"has-text-align-center font-family-faktum\">La EBA (Educaci\u00f3n B\u00e1sica Alternativa) es una modalidad de atenci\u00f3n de la educaci\u00f3n b\u00e1sica en el Per\u00fa, equivalente a la Educaci\u00f3n B\u00e1sica Regular, dirigida a personas mayores de 14 a\u00f1os que no accedieron o no culminaron su primaria o secundaria. Tiene los mismos objetivos y calidad, con \u00e9nfasis en la preparaci\u00f3n para el trabajo y el desarrollo de capacidades empresariales.<\/p>\n<\/div>\n<\/div>\n\n\n\n<div class=\"row justify-content-center gy-4\">\n<div class=\"col-lg-6 col-xl-4\"><div class=\"lazyblock-recurso-card-2fdh4R wp-block-lazyblock-recurso-card\"><article class=\"card_recurso d-flex flex-column h-100 rounded position-relative px-3 px-sm-4 py-4 py-sm-5\">\n    <figure class=\"card_image text-center\">\n    <img loading=\"lazy\" decoding=\"async\" width=\"120\" height=\"120\" src=\"https:\/\/eshoy.pe\/epa\/wp-content\/uploads\/sites\/10\/2024\/11\/icon_video2.svg\" class=\"img-fluid\" alt=\"\" \/>  <\/figure>\n    <div class=\"card_content col d-flex flex-column text-center\">\n    <div class=\"col mb-4 font-family-faktum\">\n      \u00bfQu\u00e9 es la Educaci\u00f3n B\u00e1sica Alternativa (EBA)?    <\/div>\n    <div>\n      <a href=\"https:\/\/youtu.be\/nfJHNLPyBoU\" target=\"_blank\" class=\"d-inline-flex align-items-center stretched-link font-family-faktumsemibold\">\n        <svg xmlns=\"http:\/\/www.w3.org\/2000\/svg\" width=\"16\" height=\"16\" fill=\"currentColor\" stroke=\"currentColor\" stroke-width=\".5\" viewBox=\"0 0 16 16\">\n          <path fill-rule=\"evenodd\" d=\"M8.636 3.5a.5.5 0 0 0-.5-.5H1.5A1.5 1.5 0 0 0 0 4.5v10A1.5 1.5 0 0 0 1.5 16h10a1.5 1.5 0 0 0 1.5-1.5V7.864a.5.5 0 0 0-1 0V14.5a.5.5 0 0 1-.5.5h-10a.5.5 0 0 1-.5-.5v-10a.5.5 0 0 1 .5-.5h6.636a.5.5 0 0 0 .5-.5\"\/>\n          <path fill-rule=\"evenodd\" d=\"M16 .5a.5.5 0 0 0-.5-.5h-5a.5.5 0 0 0 0 1h3.793L6.146 9.146a.5.5 0 1 0 .708.708L15 1.707V5.5a.5.5 0 0 0 1 0z\"\/>\n        <\/svg>\n        <small class=\"ms-2\">Ver recurso<\/small>\n      <\/a>\n    <\/div>\n  <\/div>\n<\/article><\/div><\/div>\n\n\n\n<div class=\"col-lg-6 col-xl-4\"><div class=\"lazyblock-recurso-card-1uvNxH wp-block-lazyblock-recurso-card\"><article class=\"card_recurso d-flex flex-column h-100 rounded position-relative px-3 px-sm-4 py-4 py-sm-5\">\n    <figure class=\"card_image text-center\">\n    <img loading=\"lazy\" decoding=\"async\" width=\"120\" height=\"120\" src=\"https:\/\/eshoy.pe\/epa\/wp-content\/uploads\/sites\/10\/2024\/11\/icon_web2.svg\" class=\"img-fluid\" alt=\"\" \/>  <\/figure>\n    <div class=\"card_content col d-flex flex-column text-center\">\n    <div class=\"col mb-4 font-family-faktum\">\n      Portal del Ministerio de Educaci\u00f3n    <\/div>\n    <div>\n      <a href=\"https:\/\/www.gob.pe\/21720-educacion-basica-alternativa-eba-para-adolescentes-jovenes-y-adultos\" target=\"_blank\" class=\"d-inline-flex align-items-center stretched-link font-family-faktumsemibold\">\n        <svg xmlns=\"http:\/\/www.w3.org\/2000\/svg\" width=\"16\" height=\"16\" fill=\"currentColor\" stroke=\"currentColor\" stroke-width=\".5\" viewBox=\"0 0 16 16\">\n          <path fill-rule=\"evenodd\" d=\"M8.636 3.5a.5.5 0 0 0-.5-.5H1.5A1.5 1.5 0 0 0 0 4.5v10A1.5 1.5 0 0 0 1.5 16h10a1.5 1.5 0 0 0 1.5-1.5V7.864a.5.5 0 0 0-1 0V14.5a.5.5 0 0 1-.5.5h-10a.5.5 0 0 1-.5-.5v-10a.5.5 0 0 1 .5-.5h6.636a.5.5 0 0 0 .5-.5\"\/>\n          <path fill-rule=\"evenodd\" d=\"M16 .5a.5.5 0 0 0-.5-.5h-5a.5.5 0 0 0 0 1h3.793L6.146 9.146a.5.5 0 1 0 .708.708L15 1.707V5.5a.5.5 0 0 0 1 0z\"\/>\n        <\/svg>\n        <small class=\"ms-2\">Ver recurso<\/small>\n      <\/a>\n    <\/div>\n  <\/div>\n<\/article><\/div><\/div>\n<\/div>\n\n<\/div>\n\t\t  <\/div>\n\t\t<\/div>\n\t<\/div>\n<\/section><\/div>\n\n<div class=\"lazyblock-seccion-Z18gg4z alignfull alignfull  wp-block-lazyblock-seccion\"><section class=\"block_section position-relative py bg-light text-\">\n    <div class=\"container position-relative\">\n\t\t<div class=\"row\" data-aos=\"fade-up\" data-aos-duration=\"600\">\n\t\t  <div class=\"col-12\">\n\t\t    <div class=\"lazyblock-inner-blocks\">\n\n<div class=\"row justify-content-center mb-5\">\n<div class=\"col-xl-8\">\n<p class=\"has-text-align-center font-family-faktum h5\">Ahora que conoces m\u00e1s sobre <strong>la EBA en el Per\u00fa,<\/strong> te invitamos a conocer los pasos a seguir para implementar <strong>\u00a1EPA!<\/strong> dentro de tu empresa.<\/p>\n<\/div>\n<\/div>\n\n\n\n<div class=\"row justify-content-center gy-4\">\n<div class=\"col-lg-6 col-xl-4\">\n<figure class=\"wp-block-image size-full rounded overflow-hidden\"><a href=\"https:\/\/eshoy.pe\/epa\/paso-1-identifica-y-comprende\/\"><img loading=\"lazy\" decoding=\"async\" width=\"462\" height=\"462\" src=\"https:\/\/eshoy.pe\/epa\/wp-content\/uploads\/sites\/10\/2025\/04\/epa_paso_1.jpg\" alt=\"\" class=\"wp-image-586\" srcset=\"https:\/\/eshoy.pe\/epa\/wp-content\/uploads\/sites\/10\/2025\/04\/epa_paso_1.jpg 462w, https:\/\/eshoy.pe\/epa\/wp-content\/uploads\/sites\/10\/2025\/04\/epa_paso_1-200x200.jpg 200w, https:\/\/eshoy.pe\/epa\/wp-content\/uploads\/sites\/10\/2025\/04\/epa_paso_1-220x220.jpg 220w, https:\/\/eshoy.pe\/epa\/wp-content\/uploads\/sites\/10\/2025\/04\/epa_paso_1-95x95.jpg 95w\" sizes=\"auto, (max-width: 462px) 100vw, 462px\" \/><\/a><\/figure>\n<\/div>\n\n\n\n<div class=\"col-lg-6 col-xl-4\">\n<figure class=\"wp-block-image size-full rounded overflow-hidden\"><a href=\"https:\/\/eshoy.pe\/epa\/paso-2-decisiones-para-transformar\/\"><img loading=\"lazy\" decoding=\"async\" width=\"462\" height=\"462\" src=\"https:\/\/eshoy.pe\/epa\/wp-content\/uploads\/sites\/10\/2025\/04\/epa_paso_2.jpg\" alt=\"\" class=\"wp-image-587\" srcset=\"https:\/\/eshoy.pe\/epa\/wp-content\/uploads\/sites\/10\/2025\/04\/epa_paso_2.jpg 462w, https:\/\/eshoy.pe\/epa\/wp-content\/uploads\/sites\/10\/2025\/04\/epa_paso_2-200x200.jpg 200w, https:\/\/eshoy.pe\/epa\/wp-content\/uploads\/sites\/10\/2025\/04\/epa_paso_2-220x220.jpg 220w, https:\/\/eshoy.pe\/epa\/wp-content\/uploads\/sites\/10\/2025\/04\/epa_paso_2-95x95.jpg 95w\" sizes=\"auto, (max-width: 462px) 100vw, 462px\" \/><\/a><\/figure>\n<\/div>\n\n\n\n<div class=\"col-lg-6 col-xl-4\">\n<figure class=\"wp-block-image size-full rounded overflow-hidden\"><a href=\"https:\/\/eshoy.pe\/epa\/paso-3-lanzamiento-de-la-convocatoria\/\"><img loading=\"lazy\" decoding=\"async\" width=\"462\" height=\"462\" src=\"https:\/\/eshoy.pe\/epa\/wp-content\/uploads\/sites\/10\/2025\/04\/epa_paso_3.jpg\" alt=\"\" class=\"wp-image-588\" srcset=\"https:\/\/eshoy.pe\/epa\/wp-content\/uploads\/sites\/10\/2025\/04\/epa_paso_3.jpg 462w, https:\/\/eshoy.pe\/epa\/wp-content\/uploads\/sites\/10\/2025\/04\/epa_paso_3-200x200.jpg 200w, https:\/\/eshoy.pe\/epa\/wp-content\/uploads\/sites\/10\/2025\/04\/epa_paso_3-220x220.jpg 220w, https:\/\/eshoy.pe\/epa\/wp-content\/uploads\/sites\/10\/2025\/04\/epa_paso_3-95x95.jpg 95w\" sizes=\"auto, (max-width: 462px) 100vw, 462px\" \/><\/a><\/figure>\n<\/div>\n\n\n\n<div class=\"col-lg-6 col-xl-4\">\n<figure class=\"wp-block-image size-full rounded overflow-hidden\"><a href=\"https:\/\/eshoy.pe\/epa\/paso-4-matricula-el-inicio-de-un-cambio\/\"><img loading=\"lazy\" decoding=\"async\" width=\"462\" height=\"462\" src=\"https:\/\/eshoy.pe\/epa\/wp-content\/uploads\/sites\/10\/2025\/04\/epa_paso_4.jpg\" alt=\"\" class=\"wp-image-589\" srcset=\"https:\/\/eshoy.pe\/epa\/wp-content\/uploads\/sites\/10\/2025\/04\/epa_paso_4.jpg 462w, https:\/\/eshoy.pe\/epa\/wp-content\/uploads\/sites\/10\/2025\/04\/epa_paso_4-200x200.jpg 200w, https:\/\/eshoy.pe\/epa\/wp-content\/uploads\/sites\/10\/2025\/04\/epa_paso_4-220x220.jpg 220w, https:\/\/eshoy.pe\/epa\/wp-content\/uploads\/sites\/10\/2025\/04\/epa_paso_4-95x95.jpg 95w\" sizes=\"auto, (max-width: 462px) 100vw, 462px\" \/><\/a><\/figure>\n<\/div>\n\n\n\n<div class=\"col-lg-6 col-xl-4\">\n<figure class=\"wp-block-image size-full rounded overflow-hidden\"><a href=\"https:\/\/eshoy.pe\/epa\/paso-5-inicio-de-clases-y-seguimiento\/\"><img loading=\"lazy\" decoding=\"async\" width=\"462\" height=\"462\" src=\"https:\/\/eshoy.pe\/epa\/wp-content\/uploads\/sites\/10\/2025\/04\/epa_paso_5.jpg\" alt=\"\" class=\"wp-image-605\" srcset=\"https:\/\/eshoy.pe\/epa\/wp-content\/uploads\/sites\/10\/2025\/04\/epa_paso_5.jpg 462w, https:\/\/eshoy.pe\/epa\/wp-content\/uploads\/sites\/10\/2025\/04\/epa_paso_5-200x200.jpg 200w, https:\/\/eshoy.pe\/epa\/wp-content\/uploads\/sites\/10\/2025\/04\/epa_paso_5-220x220.jpg 220w, https:\/\/eshoy.pe\/epa\/wp-content\/uploads\/sites\/10\/2025\/04\/epa_paso_5-95x95.jpg 95w\" sizes=\"auto, (max-width: 462px) 100vw, 462px\" \/><\/a><\/figure>\n<\/div>\n\n\n\n<div class=\"col-lg-6 col-xl-4\">\n<figure class=\"wp-block-image size-full rounded overflow-hidden\"><a href=\"https:\/\/eshoy.pe\/epa\/paso-6-reconocimiento-y-nueva-convocatoria\/\"><img loading=\"lazy\" decoding=\"async\" width=\"462\" height=\"462\" src=\"https:\/\/eshoy.pe\/epa-beta\/wp-content\/uploads\/sites\/10\/2024\/12\/epa_paso_6.jpg\" alt=\"\" class=\"wp-image-495\" srcset=\"https:\/\/eshoy.pe\/epa\/wp-content\/uploads\/sites\/10\/2024\/12\/epa_paso_6.jpg 462w, https:\/\/eshoy.pe\/epa\/wp-content\/uploads\/sites\/10\/2024\/12\/epa_paso_6-200x200.jpg 200w, https:\/\/eshoy.pe\/epa\/wp-content\/uploads\/sites\/10\/2024\/12\/epa_paso_6-220x220.jpg 220w, https:\/\/eshoy.pe\/epa\/wp-content\/uploads\/sites\/10\/2024\/12\/epa_paso_6-95x95.jpg 95w\" sizes=\"auto, (max-width: 462px) 100vw, 462px\" \/><\/a><\/figure>\n<\/div>\n<\/div>\n\n<\/div>\n\t\t  <\/div>\n\t\t<\/div>\n\t<\/div>\n<\/section><\/div>\n\n<div class=\"lazyblock-seccion-ZKHWgV alignfull alignfull  wp-block-lazyblock-seccion\"><section class=\"block_section position-relative py bg_bottom_dots bg- text-\">\n    <div class=\"container position-relative\">\n\t\t<div class=\"row\" data-aos=\"fade-up\" data-aos-duration=\"600\">\n\t\t  <div class=\"col-12\">\n\t\t    <div class=\"lazyblock-inner-blocks\">\n\n<h2 class=\"wp-block-heading has-text-align-center h4 mb-5\">Nuestros <strong>aliados<\/strong><\/h2>\n\n\n\n<div class=\"row justify-content-center gy-4\">\n<div class=\"col-lg-4 col-xl-3 col-6\"><div class=\"wp-block-image\">\n<figure class=\"aligncenter size-full mb-0\"><img loading=\"lazy\" decoding=\"async\" width=\"586\" height=\"254\" src=\"https:\/\/eshoy.pe\/epa-beta\/wp-content\/uploads\/sites\/10\/2024\/11\/02_ministerio-educacion.png\" alt=\"\" class=\"wp-image-472\" srcset=\"https:\/\/eshoy.pe\/epa\/wp-content\/uploads\/sites\/10\/2024\/11\/02_ministerio-educacion.png 586w, https:\/\/eshoy.pe\/epa\/wp-content\/uploads\/sites\/10\/2024\/11\/02_ministerio-educacion-200x87.png 200w\" sizes=\"auto, (max-width: 586px) 100vw, 586px\" \/><\/figure>\n<\/div>\n\n<div class=\"wp-block-image\">\n<figure class=\"aligncenter size-full is-resized mb-0\"><img loading=\"lazy\" decoding=\"async\" width=\"1080\" height=\"429\" src=\"https:\/\/eshoy.pe\/epa\/wp-content\/uploads\/sites\/10\/2024\/11\/kaphan-logo-3.png\" alt=\"\" class=\"wp-image-962\" style=\"aspect-ratio:2.517741437827831;width:224px;height:auto\" srcset=\"https:\/\/eshoy.pe\/epa\/wp-content\/uploads\/sites\/10\/2024\/11\/kaphan-logo-3.png 1080w, https:\/\/eshoy.pe\/epa\/wp-content\/uploads\/sites\/10\/2024\/11\/kaphan-logo-3-980x389.png 980w, https:\/\/eshoy.pe\/epa\/wp-content\/uploads\/sites\/10\/2024\/11\/kaphan-logo-3-768x305.png 768w, https:\/\/eshoy.pe\/epa\/wp-content\/uploads\/sites\/10\/2024\/11\/kaphan-logo-3-200x79.png 200w\" sizes=\"auto, (max-width: 1080px) 100vw, 1080px\" \/><\/figure>\n<\/div><\/div>\n\n\n\n<div class=\"col-lg-4 col-xl-3 col-6\"><div class=\"wp-block-image\">\n<figure class=\"aligncenter size-full is-resized mb-0\"><img loading=\"lazy\" decoding=\"async\" width=\"2416\" height=\"1356\" src=\"https:\/\/eshoy.pe\/epa\/wp-content\/uploads\/sites\/10\/2024\/11\/Dispurse-logo-negro.png\" alt=\"\" class=\"wp-image-961\" style=\"aspect-ratio:1.781853914182771;width:210px;height:auto\" srcset=\"https:\/\/eshoy.pe\/epa\/wp-content\/uploads\/sites\/10\/2024\/11\/Dispurse-logo-negro.png 2416w, https:\/\/eshoy.pe\/epa\/wp-content\/uploads\/sites\/10\/2024\/11\/Dispurse-logo-negro-980x550.png 980w, https:\/\/eshoy.pe\/epa\/wp-content\/uploads\/sites\/10\/2024\/11\/Dispurse-logo-negro-1920x1078.png 1920w, https:\/\/eshoy.pe\/epa\/wp-content\/uploads\/sites\/10\/2024\/11\/Dispurse-logo-negro-768x431.png 768w, https:\/\/eshoy.pe\/epa\/wp-content\/uploads\/sites\/10\/2024\/11\/Dispurse-logo-negro-1536x862.png 1536w, https:\/\/eshoy.pe\/epa\/wp-content\/uploads\/sites\/10\/2024\/11\/Dispurse-logo-negro-2048x1149.png 2048w, https:\/\/eshoy.pe\/epa\/wp-content\/uploads\/sites\/10\/2024\/11\/Dispurse-logo-negro-169x95.png 169w\" sizes=\"auto, (max-width: 2416px) 100vw, 2416px\" \/><\/figure>\n<\/div>\n\n<div class=\"wp-block-image\">\n<figure class=\"aligncenter size-full is-resized mb-0\"><img loading=\"lazy\" decoding=\"async\" width=\"586\" height=\"254\" src=\"https:\/\/eshoy.pe\/epa-beta\/wp-content\/uploads\/sites\/10\/2024\/11\/01_vhs-dvv-international.png\" alt=\"\" class=\"wp-image-471\" style=\"aspect-ratio:2.307366039869928;width:238px;height:auto\" srcset=\"https:\/\/eshoy.pe\/epa\/wp-content\/uploads\/sites\/10\/2024\/11\/01_vhs-dvv-international.png 586w, https:\/\/eshoy.pe\/epa\/wp-content\/uploads\/sites\/10\/2024\/11\/01_vhs-dvv-international-200x87.png 200w\" sizes=\"auto, (max-width: 586px) 100vw, 586px\" \/><\/figure>\n<\/div><\/div>\n<\/div>\n\n<\/div>\n\t\t  <\/div>\n\t\t<\/div>\n\t<\/div>\n<\/section><\/div>\n\n\n<hr class=\"wp-block-separator alignfull has-alpha-channel-opacity my-0\"\/>\n\n\n<div class=\"lazyblock-seccion-Z1MTAeq alignfull alignfull  wp-block-lazyblock-seccion\"><section class=\"block_section position-relative py rombo_amarillo bg- text-\">\n    <div class=\"container position-relative\">\n\t\t<div class=\"row\" data-aos=\"fade-up\" data-aos-duration=\"600\">\n\t\t  <div class=\"col-12\">\n\t\t    <div class=\"lazyblock-inner-blocks\">\n\n<h2 class=\"wp-block-heading has-text-align-center h4 mb-5\">Con el <strong>apoyo <\/strong>de:<\/h2>\n\n\n\n<div class=\"row justify-content-center gy-4\">\n<div class=\"col-lg-4 col-xl-3 col-6\">\n<figure class=\"wp-block-image size-full mb-0\"><img loading=\"lazy\" decoding=\"async\" width=\"586\" height=\"254\" src=\"https:\/\/eshoy.pe\/epa-beta\/wp-content\/uploads\/sites\/10\/2024\/11\/02_amcham.png\" alt=\"\" class=\"wp-image-461\" srcset=\"https:\/\/eshoy.pe\/epa\/wp-content\/uploads\/sites\/10\/2024\/11\/02_amcham.png 586w, https:\/\/eshoy.pe\/epa\/wp-content\/uploads\/sites\/10\/2024\/11\/02_amcham-200x87.png 200w\" sizes=\"auto, (max-width: 586px) 100vw, 586px\" \/><\/figure>\n<\/div>\n\n\n\n<div class=\"col-lg-4 col-xl-3 col-6\">\n<figure class=\"wp-block-image size-full mb-0\"><img loading=\"lazy\" decoding=\"async\" width=\"586\" height=\"254\" src=\"https:\/\/eshoy.pe\/epa-beta\/wp-content\/uploads\/sites\/10\/2024\/11\/03_asepri.png\" alt=\"\" class=\"wp-image-462\" srcset=\"https:\/\/eshoy.pe\/epa\/wp-content\/uploads\/sites\/10\/2024\/11\/03_asepri.png 586w, https:\/\/eshoy.pe\/epa\/wp-content\/uploads\/sites\/10\/2024\/11\/03_asepri-200x87.png 200w\" sizes=\"auto, (max-width: 586px) 100vw, 586px\" \/><\/figure>\n<\/div>\n\n\n\n<div class=\"col-lg-4 col-xl-3 col-6\">\n<figure class=\"wp-block-image size-full mb-0\"><img loading=\"lazy\" decoding=\"async\" width=\"586\" height=\"254\" src=\"https:\/\/eshoy.pe\/epa-beta\/wp-content\/uploads\/sites\/10\/2024\/11\/04_asoc-bancos-peru.png\" alt=\"\" class=\"wp-image-463\" srcset=\"https:\/\/eshoy.pe\/epa\/wp-content\/uploads\/sites\/10\/2024\/11\/04_asoc-bancos-peru.png 586w, https:\/\/eshoy.pe\/epa\/wp-content\/uploads\/sites\/10\/2024\/11\/04_asoc-bancos-peru-200x87.png 200w\" sizes=\"auto, (max-width: 586px) 100vw, 586px\" \/><\/figure>\n<\/div>\n\n\n\n<div class=\"col-lg-4 col-xl-3 col-6\">\n<figure class=\"wp-block-image size-full mb-0\"><img loading=\"lazy\" decoding=\"async\" width=\"586\" height=\"254\" src=\"https:\/\/eshoy.pe\/epa\/wp-content\/uploads\/sites\/10\/2024\/11\/logo_ipae.png\" alt=\"\" class=\"wp-image-678\" srcset=\"https:\/\/eshoy.pe\/epa\/wp-content\/uploads\/sites\/10\/2024\/11\/logo_ipae.png 586w, https:\/\/eshoy.pe\/epa\/wp-content\/uploads\/sites\/10\/2024\/11\/logo_ipae-200x87.png 200w\" sizes=\"auto, (max-width: 586px) 100vw, 586px\" \/><\/figure>\n<\/div>\n\n\n\n<div class=\"col-lg-4 col-xl-3 col-6\">\n<figure class=\"wp-block-image size-full mb-0\"><img loading=\"lazy\" decoding=\"async\" width=\"586\" height=\"254\" src=\"https:\/\/eshoy.pe\/epa-beta\/wp-content\/uploads\/sites\/10\/2024\/11\/07_dispurse.png\" alt=\"\" class=\"wp-image-466\" srcset=\"https:\/\/eshoy.pe\/epa\/wp-content\/uploads\/sites\/10\/2024\/11\/07_dispurse.png 586w, https:\/\/eshoy.pe\/epa\/wp-content\/uploads\/sites\/10\/2024\/11\/07_dispurse-200x87.png 200w\" sizes=\"auto, (max-width: 586px) 100vw, 586px\" \/><\/figure>\n<\/div>\n\n\n\n<div class=\"col-lg-4 col-xl-3 col-6\">\n<figure class=\"wp-block-image size-full mb-0\"><img loading=\"lazy\" decoding=\"async\" width=\"586\" height=\"254\" src=\"https:\/\/eshoy.pe\/epa-beta\/wp-content\/uploads\/sites\/10\/2024\/11\/06_alfalit-peru.png\" alt=\"\" class=\"wp-image-465\" srcset=\"https:\/\/eshoy.pe\/epa\/wp-content\/uploads\/sites\/10\/2024\/11\/06_alfalit-peru.png 586w, https:\/\/eshoy.pe\/epa\/wp-content\/uploads\/sites\/10\/2024\/11\/06_alfalit-peru-200x87.png 200w\" sizes=\"auto, (max-width: 586px) 100vw, 586px\" \/><\/figure>\n<\/div>\n<\/div>\n\n<\/div>\n\t\t  <\/div>\n\t\t<\/div>\n\t<\/div>\n<\/section><\/div>","protected":false},"excerpt":{"rendered":"","protected":false},"author":1,"featured_media":0,"parent":0,"menu_order":0,"comment_status":"closed","ping_status":"closed","template":"page-template-epa-recursos.php","meta":{"footnotes":""},"class_list":["post-247","page","type-page","status-publish","hentry"],"acf":[],"_links":{"self":[{"href":"https:\/\/eshoy.pe\/epa\/wp-json\/wp\/v2\/pages\/247","targetHints":{"allow":["GET"]}}],"collection":[{"href":"https:\/\/eshoy.pe\/epa\/wp-json\/wp\/v2\/pages"}],"about":[{"href":"https:\/\/eshoy.pe\/epa\/wp-json\/wp\/v2\/types\/page"}],"author":[{"embeddable":true,"href":"https:\/\/eshoy.pe\/epa\/wp-json\/wp\/v2\/users\/1"}],"replies":[{"embeddable":true,"href":"https:\/\/eshoy.pe\/epa\/wp-json\/wp\/v2\/comments?post=247"}],"version-history":[{"count":9,"href":"https:\/\/eshoy.pe\/epa\/wp-json\/wp\/v2\/pages\/247\/revisions"}],"predecessor-version":[{"id":901,"href":"https:\/\/eshoy.pe\/epa\/wp-json\/wp\/v2\/pages\/247\/revisions\/901"}],"wp:attachment":[{"href":"https:\/\/eshoy.pe\/epa\/wp-json\/wp\/v2\/media?parent=247"}],"curies":[{"name":"wp","href":"https:\/\/api.w.org\/{rel}","templated":true}]}}