{"id":320,"date":"2024-11-20T17:59:43","date_gmt":"2024-11-20T22:59:43","guid":{"rendered":"https:\/\/eshoy.pe\/epa-beta\/?page_id=320"},"modified":"2025-05-14T12:15:36","modified_gmt":"2025-05-14T17:15:36","slug":"paso-6-reconocimiento-y-nueva-convocatoria","status":"publish","type":"page","link":"https:\/\/eshoy.pe\/epa\/paso-6-reconocimiento-y-nueva-convocatoria\/","title":{"rendered":"Paso 6: Reconocimiento y nueva convocatoria"},"content":{"rendered":"<div class=\"lazyblock-seccion-ZrUyCT alignfull alignfull  wp-block-lazyblock-seccion\"><section class=\"block_section position-relative py-5 header_recursos bg-amarillo text-black\">\n    <div class=\"container position-relative\">\n\t\t<div class=\"row\" data-aos=\"fade-up\" data-aos-duration=\"600\">\n\t\t  <div class=\"col-12\">\n\t\t    <div class=\"lazyblock-inner-blocks\">\n\n<div class=\"row align-items-start gx-1 py-lg-4\">\n<div class=\"col col-auto pt-3\">\n<figure class=\"wp-block-image size-large col-auto me-3 mb-0\"><img decoding=\"async\" src=\"https:\/\/eshoy.pe\/compromisomype\/wp-content\/uploads\/sites\/6\/2024\/04\/graf_arrow-next.svg\" alt=\"\" class=\"wp-image-913\" \/><\/figure>\n<\/div>\n\n\n\n<div class=\"col-xl-7 col\">\n<h2 class=\"wp-block-heading font-family-faktumsemibold mb-0\"><span class=\"text-uppercase\">Paso 6:<\/span><\/h2>\n\n\n\n<h3 class=\"wp-block-heading\">Reconocimiento y nueva convocatoria<\/h3>\n<\/div>\n<\/div>\n\n<\/div>\n\t\t  <\/div>\n\t\t<\/div>\n\t<\/div>\n<\/section><\/div>\n\n<div class=\"lazyblock-seccion-ZVxT8D alignfull alignfull  wp-block-lazyblock-seccion\"><section class=\"block_section position-relative py bg-verde text-white\">\n    <div class=\"container position-relative\">\n\t\t<div class=\"row\" data-aos=\"fade-up\" data-aos-duration=\"600\">\n\t\t  <div class=\"col-12\">\n\t\t    <div class=\"lazyblock-inner-blocks\">\n\n<div class=\"row justify-content-center\">\n<div class=\"col-xl-10\">\n<figure class=\"wp-block-embed is-type-video is-provider-youtube wp-block-embed-youtube wp-embed-aspect-16-9 wp-has-aspect-ratio rounded overflow-hidden mb-0\"><div class=\"wp-block-embed__wrapper\">\n<iframe loading=\"lazy\" title=\"\u00a1EPA! | Paso 6: Reconocimiento y nueva convocatoria\" width=\"1446\" height=\"813\" src=\"https:\/\/www.youtube.com\/embed\/3EaHtkzCNxs?feature=oembed\" frameborder=\"0\" allow=\"accelerometer; autoplay; clipboard-write; encrypted-media; gyroscope; picture-in-picture; web-share\" referrerpolicy=\"strict-origin-when-cross-origin\" allowfullscreen><\/iframe>\n<\/div><\/figure>\n<\/div>\n<\/div>\n\n<\/div>\n\t\t  <\/div>\n\t\t<\/div>\n\t<\/div>\n<\/section><\/div>\n\n<div class=\"lazyblock-seccion-1N6zU1 alignfull alignfull  wp-block-lazyblock-seccion\"><section class=\"block_section position-relative py font-family-faktum bg-light text-\">\n    <div class=\"container position-relative\">\n\t\t<div class=\"row\" data-aos=\"fade-up\" data-aos-duration=\"600\">\n\t\t  <div class=\"col-12\">\n\t\t    <div class=\"lazyblock-inner-blocks\">\n\n<p><strong>Reconocimiento y nueva convocatoria<\/strong><\/p>\n\n\n\n<p>Celebrar a los estudiantes que finalizan su educaci\u00f3n b\u00e1sica es una forma valiosa de reconocer su esfuerzo. A trav\u00e9s de ceremonias y diplomas, les brindamos un reconocimiento que refuerza su autoestima y confianza, inspir\u00e1ndolos a seguir creciendo.<\/p>\n\n\n\n<p>Ahora, \u00a1el crecimiento contin\u00faa! Invitamos a los colaboradores, familiares de colaboradores y proveedores que no han completado su educaci\u00f3n, ampliando el impacto de nuestra iniciativa. Compartir nuestros logros puede motivar a otras empresas a adoptar la metodolog\u00eda de \u00a1EPA!. Cada convocatoria nos acerca a cerrar la brecha educativa en nuestro pa\u00eds. Te animamos a apoyar esta noble causa y ser parte del cambio.<\/p>\n\n\n\n<p><strong>\u00a1Juntos, podemos hacer la diferencia!<\/strong><\/p>\n\n\n\n<p>Recuerda que para utilizar el recurso que tenemos para ti debes descargarlo en tu computadora o equipo.<\/p>\n\n\n\n<div class=\"row justify-content-center my-5 gy-4\">\n<div class=\"col-lg-6 col-xl-3\"><div class=\"lazyblock-recurso-card-Z2bDkUv wp-block-lazyblock-recurso-card\"><article class=\"card_recurso d-flex flex-column h-100 rounded position-relative px-3 px-sm-4 py-4 py-sm-5\">\n    <figure class=\"card_image text-center\">\n    <img loading=\"lazy\" decoding=\"async\" width=\"120\" height=\"120\" src=\"https:\/\/eshoy.pe\/epa\/wp-content\/uploads\/sites\/10\/2024\/11\/icon_pdf2.svg\" class=\"img-fluid\" alt=\"\" \/>  <\/figure>\n    <div class=\"card_content col d-flex flex-column text-center\">\n    <div class=\"col mb-4 font-family-faktum\">\n      Consejos para celebrar    <\/div>\n    <div>\n      <a href=\"https:\/\/drive.google.com\/file\/d\/1VjbmTKTVMGNtgzQipSHfwRS-AxLwl149\/view?usp=drive_link\" target=\"_blank\" class=\"d-inline-flex align-items-center stretched-link font-family-faktumsemibold\">\n        <svg xmlns=\"http:\/\/www.w3.org\/2000\/svg\" width=\"16\" height=\"16\" fill=\"currentColor\" stroke=\"currentColor\" stroke-width=\".5\" viewBox=\"0 0 16 16\">\n          <path fill-rule=\"evenodd\" d=\"M8.636 3.5a.5.5 0 0 0-.5-.5H1.5A1.5 1.5 0 0 0 0 4.5v10A1.5 1.5 0 0 0 1.5 16h10a1.5 1.5 0 0 0 1.5-1.5V7.864a.5.5 0 0 0-1 0V14.5a.5.5 0 0 1-.5.5h-10a.5.5 0 0 1-.5-.5v-10a.5.5 0 0 1 .5-.5h6.636a.5.5 0 0 0 .5-.5\"\/>\n          <path fill-rule=\"evenodd\" d=\"M16 .5a.5.5 0 0 0-.5-.5h-5a.5.5 0 0 0 0 1h3.793L6.146 9.146a.5.5 0 1 0 .708.708L15 1.707V5.5a.5.5 0 0 0 1 0z\"\/>\n        <\/svg>\n        <small class=\"ms-2\">Ver recurso<\/small>\n      <\/a>\n    <\/div>\n  <\/div>\n<\/article><\/div><\/div>\n<\/div>\n\n\n\n<p><\/p>\n\n\n\n<div class=\"row justify-content-center\">\n<div class=\"col-lg-4 col-xl-2\">\n<div class=\"wp-block-buttons is-layout-flex wp-block-buttons-is-layout-flex\">\n<div class=\"wp-block-button has-custom-width wp-block-button__width-100 is-style-fill\"><a class=\"wp-block-button__link has-white-color has-verde-background-color has-text-color has-background has-link-color wp-element-button\" href=\"https:\/\/eshoy.pe\/epa\/recursos\/\">Volver al inicio<\/a><\/div>\n<\/div>\n<\/div>\n<\/div>\n\n<\/div>\n\t\t  <\/div>\n\t\t<\/div>\n\t<\/div>\n<\/section><\/div>\n\n<div class=\"lazyblock-seccion-ZKHWgV alignfull alignfull  wp-block-lazyblock-seccion\"><section class=\"block_section position-relative py bg_bottom_dots bg- text-\">\n    <div class=\"container position-relative\">\n\t\t<div class=\"row\" data-aos=\"fade-up\" data-aos-duration=\"600\">\n\t\t  <div class=\"col-12\">\n\t\t    <div class=\"lazyblock-inner-blocks\">\n\n<h2 class=\"wp-block-heading has-text-align-center h4 mb-5\">Nuestros <strong>aliados<\/strong><\/h2>\n\n\n\n<div class=\"row justify-content-center gy-4\">\n<div class=\"col-lg-4 col-xl-3 col-6\"><div class=\"wp-block-image\">\n<figure class=\"aligncenter size-full mb-0\"><img loading=\"lazy\" decoding=\"async\" width=\"586\" height=\"254\" src=\"https:\/\/eshoy.pe\/epa-beta\/wp-content\/uploads\/sites\/10\/2024\/11\/02_ministerio-educacion.png\" alt=\"\" class=\"wp-image-472\" srcset=\"https:\/\/eshoy.pe\/epa\/wp-content\/uploads\/sites\/10\/2024\/11\/02_ministerio-educacion.png 586w, https:\/\/eshoy.pe\/epa\/wp-content\/uploads\/sites\/10\/2024\/11\/02_ministerio-educacion-200x87.png 200w\" sizes=\"auto, (max-width: 586px) 100vw, 586px\" \/><\/figure>\n<\/div>\n\n<div class=\"wp-block-image\">\n<figure class=\"aligncenter size-full is-resized mb-0\"><img loading=\"lazy\" decoding=\"async\" width=\"1080\" height=\"429\" src=\"https:\/\/eshoy.pe\/epa\/wp-content\/uploads\/sites\/10\/2024\/11\/kaphan-logo-3.png\" alt=\"\" class=\"wp-image-962\" style=\"aspect-ratio:2.517741437827831;width:224px;height:auto\" srcset=\"https:\/\/eshoy.pe\/epa\/wp-content\/uploads\/sites\/10\/2024\/11\/kaphan-logo-3.png 1080w, https:\/\/eshoy.pe\/epa\/wp-content\/uploads\/sites\/10\/2024\/11\/kaphan-logo-3-980x389.png 980w, https:\/\/eshoy.pe\/epa\/wp-content\/uploads\/sites\/10\/2024\/11\/kaphan-logo-3-768x305.png 768w, https:\/\/eshoy.pe\/epa\/wp-content\/uploads\/sites\/10\/2024\/11\/kaphan-logo-3-200x79.png 200w\" sizes=\"auto, (max-width: 1080px) 100vw, 1080px\" \/><\/figure>\n<\/div><\/div>\n\n\n\n<div class=\"col-lg-4 col-xl-3 col-6\"><div class=\"wp-block-image\">\n<figure class=\"aligncenter size-full is-resized mb-0\"><img loading=\"lazy\" decoding=\"async\" width=\"2416\" height=\"1356\" src=\"https:\/\/eshoy.pe\/epa\/wp-content\/uploads\/sites\/10\/2024\/11\/Dispurse-logo-negro.png\" alt=\"\" class=\"wp-image-961\" style=\"aspect-ratio:1.781853914182771;width:210px;height:auto\" srcset=\"https:\/\/eshoy.pe\/epa\/wp-content\/uploads\/sites\/10\/2024\/11\/Dispurse-logo-negro.png 2416w, https:\/\/eshoy.pe\/epa\/wp-content\/uploads\/sites\/10\/2024\/11\/Dispurse-logo-negro-980x550.png 980w, https:\/\/eshoy.pe\/epa\/wp-content\/uploads\/sites\/10\/2024\/11\/Dispurse-logo-negro-1920x1078.png 1920w, https:\/\/eshoy.pe\/epa\/wp-content\/uploads\/sites\/10\/2024\/11\/Dispurse-logo-negro-768x431.png 768w, https:\/\/eshoy.pe\/epa\/wp-content\/uploads\/sites\/10\/2024\/11\/Dispurse-logo-negro-1536x862.png 1536w, https:\/\/eshoy.pe\/epa\/wp-content\/uploads\/sites\/10\/2024\/11\/Dispurse-logo-negro-2048x1149.png 2048w, https:\/\/eshoy.pe\/epa\/wp-content\/uploads\/sites\/10\/2024\/11\/Dispurse-logo-negro-169x95.png 169w\" sizes=\"auto, (max-width: 2416px) 100vw, 2416px\" \/><\/figure>\n<\/div>\n\n<div class=\"wp-block-image\">\n<figure class=\"aligncenter size-full is-resized mb-0\"><img loading=\"lazy\" decoding=\"async\" width=\"586\" height=\"254\" src=\"https:\/\/eshoy.pe\/epa-beta\/wp-content\/uploads\/sites\/10\/2024\/11\/01_vhs-dvv-international.png\" alt=\"\" class=\"wp-image-471\" style=\"aspect-ratio:2.307366039869928;width:238px;height:auto\" srcset=\"https:\/\/eshoy.pe\/epa\/wp-content\/uploads\/sites\/10\/2024\/11\/01_vhs-dvv-international.png 586w, https:\/\/eshoy.pe\/epa\/wp-content\/uploads\/sites\/10\/2024\/11\/01_vhs-dvv-international-200x87.png 200w\" sizes=\"auto, (max-width: 586px) 100vw, 586px\" \/><\/figure>\n<\/div><\/div>\n<\/div>\n\n<\/div>\n\t\t  <\/div>\n\t\t<\/div>\n\t<\/div>\n<\/section><\/div>\n\n\n<hr class=\"wp-block-separator alignfull has-alpha-channel-opacity my-0\"\/>\n\n\n<div class=\"lazyblock-seccion-Z1MTAeq alignfull alignfull  wp-block-lazyblock-seccion\"><section class=\"block_section position-relative py rombo_amarillo bg- text-\">\n    <div class=\"container position-relative\">\n\t\t<div class=\"row\" data-aos=\"fade-up\" data-aos-duration=\"600\">\n\t\t  <div class=\"col-12\">\n\t\t    <div class=\"lazyblock-inner-blocks\">\n\n<h2 class=\"wp-block-heading has-text-align-center h4 mb-5\">Con el <strong>apoyo <\/strong>de:<\/h2>\n\n\n\n<div class=\"row justify-content-center gy-4\">\n<div class=\"col-lg-4 col-xl-3 col-6\">\n<figure class=\"wp-block-image size-full mb-0\"><img loading=\"lazy\" decoding=\"async\" width=\"586\" height=\"254\" src=\"https:\/\/eshoy.pe\/epa-beta\/wp-content\/uploads\/sites\/10\/2024\/11\/02_amcham.png\" alt=\"\" class=\"wp-image-461\" srcset=\"https:\/\/eshoy.pe\/epa\/wp-content\/uploads\/sites\/10\/2024\/11\/02_amcham.png 586w, https:\/\/eshoy.pe\/epa\/wp-content\/uploads\/sites\/10\/2024\/11\/02_amcham-200x87.png 200w\" sizes=\"auto, (max-width: 586px) 100vw, 586px\" \/><\/figure>\n<\/div>\n\n\n\n<div class=\"col-lg-4 col-xl-3 col-6\">\n<figure class=\"wp-block-image size-full mb-0\"><img loading=\"lazy\" decoding=\"async\" width=\"586\" height=\"254\" src=\"https:\/\/eshoy.pe\/epa-beta\/wp-content\/uploads\/sites\/10\/2024\/11\/03_asepri.png\" alt=\"\" class=\"wp-image-462\" srcset=\"https:\/\/eshoy.pe\/epa\/wp-content\/uploads\/sites\/10\/2024\/11\/03_asepri.png 586w, https:\/\/eshoy.pe\/epa\/wp-content\/uploads\/sites\/10\/2024\/11\/03_asepri-200x87.png 200w\" sizes=\"auto, (max-width: 586px) 100vw, 586px\" \/><\/figure>\n<\/div>\n\n\n\n<div class=\"col-lg-4 col-xl-3 col-6\">\n<figure class=\"wp-block-image size-full mb-0\"><img loading=\"lazy\" decoding=\"async\" width=\"586\" height=\"254\" src=\"https:\/\/eshoy.pe\/epa-beta\/wp-content\/uploads\/sites\/10\/2024\/11\/04_asoc-bancos-peru.png\" alt=\"\" class=\"wp-image-463\" srcset=\"https:\/\/eshoy.pe\/epa\/wp-content\/uploads\/sites\/10\/2024\/11\/04_asoc-bancos-peru.png 586w, https:\/\/eshoy.pe\/epa\/wp-content\/uploads\/sites\/10\/2024\/11\/04_asoc-bancos-peru-200x87.png 200w\" sizes=\"auto, (max-width: 586px) 100vw, 586px\" \/><\/figure>\n<\/div>\n\n\n\n<div class=\"col-lg-4 col-xl-3 col-6\">\n<figure class=\"wp-block-image size-full mb-0\"><img loading=\"lazy\" decoding=\"async\" width=\"586\" height=\"254\" src=\"https:\/\/eshoy.pe\/epa\/wp-content\/uploads\/sites\/10\/2024\/11\/logo_ipae.png\" alt=\"\" class=\"wp-image-678\" srcset=\"https:\/\/eshoy.pe\/epa\/wp-content\/uploads\/sites\/10\/2024\/11\/logo_ipae.png 586w, https:\/\/eshoy.pe\/epa\/wp-content\/uploads\/sites\/10\/2024\/11\/logo_ipae-200x87.png 200w\" sizes=\"auto, (max-width: 586px) 100vw, 586px\" \/><\/figure>\n<\/div>\n\n\n\n<div class=\"col-lg-4 col-xl-3 col-6\">\n<figure class=\"wp-block-image size-full mb-0\"><img loading=\"lazy\" decoding=\"async\" width=\"586\" height=\"254\" src=\"https:\/\/eshoy.pe\/epa-beta\/wp-content\/uploads\/sites\/10\/2024\/11\/07_dispurse.png\" alt=\"\" class=\"wp-image-466\" srcset=\"https:\/\/eshoy.pe\/epa\/wp-content\/uploads\/sites\/10\/2024\/11\/07_dispurse.png 586w, https:\/\/eshoy.pe\/epa\/wp-content\/uploads\/sites\/10\/2024\/11\/07_dispurse-200x87.png 200w\" sizes=\"auto, (max-width: 586px) 100vw, 586px\" \/><\/figure>\n<\/div>\n\n\n\n<div class=\"col-lg-4 col-xl-3 col-6\">\n<figure class=\"wp-block-image size-full mb-0\"><img loading=\"lazy\" decoding=\"async\" width=\"586\" height=\"254\" src=\"https:\/\/eshoy.pe\/epa-beta\/wp-content\/uploads\/sites\/10\/2024\/11\/06_alfalit-peru.png\" alt=\"\" class=\"wp-image-465\" srcset=\"https:\/\/eshoy.pe\/epa\/wp-content\/uploads\/sites\/10\/2024\/11\/06_alfalit-peru.png 586w, https:\/\/eshoy.pe\/epa\/wp-content\/uploads\/sites\/10\/2024\/11\/06_alfalit-peru-200x87.png 200w\" sizes=\"auto, (max-width: 586px) 100vw, 586px\" \/><\/figure>\n<\/div>\n<\/div>\n\n<\/div>\n\t\t  <\/div>\n\t\t<\/div>\n\t<\/div>\n<\/section><\/div>","protected":false},"excerpt":{"rendered":"","protected":false},"author":1,"featured_media":0,"parent":0,"menu_order":0,"comment_status":"closed","ping_status":"closed","template":"page-template-epa-recursos.php","meta":{"footnotes":""},"class_list":["post-320","page","type-page","status-publish","hentry"],"acf":[],"_links":{"self":[{"href":"https:\/\/eshoy.pe\/epa\/wp-json\/wp\/v2\/pages\/320","targetHints":{"allow":["GET"]}}],"collection":[{"href":"https:\/\/eshoy.pe\/epa\/wp-json\/wp\/v2\/pages"}],"about":[{"href":"https:\/\/eshoy.pe\/epa\/wp-json\/wp\/v2\/types\/page"}],"author":[{"embeddable":true,"href":"https:\/\/eshoy.pe\/epa\/wp-json\/wp\/v2\/users\/1"}],"replies":[{"embeddable":true,"href":"https:\/\/eshoy.pe\/epa\/wp-json\/wp\/v2\/comments?post=320"}],"version-history":[{"count":10,"href":"https:\/\/eshoy.pe\/epa\/wp-json\/wp\/v2\/pages\/320\/revisions"}],"predecessor-version":[{"id":800,"href":"https:\/\/eshoy.pe\/epa\/wp-json\/wp\/v2\/pages\/320\/revisions\/800"}],"wp:attachment":[{"href":"https:\/\/eshoy.pe\/epa\/wp-json\/wp\/v2\/media?parent=320"}],"curies":[{"name":"wp","href":"https:\/\/api.w.org\/{rel}","templated":true}]}}