{"id":175,"date":"2023-10-05T16:07:18","date_gmt":"2023-10-05T21:07:18","guid":{"rendered":"https:\/\/eshoy.pe\/talentodigital\/?page_id=175"},"modified":"2024-06-04T17:00:18","modified_gmt":"2024-06-04T22:00:18","slug":"talento-digital-2023","status":"publish","type":"page","link":"https:\/\/eshoy.pe\/estudiotalentodigital\/","title":{"rendered":"Talento Digital 2023"},"content":{"rendered":"<div class=\"lazyblock-seccion-imagen-derecha-e4RE3 alignfull alignfull pageContent wp-block-lazyblock-seccion-imagen-derecha\"><section class=\"position-relative bg-white text-black sider_section pageContent d-flex flex-wrap align-items-center rtl\">\n  <div class=\"container\">\n\t\t<div class=\"row\">\n\t\t\t<div class=\"col-12 col-xl-6 order-xl-2 offset-xl-1 ps-xl-0\">\n\t\t\t\t<figure class=\"mb-0 sider_image position-relative\">\n\t\t\t\t  <img decoding=\"async\" width=\"1080\" height=\"1080\" src=\"https:\/\/eshoy.pe\/estudiotalentodigital\/wp-content\/uploads\/sites\/3\/2023\/10\/talento-digital_banner2.jpg\" class=\"img-fit\" alt=\"\" loading=\"lazy\" srcset=\"https:\/\/eshoy.pe\/estudiotalentodigital\/wp-content\/uploads\/sites\/3\/2023\/10\/talento-digital_banner2.jpg 1080w, https:\/\/eshoy.pe\/estudiotalentodigital\/wp-content\/uploads\/sites\/3\/2023\/10\/talento-digital_banner2-960x960.jpg 960w, https:\/\/eshoy.pe\/estudiotalentodigital\/wp-content\/uploads\/sites\/3\/2023\/10\/talento-digital_banner2-200x200.jpg 200w, https:\/\/eshoy.pe\/estudiotalentodigital\/wp-content\/uploads\/sites\/3\/2023\/10\/talento-digital_banner2-768x768.jpg 768w, https:\/\/eshoy.pe\/estudiotalentodigital\/wp-content\/uploads\/sites\/3\/2023\/10\/talento-digital_banner2-540x540.jpg 540w, https:\/\/eshoy.pe\/estudiotalentodigital\/wp-content\/uploads\/sites\/3\/2023\/10\/talento-digital_banner2-220x220.jpg 220w, https:\/\/eshoy.pe\/estudiotalentodigital\/wp-content\/uploads\/sites\/3\/2023\/10\/talento-digital_banner2-95x95.jpg 95w\" sizes=\"auto, (max-width: 1080px) 100vw, 1080px\" \/>\t\t\t\t<\/figure>\n\t\t\t<\/div>\n\t\t\t<div class=\"col-12 col-xl-5 order-xl-1 position-relative d-flex flex-wrap align-items-center sider_content_wrapper\">\n\t\t\t\t<div class=\"sider_content py\" data-aos=\"fade-up\" data-aos-duration=\"800\">\n\t\t\t\t  <div class=\"lazyblock-inner-blocks\">\n\n<h4 class=\"wp-block-heading\">Esta segunda edici\u00f3n del estudio nos permite conocer el avance en el proceso de transformaci\u00f3n digital <strong>entre una muestra m\u00e1s amplia de empresas din\u00e1micas del pa\u00eds<\/strong>, nos da informaci\u00f3n clave sobre la demanda de talento digital en el Per\u00fa<mark style=\"background-color:rgba(0, 0, 0, 0)\" class=\"has-inline-color has-azul-color\">y ensaya opciones de pol\u00edtica p\u00fablica para fortalecer las capacidades de la<\/mark><br><mark style=\"background-color:rgba(0, 0, 0, 0)\" class=\"has-inline-color has-azul-color\">fuerza laboral de nuestro pa\u00eds.<\/mark><\/h4>\n\n\n\n<div class=\"wp-block-buttons mt-4 is-vertical is-layout-flex wp-container-core-buttons-is-layout-8cf370e7 wp-block-buttons-is-layout-flex\">\n<div class=\"wp-block-button\"><a class=\"wp-block-button__link has-black-color has-esmeralda-background-color has-text-color has-background wp-element-button\" href=\"https:\/\/eshoy.pe\/estudiotalentodigital\/wp-content\/uploads\/sites\/3\/2023\/10\/Resumen-ejecutivo-Estudio-Talento-Digital-Peru-2023.pdf\" target=\"_blank\" rel=\"noreferrer noopener\">Descargar resumen ejecutivo<\/a><\/div>\n\n\n\n<div class=\"wp-block-button\"><a class=\"wp-block-button__link has-white-color has-azul-background-color has-text-color has-background wp-element-button\" href=\"https:\/\/eshoy.pe\/estudiotalentodigital\/wp-content\/uploads\/sites\/3\/2023\/10\/Estudio-Talento-Digital-Peru-2023.pdf\" target=\"_blank\" rel=\"noreferrer noopener\">Descargar informe completo<\/a><\/div>\n<\/div>\n\n<\/div>\n\t\t\t\t<\/div>\n\t\t\t<\/div>\n\t\t<\/div>\n\t<\/div>\n<\/section><\/div>\n\n<div class=\"lazyblock-seccion-Z1qc3uT alignfull alignfull  wp-block-lazyblock-seccion\" id=\"contexto\"><section class=\"position-relative py bg-azul text-white\">\n  <div class=\"container\">\n\t\t<div class=\"row\">\n\t\t  <div class=\"col-12\">\n\t\t    <div class=\"lazyblock-inner-blocks\">\n\n<h4 class=\"wp-block-heading has-azul-color has-text-color\"><strong><mark style=\"background-color:#C5FF00\" class=\"has-inline-color has-azul-color\">Contexto<\/mark><\/strong><\/h4>\n\n\n\n<div class=\"wp-block-columns is-layout-flex wp-container-core-columns-is-layout-9d6595d7 wp-block-columns-is-layout-flex\">\n<div class=\"wp-block-column is-layout-flow wp-block-column-is-layout-flow\" style=\"flex-basis:100%\">\n<h2 class=\"wp-block-heading has-white-color has-text-color\"><span class=\"envuelto\">Entre la escase<\/span>z de <strong>informaci\u00f3n<\/strong> <br>y de <strong>talento digital<\/strong><\/h2>\n\n\n\n<h5 class=\"wp-block-heading\">La informaci\u00f3n sobre la transformaci\u00f3n digital y la demanda de talento digital en el mercado peruano, es a\u00fan escasa. Se hace necesario generar evidencia que permita tomar decisiones para impulsar una fuerza laboral que cuente con las herramientas necesarias para aprovechar las ventajas del mundo tecnol\u00f3gico.<\/h5>\n<\/div>\n<\/div>\n\n\n\n<div class=\"row align-items-lg-start mt-4 mt-sm-5 gy-5\">\n<div class=\"col-lg-6 pe-xl-5\">\n<p><strong>Las habilidades digitales, sean b\u00e1sicas o avanzadas, son clave para<\/strong> <strong>insertarse en el actual mercado laboral. Sin embargo, para impulsarlas, resulta igual de clave la evidencia sobre la demanda de talento digital.<\/strong><\/p>\n\n\n\n<p>Las limitaciones de cobertura, pertinencia y calidad de los sistemas<br>educativos y de formaci\u00f3n para el trabajo en Am\u00e9rica Latina y el Caribe imponen retos para la adquisici\u00f3n de habilidades digitales, y podr\u00eda agravar la ya existente brecha de habilidades que experimentan una proporci\u00f3n considerable de empresas en la regi\u00f3n.<br><br>Este estudio busca resolver el vac\u00edo de informaci\u00f3n existente para el caso peruano, y apunta a ser una herramienta \u00fatil para la toma de decisi\u00f3n de los sectores p\u00fablico y privado.<\/p>\n<\/div>\n\n\n\n<div class=\"col-lg-6\">\n<figure class=\"wp-block-image size-large\"><img loading=\"lazy\" decoding=\"async\" width=\"1446\" height=\"965\" src=\"https:\/\/eshoy.pe\/talentodigital\/wp-content\/uploads\/sites\/3\/2023\/10\/pexels-canva-studio-3194523-1446x965.jpeg\" alt=\"\" class=\"wp-image-207\" srcset=\"https:\/\/eshoy.pe\/estudiotalentodigital\/wp-content\/uploads\/sites\/3\/2023\/10\/pexels-canva-studio-3194523-1446x965.jpeg 1446w, https:\/\/eshoy.pe\/estudiotalentodigital\/wp-content\/uploads\/sites\/3\/2023\/10\/pexels-canva-studio-3194523-960x641.jpeg 960w, https:\/\/eshoy.pe\/estudiotalentodigital\/wp-content\/uploads\/sites\/3\/2023\/10\/pexels-canva-studio-3194523-768x512.jpeg 768w, https:\/\/eshoy.pe\/estudiotalentodigital\/wp-content\/uploads\/sites\/3\/2023\/10\/pexels-canva-studio-3194523-1536x1025.jpeg 1536w, https:\/\/eshoy.pe\/estudiotalentodigital\/wp-content\/uploads\/sites\/3\/2023\/10\/pexels-canva-studio-3194523-142x95.jpeg 142w, https:\/\/eshoy.pe\/estudiotalentodigital\/wp-content\/uploads\/sites\/3\/2023\/10\/pexels-canva-studio-3194523.jpeg 1920w\" sizes=\"auto, (max-width: 1446px) 100vw, 1446px\" \/><\/figure>\n<\/div>\n<\/div>\n\n<\/div>\n\t\t  <\/div>\n\t\t<\/div>\n\t<\/div>\n<\/section><\/div>\n\n\n<div class=\"wp-block-cover alignfull py mh-100 has-white-color has-text-color\" id=\"estudio\"><span aria-hidden=\"true\" class=\"wp-block-cover__background has-azul-background-color has-background-dim-40 has-background-dim\"><\/span><img loading=\"lazy\" decoding=\"async\" width=\"2400\" height=\"1600\" class=\"wp-block-cover__image-background wp-image-210\" alt=\"\" src=\"https:\/\/eshoy.pe\/talentodigital\/wp-content\/uploads\/sites\/3\/2023\/10\/markus-spiske-hvSr_CVecVI-unsplash.jpeg\" data-object-fit=\"cover\" srcset=\"https:\/\/eshoy.pe\/estudiotalentodigital\/wp-content\/uploads\/sites\/3\/2023\/10\/markus-spiske-hvSr_CVecVI-unsplash.jpeg 2400w, https:\/\/eshoy.pe\/estudiotalentodigital\/wp-content\/uploads\/sites\/3\/2023\/10\/markus-spiske-hvSr_CVecVI-unsplash-960x640.jpeg 960w, https:\/\/eshoy.pe\/estudiotalentodigital\/wp-content\/uploads\/sites\/3\/2023\/10\/markus-spiske-hvSr_CVecVI-unsplash-1446x964.jpeg 1446w, https:\/\/eshoy.pe\/estudiotalentodigital\/wp-content\/uploads\/sites\/3\/2023\/10\/markus-spiske-hvSr_CVecVI-unsplash-768x512.jpeg 768w, https:\/\/eshoy.pe\/estudiotalentodigital\/wp-content\/uploads\/sites\/3\/2023\/10\/markus-spiske-hvSr_CVecVI-unsplash-1536x1024.jpeg 1536w, https:\/\/eshoy.pe\/estudiotalentodigital\/wp-content\/uploads\/sites\/3\/2023\/10\/markus-spiske-hvSr_CVecVI-unsplash-2048x1365.jpeg 2048w, https:\/\/eshoy.pe\/estudiotalentodigital\/wp-content\/uploads\/sites\/3\/2023\/10\/markus-spiske-hvSr_CVecVI-unsplash-143x95.jpeg 143w\" sizes=\"auto, (max-width: 2400px) 100vw, 2400px\" \/><div class=\"wp-block-cover__inner-container container is-layout-flow wp-block-cover-is-layout-flow\">\n<div class=\"row justify-content-lg-center\">\n<div class=\"col-lg-10\">\n<h2 class=\"wp-block-heading has-white-color has-text-color mb-4 mb-sm-5\"><span class=\"envuelto\">El <strong>Estudio<\/strong><\/span>: 2da edici\u00f3n<\/h2>\n\n\n\n<p>El BID, junto con MIDE Development, ha dise\u00f1ado la encuesta de Talento Digital, que tiene por objetivo principal identificar la demanda ocupacional y de habilidades digitales avanzadas en el pa\u00eds. En Per\u00fa,<strong> la encuesta se ha implementado por segundo a\u00f1o consecutivo en colaboraci\u00f3n con el movimiento empresarial Es Hoy<\/strong> y, en esta edici\u00f3n, se ha sumado el Ministerio de Trabajo y Promoci\u00f3n del Empleo (MTPE).<br><br>La encuesta fue aplicada entre el 9 de mayo de 2023 y el 10 de julio de 2023 a un total de 106 empresas, que forman parte del ranking de las 500 mayores empresas del pa\u00eds en 2021 de Am\u00e9rica Econom\u00eda y\/o que son dirigidas por asociados de Es Hoy.<\/p>\n\n\n\n<div class=\"wp-block-buttons mt-4 mt-sm-5 is-content-justification-right is-layout-flex wp-container-core-buttons-is-layout-765c4724 wp-block-buttons-is-layout-flex\">\n<div class=\"wp-block-button is-style-outline is-style-outline--1\"><a class=\"wp-block-button__link wp-element-button\" href=\"https:\/\/eshoy.pe\/estudiotalentodigital\/edicion2022\/\">Conoce la 1ra edici\u00f3n del Estudio Talento Digital<\/a><\/div>\n<\/div>\n<\/div>\n<\/div>\n<\/div><\/div>\n","protected":false},"excerpt":{"rendered":"","protected":false},"author":1,"featured_media":0,"parent":0,"menu_order":0,"comment_status":"closed","ping_status":"closed","template":"page-template-home-talentodigital.php","meta":{"footnotes":""},"class_list":["post-175","page","type-page","status-publish","hentry"],"acf":[],"_links":{"self":[{"href":"https:\/\/eshoy.pe\/estudiotalentodigital\/wp-json\/wp\/v2\/pages\/175","targetHints":{"allow":["GET"]}}],"collection":[{"href":"https:\/\/eshoy.pe\/estudiotalentodigital\/wp-json\/wp\/v2\/pages"}],"about":[{"href":"https:\/\/eshoy.pe\/estudiotalentodigital\/wp-json\/wp\/v2\/types\/page"}],"author":[{"embeddable":true,"href":"https:\/\/eshoy.pe\/estudiotalentodigital\/wp-json\/wp\/v2\/users\/1"}],"replies":[{"embeddable":true,"href":"https:\/\/eshoy.pe\/estudiotalentodigital\/wp-json\/wp\/v2\/comments?post=175"}],"version-history":[{"count":10,"href":"https:\/\/eshoy.pe\/estudiotalentodigital\/wp-json\/wp\/v2\/pages\/175\/revisions"}],"predecessor-version":[{"id":298,"href":"https:\/\/eshoy.pe\/estudiotalentodigital\/wp-json\/wp\/v2\/pages\/175\/revisions\/298"}],"wp:attachment":[{"href":"https:\/\/eshoy.pe\/estudiotalentodigital\/wp-json\/wp\/v2\/media?parent=175"}],"curies":[{"name":"wp","href":"https:\/\/api.w.org\/{rel}","templated":true}]}}