{"id":9,"date":"2022-08-04T22:34:42","date_gmt":"2022-08-05T03:34:42","guid":{"rendered":"https:\/\/eshoy.pe\/talentodigital\/?page_id=9"},"modified":"2023-10-06T16:54:46","modified_gmt":"2023-10-06T21:54:46","slug":"edicion2022","status":"publish","type":"page","link":"https:\/\/eshoy.pe\/estudiotalentodigital\/edicion2022\/","title":{"rendered":"Talento Digital 2022"},"content":{"rendered":"<div class=\"lazyblock-seccion-imagen-derecha-e4RE3 alignfull alignfull pageContent wp-block-lazyblock-seccion-imagen-derecha\" id=\"estudio\"><section class=\"position-relative bg-white text-black sider_section pageContent d-flex flex-wrap align-items-center rtl\">\n  <div class=\"container\">\n\t\t<div class=\"row\">\n\t\t\t<div class=\"col-12 col-xl-6 order-xl-2 offset-xl-1 ps-xl-0\">\n\t\t\t\t<figure class=\"mb-0 sider_image position-relative\">\n\t\t\t\t  <img decoding=\"async\" width=\"1308\" height=\"1280\" src=\"https:\/\/eshoy.pe\/estudiotalentodigital\/wp-content\/uploads\/sites\/3\/2022\/08\/image_shutterstock_696061426.jpg\" class=\"img-fit\" alt=\"\" loading=\"lazy\" srcset=\"https:\/\/eshoy.pe\/estudiotalentodigital\/wp-content\/uploads\/sites\/3\/2022\/08\/image_shutterstock_696061426.jpg 1308w, https:\/\/eshoy.pe\/estudiotalentodigital\/wp-content\/uploads\/sites\/3\/2022\/08\/image_shutterstock_696061426-960x939.jpg 960w, https:\/\/eshoy.pe\/estudiotalentodigital\/wp-content\/uploads\/sites\/3\/2022\/08\/image_shutterstock_696061426-768x752.jpg 768w, https:\/\/eshoy.pe\/estudiotalentodigital\/wp-content\/uploads\/sites\/3\/2022\/08\/image_shutterstock_696061426-97x95.jpg 97w\" sizes=\"auto, (max-width: 1308px) 100vw, 1308px\" \/>\t\t\t\t<\/figure>\n\t\t\t<\/div>\n\t\t\t<div class=\"col-12 col-xl-5 order-xl-1 position-relative d-flex flex-wrap align-items-center sider_content_wrapper\">\n\t\t\t\t<div class=\"sider_content py\" data-aos=\"fade-up\" data-aos-duration=\"800\">\n\t\t\t\t  <div class=\"lazyblock-inner-blocks\">\n\n<h4 class=\"wp-block-heading\">Este estudio ofrece por primera vez un diagn\u00f3stico del grado de avance del proceso de transformaci\u00f3n digital entre un grupo de empresas din\u00e1micas del pa\u00eds y evidencia detallada sobre la demanda de talento digital, <mark style=\"background-color:rgba(0, 0, 0, 0)\" class=\"has-inline-color has-azul-color\">adem\u00e1s propone posibles soluciones de pol\u00edtica p\u00fablica para mejorar, en el corto plazo, las habilidades digitales de la fuerza laboral peruana.<\/mark><\/h4>\n\n\n\n<div class=\"wp-block-buttons mt-4 is-vertical is-layout-flex wp-container-core-buttons-is-layout-8cf370e7 wp-block-buttons-is-layout-flex\">\n<div class=\"wp-block-button\"><a class=\"wp-block-button__link has-white-color has-morado-background-color has-text-color has-background wp-element-button\" href=\"https:\/\/drive.google.com\/file\/d\/1CXZEZbIjoNeWcjoc8Rqa_CTzJk5qhxBW\/view\" target=\"_blank\" rel=\"noreferrer noopener\">Descargar resumen ejecutivo<\/a><\/div>\n\n\n\n<div class=\"wp-block-button\"><a class=\"wp-block-button__link has-white-color has-azul-background-color has-text-color has-background wp-element-button\" href=\"https:\/\/drive.google.com\/file\/d\/1Mf9jAQtlxgZ1hSP9_9X2-l130n0eTqAZ\/view\" target=\"_blank\" rel=\"noreferrer noopener\">Descargar informe completo<\/a><\/div>\n<\/div>\n\n<\/div>\n\t\t\t\t<\/div>\n\t\t\t<\/div>\n\t\t<\/div>\n\t<\/div>\n<\/section><\/div>\n\n<div class=\"lazyblock-seccion-Z1qc3uT alignfull alignfull  wp-block-lazyblock-seccion\"><section class=\"position-relative py bg-light text-\">\n  <div class=\"container\">\n\t\t<div class=\"row\">\n\t\t  <div class=\"col-12\">\n\t\t    <div class=\"lazyblock-inner-blocks\">\n\n<h4 class=\"wp-block-heading has-azul-color has-text-color\"><strong><mark style=\"background-color:#FFFFFF\" class=\"has-inline-color has-azul-color\">Contexto<\/mark><\/strong><\/h4>\n\n\n\n<div class=\"wp-block-columns is-layout-flex wp-container-core-columns-is-layout-9d6595d7 wp-block-columns-is-layout-flex\">\n<div class=\"wp-block-column is-layout-flow wp-block-column-is-layout-flow\" style=\"flex-basis:100%\">\n<h2 class=\"wp-block-heading has-azul-color has-text-color\"><span class=\"envuelto\">Escasez<\/span> de <strong>talento digital<\/strong><br>y de informaci\u00f3n<\/h2>\n\n\n\n<h5 class=\"wp-block-heading\">La transformaci\u00f3n digital, acelerada por la pandemia del COVID-19, ha generado una demanda de trabajadores con habilidades digitales. Pero en Am\u00e9rica Latina y el Caribe, las limitaciones educativas conducen a una fuerza laboral carente de ellas.<\/h5>\n<\/div>\n<\/div>\n\n\n\n<div class=\"row align-items-lg-center mt-4 mt-sm-5\">\n<div class=\"col-lg-6\">\n<p><strong>Este potencial desbalance entre la demanda y la oferta de habilidades digitales podr\u00eda ralentizar el proceso de transformaci\u00f3n digital e imposibilitar que los pa\u00edses y sus empresas puedan sacarle provecho.<\/strong><\/p>\n\n\n\n<p>La evidencia sobre el estado de avance del proceso de transformaci\u00f3n digital y sobre la demanda de talento digital avanzado entre las empresas en el pa\u00eds es a\u00fan escasa. Contar con informaci\u00f3n a estos niveles es clave tanto para las empresas como para el sector p\u00fablico.<\/p>\n\n\n\n<p>Para resolver estos vac\u00edos de informaci\u00f3n, el BID dise\u00f1\u00f3 una encuesta que tiene por objetivo principal identificar la demanda ocupacional y de habilidades digitales avanzadas en el pa\u00eds.<\/p>\n<\/div>\n\n\n\n<div class=\"col-lg-6\">\n<figure class=\"wp-block-image size-full\"><img loading=\"lazy\" decoding=\"async\" width=\"1200\" height=\"649\" src=\"https:\/\/eshoy.pe\/talentodigital\/wp-content\/uploads\/sites\/3\/2022\/08\/upload-b3aae803-42cd-4f6f-be4f-4133b76239d7.webp\" alt=\"\" class=\"wp-image-123\" srcset=\"https:\/\/eshoy.pe\/estudiotalentodigital\/wp-content\/uploads\/sites\/3\/2022\/08\/upload-b3aae803-42cd-4f6f-be4f-4133b76239d7.webp 1200w, https:\/\/eshoy.pe\/estudiotalentodigital\/wp-content\/uploads\/sites\/3\/2022\/08\/upload-b3aae803-42cd-4f6f-be4f-4133b76239d7-960x519.webp 960w, https:\/\/eshoy.pe\/estudiotalentodigital\/wp-content\/uploads\/sites\/3\/2022\/08\/upload-b3aae803-42cd-4f6f-be4f-4133b76239d7-768x415.webp 768w, https:\/\/eshoy.pe\/estudiotalentodigital\/wp-content\/uploads\/sites\/3\/2022\/08\/upload-b3aae803-42cd-4f6f-be4f-4133b76239d7-176x95.webp 176w\" sizes=\"auto, (max-width: 1200px) 100vw, 1200px\" \/><\/figure>\n<\/div>\n<\/div>\n\n<\/div>\n\t\t  <\/div>\n\t\t<\/div>\n\t<\/div>\n<\/section><\/div>\n\n\n<div class=\"wp-block-cover alignfull is-light py mh-100\"><span aria-hidden=\"true\" class=\"wp-block-cover__background has-background-dim-0 has-background-dim\"><\/span><img loading=\"lazy\" decoding=\"async\" width=\"2560\" height=\"1670\" class=\"wp-block-cover__image-background wp-image-128\" alt=\"\" src=\"https:\/\/eshoy.pe\/talentodigital\/wp-content\/uploads\/sites\/3\/2022\/08\/upload-a4c25c4b-5f34-4d84-8478-9e9b13e615cb-scaled.webp\" data-object-fit=\"cover\" srcset=\"https:\/\/eshoy.pe\/estudiotalentodigital\/wp-content\/uploads\/sites\/3\/2022\/08\/upload-a4c25c4b-5f34-4d84-8478-9e9b13e615cb-scaled.webp 2560w, https:\/\/eshoy.pe\/estudiotalentodigital\/wp-content\/uploads\/sites\/3\/2022\/08\/upload-a4c25c4b-5f34-4d84-8478-9e9b13e615cb-960x626.webp 960w, https:\/\/eshoy.pe\/estudiotalentodigital\/wp-content\/uploads\/sites\/3\/2022\/08\/upload-a4c25c4b-5f34-4d84-8478-9e9b13e615cb-1446x943.webp 1446w, https:\/\/eshoy.pe\/estudiotalentodigital\/wp-content\/uploads\/sites\/3\/2022\/08\/upload-a4c25c4b-5f34-4d84-8478-9e9b13e615cb-768x501.webp 768w, https:\/\/eshoy.pe\/estudiotalentodigital\/wp-content\/uploads\/sites\/3\/2022\/08\/upload-a4c25c4b-5f34-4d84-8478-9e9b13e615cb-1536x1002.webp 1536w, https:\/\/eshoy.pe\/estudiotalentodigital\/wp-content\/uploads\/sites\/3\/2022\/08\/upload-a4c25c4b-5f34-4d84-8478-9e9b13e615cb-2048x1336.webp 2048w, https:\/\/eshoy.pe\/estudiotalentodigital\/wp-content\/uploads\/sites\/3\/2022\/08\/upload-a4c25c4b-5f34-4d84-8478-9e9b13e615cb-146x95.webp 146w\" sizes=\"auto, (max-width: 2560px) 100vw, 2560px\" \/><div class=\"wp-block-cover__inner-container container is-layout-flow wp-block-cover-is-layout-flow\">\n<div class=\"row justify-content-lg-center\">\n<div class=\"col-lg-10 bg-white py-5 px-3 px-lg-4 px-xl-5\">\n<h2 class=\"wp-block-heading has-azul-color has-text-color mb-4 mb-sm-5\"><span class=\"envuelto\">El <strong>Estudio<\/strong><\/span><\/h2>\n\n\n\n<p>La encuesta elaborada por el BID y MIDE Development, es parte de un proyecto orientado a desarrollar iniciativas de talento digital y medir el nivel de transformaci\u00f3n digital y la demanda de ocupaciones y habilidades digitales avanzadas en la regi\u00f3n.<\/p>\n\n\n\n<p>Como parte de este proyecto, del 31 de marzo al 20 de mayo del 2022, la encuesta fue implementada en Per\u00fa, en su fase piloto, a una muestra de empresas vinculadas a los asociados a Es Hoy, movimiento de l\u00edderes empresariales comprometidos con trabajar con el prop\u00f3sito de construir un pa\u00eds inclusivo, pr\u00f3spero y sostenible. <strong>Es Hoy agrupa personas que conducen empresas l\u00edderes que trabajan en distintos sectores de la econom\u00eda peruana y que se encuentran entre las empresas m\u00e1s din\u00e1micas del Per\u00fa.<\/strong><\/p>\n<\/div>\n<\/div>\n<\/div><\/div>\n","protected":false},"excerpt":{"rendered":"","protected":false},"author":1,"featured_media":0,"parent":0,"menu_order":0,"comment_status":"closed","ping_status":"closed","template":"page-template-home-talentodigital.php","meta":{"footnotes":""},"class_list":["post-9","page","type-page","status-publish","hentry"],"acf":[],"_links":{"self":[{"href":"https:\/\/eshoy.pe\/estudiotalentodigital\/wp-json\/wp\/v2\/pages\/9","targetHints":{"allow":["GET"]}}],"collection":[{"href":"https:\/\/eshoy.pe\/estudiotalentodigital\/wp-json\/wp\/v2\/pages"}],"about":[{"href":"https:\/\/eshoy.pe\/estudiotalentodigital\/wp-json\/wp\/v2\/types\/page"}],"author":[{"embeddable":true,"href":"https:\/\/eshoy.pe\/estudiotalentodigital\/wp-json\/wp\/v2\/users\/1"}],"replies":[{"embeddable":true,"href":"https:\/\/eshoy.pe\/estudiotalentodigital\/wp-json\/wp\/v2\/comments?post=9"}],"version-history":[{"count":10,"href":"https:\/\/eshoy.pe\/estudiotalentodigital\/wp-json\/wp\/v2\/pages\/9\/revisions"}],"predecessor-version":[{"id":215,"href":"https:\/\/eshoy.pe\/estudiotalentodigital\/wp-json\/wp\/v2\/pages\/9\/revisions\/215"}],"wp:attachment":[{"href":"https:\/\/eshoy.pe\/estudiotalentodigital\/wp-json\/wp\/v2\/media?parent=9"}],"curies":[{"name":"wp","href":"https:\/\/api.w.org\/{rel}","templated":true}]}}