{"id":1500,"date":"2024-07-11T12:35:26","date_gmt":"2024-07-11T17:35:26","guid":{"rendered":"https:\/\/eshoy.pe\/ruralia\/?page_id=1500"},"modified":"2024-07-30T17:41:24","modified_gmt":"2024-07-30T22:41:24","slug":"impulsa-ruralia","status":"publish","type":"page","link":"https:\/\/eshoy.pe\/ruralia\/impulsa-ruralia\/","title":{"rendered":"Impulsa Ruralia"},"content":{"rendered":"<div class=\"lazyblock-seccion-imagen-derecha-2e8fwW alignfull alignfull  wp-block-lazyblock-seccion-imagen-derecha\"><section class=\"position-relative bg- text- sider_section pageContent d-flex flex-wrap align-items-center rtl\">\n  <div class=\"container\">\n\t\t<div class=\"row\">\n\t\t\t<div class=\"col-12 col-xl-6 order-xl-2 offset-xl-1 ps-xl-0\">\n\t\t\t\t<figure class=\"mb-0 sider_image position-relative\">\n\t\t\t\t  <img decoding=\"async\" width=\"1080\" height=\"1053\" src=\"https:\/\/eshoy.pe\/ruralia\/wp-content\/uploads\/sites\/2\/2024\/07\/impulsa_imagen2-80.jpg\" class=\"img-fit\" alt=\"\" loading=\"lazy\" srcset=\"https:\/\/eshoy.pe\/ruralia\/wp-content\/uploads\/sites\/2\/2024\/07\/impulsa_imagen2-80.jpg 1080w, https:\/\/eshoy.pe\/ruralia\/wp-content\/uploads\/sites\/2\/2024\/07\/impulsa_imagen2-80-960x936.jpg 960w, https:\/\/eshoy.pe\/ruralia\/wp-content\/uploads\/sites\/2\/2024\/07\/impulsa_imagen2-80-768x749.jpg 768w, https:\/\/eshoy.pe\/ruralia\/wp-content\/uploads\/sites\/2\/2024\/07\/impulsa_imagen2-80-97x95.jpg 97w\" sizes=\"auto, (max-width: 1080px) 100vw, 1080px\" \/>\t\t\t\t  \t\t\t\t<\/figure>\n\t\t\t<\/div>\n\t\t\t<div class=\"col-12 col-xl-5 order-xl-1 position-relative d-flex flex-wrap align-items-center sider_content_wrapper\">\n\t\t\t\t<div class=\"sider_content py\" data-aos=\"fade-up\" data-aos-duration=\"800\">\n\t\t\t\t  <div class=\"lazyblock-inner-blocks\">\n\n<h2 class=\"wp-block-heading\"><strong>\u00bfQu\u00e9 es Impulsa<br>Ruralia?<\/strong><\/h2>\n\n\n\n<p class=\"font-family-faktum\">Es un programa especializado dirigido a las 30 intervenciones destacadas de las ediciones 2022 y 2023 del Reto Ruralia, que obtuvieron un buen rendimiento en su evaluaci\u00f3n. Con una duraci\u00f3n de 9 semanas y desarrollado en modalidad virtual, el programa se compone de 5 m\u00f3dulos tem\u00e1ticos dise\u00f1ados para potenciar intervenciones educativas de alto impacto en zonas rurales del Per\u00fa, brindando a las organizaciones participantes, la oportunidad de reforzar, validar y mejorar sus modelos de intervenci\u00f3n.<\/p>\n\n<\/div>\n\t\t\t\t<\/div>\n\t\t\t<\/div>\n\t\t<\/div>\n\t<\/div>\n<\/section><\/div>\n\n<div class=\"lazyblock-seccion-Z1UDlws alignfull alignfull bg_participantes wp-block-lazyblock-seccion\"><section class=\"position-relative py  bg-verde text-\">\n  <div class=\"container\">\n\t\t<div class=\"row\" data-aos=\"fade-up\" data-aos-duration=\"600\">\n\t\t  <div class=\"col-12\">\n\t\t    <div class=\"lazyblock-inner-blocks\">\n\n<h2 class=\"wp-block-heading has-text-align-center has-white-color has-text-color has-link-color wp-elements-4c19be0d8a98d8489b9fae13e01f84ff\"><strong>Conoce a las participantes<\/strong><\/h2>\n\n\n\n<h4 class=\"wp-block-heading has-text-align-center has-amarillo-color has-text-color has-link-color mb-5 wp-elements-715daa2910a9c7e9c459c72ae3e89d18\">Sobresalientes<\/h4>\n\n\n\n<div class=\"row justify-content-center gy-4 gy-lg-5\">\n<div class=\"col-lg-4 col-sm-6\"><div class=\"lazyblock-card-1KKscR wp-block-lazyblock-card\"><div class=\"card_impulsa position-relative card_rounded\">\n  <figure class=\"card_image mb-0\">\n    <img loading=\"lazy\" decoding=\"async\" width=\"540\" height=\"540\" src=\"https:\/\/eshoy.pe\/ruralia\/wp-content\/uploads\/sites\/2\/2024\/07\/participante_1-80.jpg\" class=\"img-fluid\" alt=\"\" srcset=\"https:\/\/eshoy.pe\/ruralia\/wp-content\/uploads\/sites\/2\/2024\/07\/participante_1-80.jpg 541w, https:\/\/eshoy.pe\/ruralia\/wp-content\/uploads\/sites\/2\/2024\/07\/participante_1-80-200x200.jpg 200w, https:\/\/eshoy.pe\/ruralia\/wp-content\/uploads\/sites\/2\/2024\/07\/participante_1-80-220x220.jpg 220w, https:\/\/eshoy.pe\/ruralia\/wp-content\/uploads\/sites\/2\/2024\/07\/participante_1-80-95x95.jpg 95w\" sizes=\"auto, (max-width: 540px) 100vw, 540px\" \/>  <\/figure>\n  <div class=\"card_content d-flex flex-wrap align-items-center\">\n    <div class=\"w-100 text-center px-3 py-4 px-xl-4\">\n      <div class=\"font-family-faktum text-white mb-3\">\n        <a class=\"stretched-link\" href=\"https:\/\/cete.pe\/\" target=\"_blank\">Comunidades de aprendizaje: Transformando la educaci\u00f3n en la Amazon\u00eda.<\/a>\n      <\/div>\n      <div class=\"font-family-faktumsemibold text-amarillo\">\n        CETE      <\/div>\n    <\/div>\n  <\/div>\n<\/div><\/div><\/div>\n\n\n\n<div class=\"col-lg-4 col-sm-6\"><div class=\"lazyblock-card-1qF5HY wp-block-lazyblock-card\"><div class=\"card_impulsa position-relative card_rounded\">\n  <figure class=\"card_image mb-0\">\n    <img loading=\"lazy\" decoding=\"async\" width=\"540\" height=\"540\" src=\"https:\/\/eshoy.pe\/ruralia\/wp-content\/uploads\/sites\/2\/2024\/07\/participante_2-80.jpg\" class=\"img-fluid\" alt=\"\" srcset=\"https:\/\/eshoy.pe\/ruralia\/wp-content\/uploads\/sites\/2\/2024\/07\/participante_2-80.jpg 541w, https:\/\/eshoy.pe\/ruralia\/wp-content\/uploads\/sites\/2\/2024\/07\/participante_2-80-200x200.jpg 200w, https:\/\/eshoy.pe\/ruralia\/wp-content\/uploads\/sites\/2\/2024\/07\/participante_2-80-220x220.jpg 220w, https:\/\/eshoy.pe\/ruralia\/wp-content\/uploads\/sites\/2\/2024\/07\/participante_2-80-95x95.jpg 95w\" sizes=\"auto, (max-width: 540px) 100vw, 540px\" \/>  <\/figure>\n  <div class=\"card_content d-flex flex-wrap align-items-center\">\n    <div class=\"w-100 text-center px-3 py-4 px-xl-4\">\n      <div class=\"font-family-faktum text-white mb-3\">\n        <a class=\"stretched-link\" href=\"https:\/\/osmia.la\/\" target=\"_blank\"> Programa de Fortalecimiento de Capacidades para L\u00edderes de Gesti\u00f3n Educativa Descentralizada<\/a>\n      <\/div>\n      <div class=\"font-family-faktumsemibold text-amarillo\">\n        Osmia      <\/div>\n    <\/div>\n  <\/div>\n<\/div><\/div><\/div>\n\n\n\n<div class=\"col-lg-4 col-sm-6\"><div class=\"lazyblock-card-ZlujA5 wp-block-lazyblock-card\"><div class=\"card_impulsa position-relative card_rounded\">\n  <figure class=\"card_image mb-0\">\n    <img loading=\"lazy\" decoding=\"async\" width=\"540\" height=\"540\" src=\"https:\/\/eshoy.pe\/ruralia\/wp-content\/uploads\/sites\/2\/2024\/07\/participante_3-80.jpg\" class=\"img-fluid\" alt=\"\" srcset=\"https:\/\/eshoy.pe\/ruralia\/wp-content\/uploads\/sites\/2\/2024\/07\/participante_3-80.jpg 541w, https:\/\/eshoy.pe\/ruralia\/wp-content\/uploads\/sites\/2\/2024\/07\/participante_3-80-200x200.jpg 200w, https:\/\/eshoy.pe\/ruralia\/wp-content\/uploads\/sites\/2\/2024\/07\/participante_3-80-220x220.jpg 220w, https:\/\/eshoy.pe\/ruralia\/wp-content\/uploads\/sites\/2\/2024\/07\/participante_3-80-95x95.jpg 95w\" sizes=\"auto, (max-width: 540px) 100vw, 540px\" \/>  <\/figure>\n  <div class=\"card_content d-flex flex-wrap align-items-center\">\n    <div class=\"w-100 text-center px-3 py-4 px-xl-4\">\n      <div class=\"font-family-faktum text-white mb-3\">\n        <a class=\"stretched-link\" href=\"https:\/\/alfalitperu.org\/index.php\" target=\"_blank\">Alfabetizaci\u00f3n y desarrollo de capacidades para el fortalecimiento del liderazgo y ciudadan\u00eda en personas j\u00f3venes y adultas del distrito de Chupa<\/a>\n      <\/div>\n      <div class=\"font-family-faktumsemibold text-amarillo\">\n        Alfalit      <\/div>\n    <\/div>\n  <\/div>\n<\/div><\/div><\/div>\n\n\n\n<div class=\"col-lg-4 col-sm-6\"><div class=\"lazyblock-card-ZxFdWJ wp-block-lazyblock-card\"><div class=\"card_impulsa position-relative card_rounded\">\n  <figure class=\"card_image mb-0\">\n    <img loading=\"lazy\" decoding=\"async\" width=\"540\" height=\"540\" src=\"https:\/\/eshoy.pe\/ruralia\/wp-content\/uploads\/sites\/2\/2024\/07\/participante_4-80.jpg\" class=\"img-fluid\" alt=\"\" srcset=\"https:\/\/eshoy.pe\/ruralia\/wp-content\/uploads\/sites\/2\/2024\/07\/participante_4-80.jpg 541w, https:\/\/eshoy.pe\/ruralia\/wp-content\/uploads\/sites\/2\/2024\/07\/participante_4-80-200x200.jpg 200w, https:\/\/eshoy.pe\/ruralia\/wp-content\/uploads\/sites\/2\/2024\/07\/participante_4-80-220x220.jpg 220w, https:\/\/eshoy.pe\/ruralia\/wp-content\/uploads\/sites\/2\/2024\/07\/participante_4-80-95x95.jpg 95w\" sizes=\"auto, (max-width: 540px) 100vw, 540px\" \/>  <\/figure>\n  <div class=\"card_content d-flex flex-wrap align-items-center\">\n    <div class=\"w-100 text-center px-3 py-4 px-xl-4\">\n      <div class=\"font-family-faktum text-white mb-3\">\n        <a class=\"stretched-link\" href=\"https:\/\/prorural.org\/nuevaweb\/\" target=\"_blank\">Educaci\u00f3n transformadora para adolescentes y j\u00f3venes de la etnia Shawi<\/a>\n      <\/div>\n      <div class=\"font-family-faktumsemibold text-amarillo\">\n        Prorural      <\/div>\n    <\/div>\n  <\/div>\n<\/div><\/div><\/div>\n\n\n\n<div class=\"col-lg-4 col-sm-6\"><div class=\"lazyblock-card-ZOE2WK wp-block-lazyblock-card\"><div class=\"card_impulsa position-relative card_rounded\">\n  <figure class=\"card_image mb-0\">\n    <img loading=\"lazy\" decoding=\"async\" width=\"540\" height=\"540\" src=\"https:\/\/eshoy.pe\/ruralia\/wp-content\/uploads\/sites\/2\/2024\/07\/participante_5-80.jpg\" class=\"img-fluid\" alt=\"\" srcset=\"https:\/\/eshoy.pe\/ruralia\/wp-content\/uploads\/sites\/2\/2024\/07\/participante_5-80.jpg 541w, https:\/\/eshoy.pe\/ruralia\/wp-content\/uploads\/sites\/2\/2024\/07\/participante_5-80-200x200.jpg 200w, https:\/\/eshoy.pe\/ruralia\/wp-content\/uploads\/sites\/2\/2024\/07\/participante_5-80-220x220.jpg 220w, https:\/\/eshoy.pe\/ruralia\/wp-content\/uploads\/sites\/2\/2024\/07\/participante_5-80-95x95.jpg 95w\" sizes=\"auto, (max-width: 540px) 100vw, 540px\" \/>  <\/figure>\n  <div class=\"card_content d-flex flex-wrap align-items-center\">\n    <div class=\"w-100 text-center px-3 py-4 px-xl-4\">\n      <div class=\"font-family-faktum text-white mb-3\">\n        <a class=\"stretched-link\" href=\"https:\/\/www.nanaykuna.org\/\" target=\"_blank\">Planificaci\u00f3n para el futuro &#8211; FUTUPLAN 2023 y Familias Online en 2023<\/a>\n      <\/div>\n      <div class=\"font-family-faktumsemibold text-amarillo\">\n        \u00d1a\u00f1aykuna      <\/div>\n    <\/div>\n  <\/div>\n<\/div><\/div><\/div>\n<\/div>\n\n\n<div class=\"lazyblock-swiper-participantes-ruralia-YQw47 mt wp-block-lazyblock-swiper-participantes-ruralia\"><div class=\"position-relative block_participantes\">\n  <div class=\"row justify-content-center\">\n    <div class=\"col-12 col-xl-11\">\n      <div class=\"swiper swiper_participantes\">\n        <div class=\"swiper-wrapper\">\n          <div class=\"swiper-slide\">\n                        <div class=\"text-white font-family-faktum text-center\">\n              Creciendo Saberes: Educaci\u00f3n para el Futuro <br>de la <strong><a href=\"https:\/\/creciendo.org.pe\/\">Asociaci\u00f3n Creciendo<\/a><\/strong>            <\/div>\n                                    <div class=\"text-white font-family-faktum text-center\">\n              Trotabarrios <br>de la <strong><a href=\"https:\/\/www.instagram.com\/huchuy_yachaq_peru\/?hl=es-la\">Asociaci\u00f3n Civil Huchuy Yachaq<\/a><\/strong>            <\/div>\n                      <\/div>\n          <div class=\"swiper-slide\">\n                                    <div class=\"text-white font-family-faktum text-center\">\n              Red de familias <br>de la <strong><a href=\"https:\/\/spsd.org.pe\">Sociedad Peruana de S\u00edndrome Down<\/a><\/strong>            <\/div>\n                                    <div class=\"text-white font-family-faktum text-center\">\n              Comunidad de pr\u00e1ctica educativa: Vinculando el territorio rural con la ciudad de Arequipa <br>de <strong><a href=\"https:\/\/www.descosur.org.pe\">DESCOSUR<\/a><\/strong>            <\/div>\n                      <\/div>\n          <div class=\"swiper-slide\">\n                                    <div class=\"text-white font-family-faktum text-center\">\n              Educaci\u00f3n rural y desarrollo territorial en escuelas p\u00fablicas del Callej\u00f3n de Huaylas-Ancash<br>de la <strong>Asociaci\u00f3n Urpichallay AMDES<\/strong>            <\/div>\n                                    <div class=\"text-white font-family-faktum text-center\">\n              Centro de Saberes Colectivos Kuska <br>de la <strong><a href=\"http:\/\/www.kuskaschool.org\">Asociaci\u00f3n Educativa Yachay Wasi Ollantaytambo<\/a><\/strong>            <\/div>\n                      <\/div>\n          <div class=\"swiper-slide\">\n                                    <div class=\"text-white font-family-faktum text-center\">\n              Crecemos con Amor &#8211; Cuyanacur Shacsharishun<br>de <strong><a href=\"https:\/\/ensenaperu.org\/\">Ense\u00f1a Per\u00fa<\/a><\/strong>            <\/div>\n                                    <div class=\"text-white font-family-faktum text-center\">\n              J\u00f3venes desarrollo territorial y comercio justo <br>de la <strong><a href=\"https:\/\/www.escuela.org.pe\/\">Escuela para el Desarrollo<\/a><\/strong>            <\/div>\n                      <\/div>\n          <div class=\"swiper-slide\">\n                                    <div class=\"text-white font-family-faktum text-center\">\n              El impacto de la Naturaleza: Los Ba\u00f1os de bosque para el bienestar integral de las educadoras <br>de la <strong><a href=\"https:\/\/www.buhodebarro.com\/\">Asociaci\u00f3n B\u00daHO DE BARRO<\/a><\/strong>            <\/div>\n                                    <div class=\"text-white font-family-faktum text-center\">\n              L\u00edderes Formando L\u00edderes <br>de <strong><a href=\"https:\/\/lideresformandolideres.pe\/acerca-de-proyecto\/\">Centrum PUCP<\/a><\/strong>            <\/div>\n                      <\/div>\n          <div class=\"swiper-slide\">\n                                    <div class=\"text-white font-family-faktum text-center\">\n              KUSKA YACHASUN <br>de <strong><a href=\"https:\/\/www.caritascusco.org\">C\u00e1ritas Cusco<\/a><\/strong>            <\/div>\n                                    <div class=\"text-white font-family-faktum text-center\">\n              Comunidad Amable de los Chankas<br>de la <strong><a href=\"https:\/\/www.saywa.org.pe\/\">Asociaci\u00f3n Saywa<\/a><\/strong>            <\/div>\n                      <\/div>\n          <div class=\"swiper-slide\">\n                                    <div class=\"text-white font-family-faktum text-center\">\n              Aprendizaje Digital para Abordar la Brecha Educativa en la Amazon\u00eda Peruana<br> de <strong><a href=\"https:\/\/www.poweringpotential.org\">Powering Potential<\/a><\/strong>            <\/div>\n                                    <div class=\"text-white font-family-faktum text-center\">\n              La lucha para la seguridad alimentaria a trav\u00e9s de la educaci\u00f3n <br>de <strong><a href=\"https:\/\/poreso.org\/\" data-type=\"link\" data-id=\"https:\/\/poreso.org\/\">Por eso! Per\u00fa<\/a><\/strong>            <\/div>\n                      <\/div>\n          <div class=\"swiper-slide\">\n                                    <div class=\"text-white font-family-faktum text-center\">\n              La Casa de la ni\u00f1a Qero <br>de <strong><a href=\"https:\/\/www.cadep.org.pe\">CADEP -Jose Maria Arguedas<\/a><\/strong>            <\/div>\n                                    <div class=\"text-white font-family-faktum text-center\">\n              Podera <br>de la <strong><a href=\"https:\/\/kantayaperu.com\/\">Asociaci\u00f3n Kantaya<\/a><\/strong>            <\/div>\n                      <\/div>\n          <div class=\"swiper-slide\">\n                                    <div class=\"text-white font-family-faktum text-center\">\n              Club de Liderazgo <br>de <strong><a href=\"https:\/\/www.valleycampperu.org\">Valley Camp Per\u00fa<\/a><\/strong>            <\/div>\n                                    <div class=\"text-white font-family-faktum text-center\">\n              EMPODERATEC <br>de <strong><a href=\"https:\/\/academy.wempo-peru.org\/\">WEMPO<\/a><\/strong>            <\/div>\n                      <\/div>\n          <div class=\"swiper-slide\">\n                                    <div class=\"text-white font-family-faktum text-center\">\n              Brindar un servicio educativo de calidad para disminuir el bajo rendimiento y la deserci\u00f3n escolar<br>de <strong><a href=\"http:\/\/www.incawasi.org.pe\/\">INCAWASI<\/a><\/strong>            <\/div>\n                                    <div class=\"text-white font-family-faktum text-center\">\n              Cambiemos la regla: Escuelas amigables para la higiene menstrual <br>de <strong><a href=\"https:\/\/peru.waterforpeople.org\/\">Water For People<\/a><\/strong>            <\/div>\n                      <\/div>\n          <div class=\"swiper-slide\">\n                                    <div class=\"text-white font-family-faktum text-center\">\n              Educaci\u00f3n financiera, laboral y gesti\u00f3n de la independencia para j\u00f3venes en situaci\u00f3n de vulnerabilidad <br>de <strong><a href=\"https:\/\/www.laffcharity.org.uk\">LAFF Charity<\/a><\/strong>            <\/div>\n                                    <div class=\"text-white font-family-faktum text-center\">\n              Escuela Sin Tab\u00faes <br>de <strong><strong><a href=\"https:\/\/sintabues.org\/\">Hablemos Sin Tab\u00faes<\/a><\/strong><\/strong>            <\/div>\n                      <\/div>\n          <div class=\"swiper-slide\">\n                                  <\/div>\n        <\/div>\n      <\/div>\n    <\/div>\n  <\/div>\n  <div class=\"d-none d-xl-block text-white\">\n\t\t<button type=\"button\" class=\"swiper_nav swiper_nav-prev participantes-prev\">\n\t\t\t<svg xmlns=\"http:\/\/www.w3.org\/2000\/svg\" width=\"25\" height=\"16.617\" viewBox=\"0 0 25 16.617\">\n\t\t\t  <path d=\"M15.65,16.6a9.291,9.291,0,0,1,2.756-6.575,9.5,9.5,0,0,1,.813-.722H0v-2H19.218a9.5,9.5,0,0,1-.812-.721A9.292,9.292,0,0,1,15.65.012l2-.012A7.367,7.367,0,0,0,25,7.308v2a7.367,7.367,0,0,0-7.35,7.308Z\" fill=\"currentColor\"\/>\n\t\t\t<\/svg>\n\t\t<\/button>\n\t\t<button type=\"button\" class=\"swiper_nav swiper_nav-next participantes-next\">\n\t\t\t<svg xmlns=\"http:\/\/www.w3.org\/2000\/svg\" width=\"25\" height=\"16.617\" viewBox=\"0 0 25 16.617\">\n\t\t\t  <path d=\"M15.65,16.6a9.291,9.291,0,0,1,2.756-6.575,9.5,9.5,0,0,1,.813-.722H0v-2H19.218a9.5,9.5,0,0,1-.812-.721A9.292,9.292,0,0,1,15.65.012l2-.012A7.367,7.367,0,0,0,25,7.308v2a7.367,7.367,0,0,0-7.35,7.308Z\" fill=\"currentColor\"\/>\n\t\t\t<\/svg>\n\t\t<\/button>\n\t<\/div>\t\t\t\t\t\t\t\t\t\t\n\t<div class=\"swiper-pagination participantes-pagination\"><\/div>\n<\/div><\/div>\n<\/div>\n\t\t  <\/div>\n\t\t<\/div>\n\t<\/div>\n<\/section><\/div>","protected":false},"excerpt":{"rendered":"","protected":false},"author":1,"featured_media":0,"parent":0,"menu_order":0,"comment_status":"closed","ping_status":"closed","template":"page-template-home.php","meta":{"footnotes":""},"class_list":["post-1500","page","type-page","status-publish","hentry"],"acf":[],"_links":{"self":[{"href":"https:\/\/eshoy.pe\/ruralia\/wp-json\/wp\/v2\/pages\/1500","targetHints":{"allow":["GET"]}}],"collection":[{"href":"https:\/\/eshoy.pe\/ruralia\/wp-json\/wp\/v2\/pages"}],"about":[{"href":"https:\/\/eshoy.pe\/ruralia\/wp-json\/wp\/v2\/types\/page"}],"author":[{"embeddable":true,"href":"https:\/\/eshoy.pe\/ruralia\/wp-json\/wp\/v2\/users\/1"}],"replies":[{"embeddable":true,"href":"https:\/\/eshoy.pe\/ruralia\/wp-json\/wp\/v2\/comments?post=1500"}],"version-history":[{"count":10,"href":"https:\/\/eshoy.pe\/ruralia\/wp-json\/wp\/v2\/pages\/1500\/revisions"}],"predecessor-version":[{"id":1577,"href":"https:\/\/eshoy.pe\/ruralia\/wp-json\/wp\/v2\/pages\/1500\/revisions\/1577"}],"wp:attachment":[{"href":"https:\/\/eshoy.pe\/ruralia\/wp-json\/wp\/v2\/media?parent=1500"}],"curies":[{"name":"wp","href":"https:\/\/api.w.org\/{rel}","templated":true}]}}