{"id":1887,"date":"2025-02-18T16:51:15","date_gmt":"2025-02-18T21:51:15","guid":{"rendered":"https:\/\/eshoy.pe\/ruralia\/?page_id=1887"},"modified":"2025-02-19T11:53:43","modified_gmt":"2025-02-19T16:53:43","slug":"ninas-con-oportunidades-2","status":"publish","type":"page","link":"https:\/\/eshoy.pe\/ruralia\/reto-ruralia-2024\/ninas-con-oportunidades-2\/","title":{"rendered":"Ni\u00f1as con Oportunidades"},"content":{"rendered":"<div class=\"lazyblock-seccion-imagen-lateral-27ESBS alignfull alignfull  wp-block-lazyblock-seccion-imagen-lateral\"><section class=\"position-relative bg-light text- sider_section pageContent d-flex flex-wrap align-items-center\">\n  <div class=\"container\">\n\t\t<div class=\"row\">\n\t\t\t<div class=\"col-12 col-xl-6 pe-xl-0\">\n\t\t\t\t<figure class=\"mb-0 sider_image position-relative\">\n\t\t\t\t  <img decoding=\"async\" width=\"1446\" height=\"813\" src=\"https:\/\/eshoy.pe\/ruralia\/wp-content\/uploads\/sites\/2\/2025\/02\/WhatsApp-Image-2025-01-31-at-1.02_web-1446x813.jpg\" class=\"img-fit\" alt=\"\" loading=\"lazy\" srcset=\"https:\/\/eshoy.pe\/ruralia\/wp-content\/uploads\/sites\/2\/2025\/02\/WhatsApp-Image-2025-01-31-at-1.02_web-1446x813.jpg 1446w, https:\/\/eshoy.pe\/ruralia\/wp-content\/uploads\/sites\/2\/2025\/02\/WhatsApp-Image-2025-01-31-at-1.02_web-960x540.jpg 960w, https:\/\/eshoy.pe\/ruralia\/wp-content\/uploads\/sites\/2\/2025\/02\/WhatsApp-Image-2025-01-31-at-1.02_web-768x432.jpg 768w, https:\/\/eshoy.pe\/ruralia\/wp-content\/uploads\/sites\/2\/2025\/02\/WhatsApp-Image-2025-01-31-at-1.02_web-1536x864.jpg 1536w, https:\/\/eshoy.pe\/ruralia\/wp-content\/uploads\/sites\/2\/2025\/02\/WhatsApp-Image-2025-01-31-at-1.02_web-540x305.jpg 540w, https:\/\/eshoy.pe\/ruralia\/wp-content\/uploads\/sites\/2\/2025\/02\/WhatsApp-Image-2025-01-31-at-1.02_web-169x95.jpg 169w, https:\/\/eshoy.pe\/ruralia\/wp-content\/uploads\/sites\/2\/2025\/02\/WhatsApp-Image-2025-01-31-at-1.02_web.jpg 1920w\" sizes=\"auto, (max-width: 1446px) 100vw, 1446px\" \/>\t\t\t\t<\/figure>\n\t\t\t<\/div>\n\t\t\t<div class=\"col-12 col-xl-5 offset-xl-1 position-relative d-flex flex-wrap align-items-center sider_content_wrapper\">\n\t\t\t\t<div class=\"sider_content py\" data-aos=\"fade-up\" data-aos-duration=\"800\">\n\t\t\t\t  <div class=\"lazyblock-inner-blocks\">\n\n<h3 class=\"wp-block-heading\"><strong>\u00bfEn qu\u00e9 consiste la iniciativa?<\/strong><\/h3>\n\n\n\n<p>Ni\u00f1as con Oportunidades (NCO) transforma la educaci\u00f3n de adolescentes rurales, creando espacios seguros donde aprenden, se protegen y se empoderan. Su eje central es la Educaci\u00f3n Sexual Integral (ESI), que garantiza sus derechos y autonom\u00eda, articul\u00e1ndose con otros tres componentes clave:<\/p>\n\n\n\n<ul class=\"wp-block-list\">\n<li>Las Habilidades Socioemocionales fortalecen su autoestima y relaciones saludables, potenciando el impacto de la ESI.<\/li>\n\n\n\n<li>La Educaci\u00f3n Financiera-STEAM les brinda herramientas para su independencia econ\u00f3mica y emprendimiento. Los Proyectos de Vida las ayudan a construir un futuro alineado con sus aspiraciones.<\/li>\n\n\n\n<li>A trav\u00e9s de la Red de L\u00edderes, muralizaciones y campa\u00f1as de sensibilizaci\u00f3n, se fomentan relaciones respetuosas y se previene la violencia. Adem\u00e1s, el programa involucra a familias, docentes y comunidades, creando redes de apoyo que aseguran un impacto sostenible en la vida de las adolescentes y su entorno.<\/li>\n<\/ul>\n\n<\/div>\n\t\t\t\t<\/div>\n\t\t\t<\/div>\n\t\t<\/div>\n\t<\/div>\n<\/section><\/div>\n\n<div class=\"lazyblock-seccion-imagen-derecha-1Ez1hU alignfull alignfull  wp-block-lazyblock-seccion-imagen-derecha\"><section class=\"position-relative bg-beige text- sider_section pageContent d-flex flex-wrap align-items-center rtl\">\n  <div class=\"container\">\n\t\t<div class=\"row\">\n\t\t\t<div class=\"col-12 col-xl-6 order-xl-2 offset-xl-1 ps-xl-0\">\n\t\t\t\t<figure class=\"mb-0 sider_image position-relative\">\n\t\t\t\t  <img decoding=\"async\" width=\"720\" height=\"405\" src=\"https:\/\/eshoy.pe\/ruralia\/wp-content\/uploads\/sites\/2\/2025\/02\/IMG_6424.webp\" class=\"img-fit\" alt=\"\" loading=\"lazy\" srcset=\"https:\/\/eshoy.pe\/ruralia\/wp-content\/uploads\/sites\/2\/2025\/02\/IMG_6424.webp 720w, https:\/\/eshoy.pe\/ruralia\/wp-content\/uploads\/sites\/2\/2025\/02\/IMG_6424-540x305.webp 540w, https:\/\/eshoy.pe\/ruralia\/wp-content\/uploads\/sites\/2\/2025\/02\/IMG_6424-169x95.webp 169w\" sizes=\"auto, (max-width: 720px) 100vw, 720px\" \/>\t\t\t\t  \t\t\t\t<\/figure>\n\t\t\t<\/div>\n\t\t\t<div class=\"col-12 col-xl-5 order-xl-1 position-relative d-flex flex-wrap align-items-center sider_content_wrapper\">\n\t\t\t\t<div class=\"sider_content py\" data-aos=\"fade-up\" data-aos-duration=\"800\">\n\t\t\t\t  <div class=\"lazyblock-inner-blocks\">\n\n<h3 class=\"wp-block-heading mb-0\"><strong>Nombre de la organizaci\u00f3n<\/strong>:<\/h3>\n\n\n\n<p class=\"h5 mb-4\">CARE Per\u00fa<\/p>\n\n\n\n<h3 class=\"wp-block-heading mb-0\"><strong>Tem\u00e1tica:<\/strong><\/h3>\n\n\n\n<p class=\"h5 mb-4\">Equidad de g\u00e9nero<\/p>\n\n\n\n<h3 class=\"wp-block-heading mb-0\"><strong>Territorio(s):<\/strong><\/h3>\n\n\n\n<p class=\"h5\">Cajamarca, Lambayeque y Amazonas<\/p>\n\n<\/div>\n\t\t\t\t<\/div>\n\t\t\t<\/div>\n\t\t<\/div>\n\t<\/div>\n<\/section><\/div>\n\n\n<p class=\"has-text-align-center has-verde-color has-text-color has-link-color py-5 wp-elements-6e76649ad5b66c2fa6a59c39df59abb6\"><a href=\"https:\/\/eshoy.pe\/ruralia\/reto-ruralia-2024\/#ganadores01\" data-type=\"page\" data-id=\"1818\">&lt; Volver<\/a><\/p>\n","protected":false},"excerpt":{"rendered":"<p>&lt; Volver<\/p>\n","protected":false},"author":1,"featured_media":0,"parent":1818,"menu_order":0,"comment_status":"closed","ping_status":"closed","template":"","meta":{"footnotes":""},"class_list":["post-1887","page","type-page","status-publish","hentry"],"acf":[],"_links":{"self":[{"href":"https:\/\/eshoy.pe\/ruralia\/wp-json\/wp\/v2\/pages\/1887","targetHints":{"allow":["GET"]}}],"collection":[{"href":"https:\/\/eshoy.pe\/ruralia\/wp-json\/wp\/v2\/pages"}],"about":[{"href":"https:\/\/eshoy.pe\/ruralia\/wp-json\/wp\/v2\/types\/page"}],"author":[{"embeddable":true,"href":"https:\/\/eshoy.pe\/ruralia\/wp-json\/wp\/v2\/users\/1"}],"replies":[{"embeddable":true,"href":"https:\/\/eshoy.pe\/ruralia\/wp-json\/wp\/v2\/comments?post=1887"}],"version-history":[{"count":3,"href":"https:\/\/eshoy.pe\/ruralia\/wp-json\/wp\/v2\/pages\/1887\/revisions"}],"predecessor-version":[{"id":1990,"href":"https:\/\/eshoy.pe\/ruralia\/wp-json\/wp\/v2\/pages\/1887\/revisions\/1990"}],"up":[{"embeddable":true,"href":"https:\/\/eshoy.pe\/ruralia\/wp-json\/wp\/v2\/pages\/1818"}],"wp:attachment":[{"href":"https:\/\/eshoy.pe\/ruralia\/wp-json\/wp\/v2\/media?parent=1887"}],"curies":[{"name":"wp","href":"https:\/\/api.w.org\/{rel}","templated":true}]}}