{"id":2032,"date":"2025-08-27T09:52:47","date_gmt":"2025-08-27T14:52:47","guid":{"rendered":"https:\/\/eshoy.pe\/ruralia\/?page_id=2032"},"modified":"2026-02-16T17:34:32","modified_gmt":"2026-02-16T22:34:32","slug":"reto-ruralia-2025","status":"publish","type":"page","link":"https:\/\/eshoy.pe\/ruralia\/reto-ruralia-2025\/","title":{"rendered":"Reto Ruralia 2025"},"content":{"rendered":"<div class=\"lazyblock-seccion-video-izquierda-DlCEo alignfull alignfull  wp-block-lazyblock-seccion-video-izquierda\"><section class=\"position-relative bg-beige text-black sider_section pageContent d-flex flex-wrap align-items-center\">\n\t<div class=\"container\">\n\t\t<div class=\"row\">\n\t\t\t<div class=\"col-12 col-xl-6 pe-xl-0\">\n\t\t\t\t<figure class=\"mb-0 sider_image position-relative\">\n\t\t\t\t\t\t\t\t\t\t<a href=\"#\" class=\"btn_video\" data-bs-toggle=\"modal\" data-bs-target=\"#modalVideo\" data-element=\"https:\/\/www.youtube.com\/embed\/pStTNlsDSEY\">\n\t\t\t\t\t\t<img decoding=\"async\" width=\"1217\" height=\"1280\" src=\"https:\/\/eshoy.pe\/ruralia\/wp-content\/uploads\/sites\/2\/2024\/10\/Imagen-de-WhatsApp-2024-10-15-a-las-18.07.16_f7158c24.jpg\" class=\"img-fit\" alt=\"\" loading=\"lazy\" srcset=\"https:\/\/eshoy.pe\/ruralia\/wp-content\/uploads\/sites\/2\/2024\/10\/Imagen-de-WhatsApp-2024-10-15-a-las-18.07.16_f7158c24.jpg 1217w, https:\/\/eshoy.pe\/ruralia\/wp-content\/uploads\/sites\/2\/2024\/10\/Imagen-de-WhatsApp-2024-10-15-a-las-18.07.16_f7158c24-913x960.jpg 913w, https:\/\/eshoy.pe\/ruralia\/wp-content\/uploads\/sites\/2\/2024\/10\/Imagen-de-WhatsApp-2024-10-15-a-las-18.07.16_f7158c24-768x808.jpg 768w, https:\/\/eshoy.pe\/ruralia\/wp-content\/uploads\/sites\/2\/2024\/10\/Imagen-de-WhatsApp-2024-10-15-a-las-18.07.16_f7158c24-90x95.jpg 90w\" sizes=\"auto, (max-width: 1217px) 100vw, 1217px\" \/>\t\t\t\t\t<\/a>\n\t\t\t\t<\/figure>\n\t\t\t<\/div>\n\t\t\t<div class=\"col-12 col-xl-5 offset-xl-1 position-relative d-flex flex-wrap align-items-center sider_content_wrapper\">\n\t\t\t\t<div class=\"sider_content py\" data-aos=\"fade-up\" data-aos-duration=\"800\">\n\t\t\t\t\t<div class=\"lazyblock-inner-blocks\">\n\n<h3 class=\"wp-block-heading\">\u00bfQu\u00e9 es el <strong>Reto Ruralia 2025?<\/strong><\/h3>\n\n\n\n<p>Es un proceso de postulaci\u00f3n dirigido a organizaciones sin fines de lucro y emprendimientos sociales con fines de lucro que desarrollan intervenciones educativas en zonas rurales del Per\u00fa.<\/p>\n\n\n\n<p>Busca identificar y reconocer soluciones innovadoras con alto potencial de impacto y escalamiento.<br><br>En esta edici\u00f3n, se otorgar\u00e1 puntaje adicional a las propuestas que tengan mayor incidencia en la Amazon\u00eda,<\/p>\n\n<\/div>\n\t\t\t\t<\/div>\n\t\t\t<\/div>\n\t\t<\/div>\n\t<\/div>\n<\/section><\/div>\n\n<div class=\"lazyblock-seccion-K1mLd alignfull alignfull  wp-block-lazyblock-seccion\" id=\"ganadores01\"><section class=\"position-relative py  bg-light text-\">\n  <div class=\"container\">\n\t\t<div class=\"row\" data-aos=\"fade-up\" data-aos-duration=\"600\">\n\t\t  <div class=\"col-12\">\n\t\t    <div class=\"lazyblock-inner-blocks\">\n\n<h2 class=\"wp-block-heading has-text-align-left has-verde-color has-text-color has-link-color mb-0 wp-elements-fe4f54da95bd6f606870fc9d64bc7564\"><strong>Conoce a los ganadores del RR25<\/strong><\/h2>\n\n\n\n<p class=\"has-text-align-center font-family-faktum h5 mb-4\"><\/p>\n\n\n\n<p><\/p>\n\n\n\n<div class=\"wp-block-columns is-layout-flex wp-container-core-columns-is-layout-9d6595d7 wp-block-columns-is-layout-flex\">\n<div class=\"wp-block-column is-layout-flow wp-block-column-is-layout-flow\" style=\"flex-basis:100%\">\n<div class=\"row gy-4\">\n<div class=\"col-lg-6\">\n<p><\/p>\n\n\n\n<p style=\"font-size:18px\" class=\"mb-0\"><strong>Tejiendo Futuros<\/strong><\/p>\n\n\n\n<p class=\"font-family-faktum p has-verde-color has-text-color has-link-color wp-elements-347cc9c1e29bbf7fa3cb301a71a9d7c1\" style=\"font-size:16px\">DyA Centro de Desarrollo y Autogesti\u00f3n<\/p>\n\n\n\n<p style=\"font-size:18px\" class=\"mb-0\"><strong>Academia Juvenil Huaripampa<\/strong><\/p>\n\n\n\n<p class=\"font-family-faktum p has-verde-color has-text-color has-link-color wp-elements-d69adebaa8b7f34ea4bd16d54cc74ac5\" style=\"font-size:16px\">Ense\u00f1a Per\u00fa<\/p>\n\n\n\n<p style=\"font-size:18px\" class=\"mb-0\"><strong>Mate Raymi, matem\u00e1ticas divertidas<\/strong><\/p>\n\n\n\n<p class=\"font-family-faktum p has-verde-color has-text-color has-link-color wp-elements-636adfba2a79e5df19e0d5b912741b15\" style=\"font-size:16px\">IPA Innovations for Poverty Action<\/p>\n\n\n\n<p style=\"font-size:18px\" class=\"mb-0\"><strong>Formaci\u00f3n en Gobernanza y Vocer\u00eda Mujer Ind\u00edgena<\/strong><\/p>\n\n\n\n<p class=\"font-family-faktum p has-verde-color has-text-color has-link-color wp-elements-b3ae526c72f72fb3568409ba40e301f8\" style=\"font-size:16px\">ORPIO<\/p>\n<\/div>\n\n\n\n<div class=\"col-lg-6\">\n<p><\/p>\n<\/div>\n\n\n\n<div class=\"col-lg-6\"><\/div>\n\n\n\n<div class=\"col-lg-6\"><\/div>\n\n\n\n<div class=\"col-lg-6\"><\/div>\n\n\n\n<div class=\"col-lg-6\"><\/div>\n<\/div>\n<\/div>\n\n\n\n<div class=\"wp-block-column is-layout-flow wp-block-column-is-layout-flow\" style=\"flex-basis:100%\">\n<div class=\"row gy-4\">\n<div class=\"col-lg-6\">\n<p><\/p>\n\n\n\n<p style=\"font-size:18px\" class=\"mb-0\"><strong>ESI-C: Escuelas y comunidad por el bienestar adolescente<\/strong><\/p>\n\n\n\n<p class=\"font-family-faktum p has-verde-color has-text-color has-link-color wp-elements-9259af3a77b4997dc9b6ec77f0a8f9b3\" style=\"font-size:16px\">PROMSEX<\/p>\n\n\n\n<p style=\"font-size:18px\" class=\"mb-0\"><strong>EduCashu<\/strong><\/p>\n\n\n\n<p class=\"font-family-faktum p has-verde-color has-text-color has-link-color wp-elements-89631dd5894b7de23113d79e0c486e08\" style=\"font-size:16px\">San Diego Zoo Wildlife Alliance Peru<\/p>\n\n\n\n<p style=\"font-size:18px\" class=\"mb-0\"><strong>TransformaED Rural &#8211; Pangoa<\/strong><\/p>\n\n\n\n<p class=\"font-family-faktum p has-verde-color has-text-color has-link-color wp-elements-bf9989982243770bd6c7535771729ac6\" style=\"font-size:16px\">Transforma<\/p>\n\n\n\n<p style=\"font-size:18px\" class=\"mb-0\"><strong>PREPA RURAL: Puente al Futuro<\/strong><\/p>\n\n\n\n<p class=\"font-family-faktum p has-verde-color has-text-color has-link-color wp-elements-cbe969f308a6775548e03bd867b32309\" style=\"font-size:16px\">Victor&#8217;s Vision<\/p>\n<\/div>\n\n\n\n<div class=\"col-lg-6\">\n<p><\/p>\n<\/div>\n\n\n\n<div class=\"col-lg-6\"><\/div>\n\n\n\n<div class=\"col-lg-6\"><\/div>\n\n\n\n<div class=\"col-lg-6\"><\/div>\n\n\n\n<div class=\"col-lg-6\"><\/div>\n<\/div>\n<\/div>\n<\/div>\n\n<\/div>\n\t\t  <\/div>\n\t\t<\/div>\n\t<\/div>\n<\/section><\/div>\n\n<div class=\"lazyblock-seccion-imagen-lateral-1hI4bY alignfull alignfull  wp-block-lazyblock-seccion-imagen-lateral\" id=\"retoruralia\"><section class=\"position-relative bg-amarillo text- sider_section pageContent d-flex flex-wrap align-items-center\">\n  <div class=\"container\">\n\t\t<div class=\"row\">\n\t\t\t<div class=\"col-12 col-xl-6 pe-xl-0\">\n\t\t\t\t<figure class=\"mb-0 sider_image position-relative\">\n\t\t\t\t  <img decoding=\"async\" width=\"1446\" height=\"964\" src=\"https:\/\/eshoy.pe\/ruralia\/wp-content\/uploads\/sites\/2\/2025\/08\/DSC05039-1446x964.jpg\" class=\"img-fit\" alt=\"\" loading=\"lazy\" srcset=\"https:\/\/eshoy.pe\/ruralia\/wp-content\/uploads\/sites\/2\/2025\/08\/DSC05039-1446x964.jpg 1446w, https:\/\/eshoy.pe\/ruralia\/wp-content\/uploads\/sites\/2\/2025\/08\/DSC05039-960x640.jpg 960w, https:\/\/eshoy.pe\/ruralia\/wp-content\/uploads\/sites\/2\/2025\/08\/DSC05039-768x512.jpg 768w, https:\/\/eshoy.pe\/ruralia\/wp-content\/uploads\/sites\/2\/2025\/08\/DSC05039-1536x1024.jpg 1536w, https:\/\/eshoy.pe\/ruralia\/wp-content\/uploads\/sites\/2\/2025\/08\/DSC05039-2048x1365.jpg 2048w, https:\/\/eshoy.pe\/ruralia\/wp-content\/uploads\/sites\/2\/2025\/08\/DSC05039-142x95.jpg 142w\" sizes=\"auto, (max-width: 1446px) 100vw, 1446px\" \/>\t\t\t\t<\/figure>\n\t\t\t<\/div>\n\t\t\t<div class=\"col-12 col-xl-5 offset-xl-1 position-relative d-flex flex-wrap align-items-center sider_content_wrapper\">\n\t\t\t\t<div class=\"sider_content py\" data-aos=\"fade-up\" data-aos-duration=\"800\">\n\t\t\t\t  <div class=\"lazyblock-inner-blocks\">\n\n<h3 class=\"wp-block-heading\"><strong>Beneficios <\/strong><\/h3>\n\n\n\n<p>Las 8 organizaciones ganadoras acceder\u00e1n a:<br><br><strong>Acelera Ruralia:<\/strong> programa de aceleraci\u00f3n que incluye talleres, mentor\u00edas personalizadas, acceso a redes y espacios de articulaci\u00f3n con diversos actores del ecosistema.<\/p>\n\n\n\n<p><strong>Fondo monetario:<\/strong> hasta S\/ 600 mil distribuidos entre las 8 iniciativas ganadoras.<\/p>\n\n\n\n<p><strong>Acompa\u00f1amiento personalizado:<\/strong> durante 24 meses posteriores al cierre de Acelera, con reuniones peri\u00f3dicas de seguimiento y apoyo adaptado a las necesidades de cada organizaci\u00f3n.<\/p>\n\n\n\n<p><strong>Acceso a espacios de encuentro y articulaci\u00f3n<\/strong> con actores del ecosistema educativo rural.<\/p>\n\n<\/div>\n\t\t\t\t<\/div>\n\t\t\t<\/div>\n\t\t<\/div>\n\t<\/div>\n<\/section><\/div>\n\n<div class=\"lazyblock-seccion-imagen-derecha-ZN5rvD alignfull alignfull  wp-block-lazyblock-seccion-imagen-derecha\"><section class=\"position-relative bg-white text- sider_section pageContent d-flex flex-wrap align-items-center rtl\">\n  <div class=\"container\">\n\t\t<div class=\"row\">\n\t\t\t<div class=\"col-12 col-xl-6 order-xl-2 offset-xl-1 ps-xl-0\">\n\t\t\t\t<figure class=\"mb-0 sider_image position-relative\">\n\t\t\t\t  <img decoding=\"async\" width=\"1070\" height=\"937\" src=\"https:\/\/eshoy.pe\/ruralia\/wp-content\/uploads\/sites\/2\/2024\/10\/foto1.jpg\" class=\"img-fit\" alt=\"\" loading=\"lazy\" srcset=\"https:\/\/eshoy.pe\/ruralia\/wp-content\/uploads\/sites\/2\/2024\/10\/foto1.jpg 1070w, https:\/\/eshoy.pe\/ruralia\/wp-content\/uploads\/sites\/2\/2024\/10\/foto1-960x841.jpg 960w, https:\/\/eshoy.pe\/ruralia\/wp-content\/uploads\/sites\/2\/2024\/10\/foto1-768x673.jpg 768w, https:\/\/eshoy.pe\/ruralia\/wp-content\/uploads\/sites\/2\/2024\/10\/foto1-108x95.jpg 108w\" sizes=\"auto, (max-width: 1070px) 100vw, 1070px\" \/>\t\t\t\t  \t\t\t\t<\/figure>\n\t\t\t<\/div>\n\t\t\t<div class=\"col-12 col-xl-5 order-xl-1 position-relative d-flex flex-wrap align-items-center sider_content_wrapper\">\n\t\t\t\t<div class=\"sider_content py\" data-aos=\"fade-up\" data-aos-duration=\"800\">\n\t\t\t\t  <div class=\"lazyblock-inner-blocks\">\n\n<h3 class=\"wp-block-heading mb-5\">\u00bfQui\u00e9nes forman parte del <strong>Comit\u00e9 Evaluador?<\/strong><\/h3>\n\n\n\n<div class=\"row gy-4\">\n<div class=\"col-lg-6\">\n<p style=\"font-size:18px\" class=\"mb-0\"><strong>Patricia Andrade<\/strong><\/p>\n\n\n\n<p class=\"font-family-faktum p has-verde-color has-text-color has-link-color wp-elements-d7b90c27420664559f84b4d710e79199\" style=\"font-size:16px\">Especialista en gesti\u00f3n de pol\u00edticas, ex Viceministra de Educaci\u00f3n y Directora de Proyectos en ENACCION SAC.<\/p>\n\n\n\n<p style=\"font-size:18px\" class=\"mb-0\"><strong>Mart\u00edn Vegas<\/strong><\/p>\n\n\n\n<p class=\"font-family-faktum p has-verde-color has-text-color has-link-color wp-elements-2a54b8c9e6e8796ae9ee418c0ad57e41\" style=\"font-size:16px\">Coordinador del Programa Horizontes de Educaci\u00f3n Secundaria Rural de la UNESCO.<\/p>\n\n\n\n<p style=\"font-size:18px\" class=\"mb-0\"><strong>Jos\u00e9 Luis Gargurevich<\/strong><\/p>\n\n\n\n<p class=\"font-family-faktum p has-verde-color has-text-color has-link-color wp-elements-26a7d93b900d1298a3f28b3c8360089d\" style=\"font-size:16px\">Presidente del Instituto para la Sociedad de la Informaci\u00f3n.<\/p>\n\n\n\n<p style=\"font-size:18px\" class=\"mb-0\"><strong>Luis Quintanilla<\/strong><\/p>\n\n\n\n<p class=\"font-family-faktum p has-verde-color has-text-color has-link-color wp-elements-db66c8995824960b196395ae642609dd\" style=\"font-size:16px\">Director General de la Direcci\u00f3n General de Calidad de la Gesti\u00f3n Escolar (DIGC) del MINEDU. <\/p>\n\n\n\n<p style=\"font-size:18px\" class=\"mb-0\"><strong>Patricia Gastulo<\/strong><\/p>\n\n\n\n<p class=\"font-family-faktum p has-verde-color has-text-color has-link-color wp-elements-9069cecdb6e821f50c5400175a64407f\" style=\"font-size:16px\">Gerente de Aprendizajes en Innova Schools<br><\/p>\n\n\n\n<p class=\"font-family-faktum p has-verde-color has-text-color has-link-color wp-elements-4009e0c87d2f883b0cc3d36912b32408\" style=\"font-size:16px\"><\/p>\n<\/div>\n\n\n\n<div class=\"col-lg-6\">\n<p style=\"font-size:18px\" class=\"mb-0\"><strong>Susan Crespo<\/strong><span id=\"docs-internal-guid-332ef730-7fff-b71e-6575-76f212aa7fc7\"><\/span><\/p>\n\n\n\n<p class=\"font-family-faktum p has-verde-color has-text-color has-link-color wp-elements-b609f56ff154ae7ba344a663608983df\" style=\"font-size:16px\">Coordinadora de la Direcci\u00f3n de Fortalecimiento de Capacidades (DIFOCA).<\/p>\n\n\n\n<p style=\"font-size:18px\" class=\"mb-0\"><strong>Javier Vel\u00e1squez<\/strong><\/p>\n\n\n\n<p class=\"font-family-faktum p has-verde-color has-text-color has-link-color wp-elements-8e224dea6890167c409c43b55f140f24\" style=\"font-size:16px\">Director y fundador de Amazon Forever, ganador del Reto Ruralia 2023.<\/p>\n\n\n\n<p style=\"font-size:18px\" class=\"mb-0\"><strong>Ericka Lock<\/strong><\/p>\n\n\n\n<p class=\"font-family-faktum p has-verde-color has-text-color has-link-color wp-elements-381babea0efa517c4f56bc3764f2c257\" style=\"font-size:16px\">Vicepresidenta de Kaphan Foundation y asociada de Es Hoy.<\/p>\n\n\n\n<p style=\"font-size:18px\" class=\"mb-0\"><strong>Daniella Raffo<\/strong><\/p>\n\n\n\n<p class=\"font-family-faktum p has-verde-color has-text-color has-link-color wp-elements-dbcfe87e0d9ab4a35582a1e064eeaa77\" style=\"font-size:16px\">CEO de Munai Education y experta en innovaci\u00f3n educativa y social. <\/p>\n\n\n\n<p style=\"font-size:18px\" class=\"mb-0\"><strong>Dar\u00edo Zegarra<\/strong><\/p>\n\n\n\n<p class=\"font-family-faktum p has-verde-color has-text-color has-link-color wp-elements-98a387dd7dfd62ec9e76e85fc0316ca1\" style=\"font-size:16px\">Gerente Pa\u00eds de Newmont Per\u00fa<\/p>\n\n\n\n<p style=\"font-size:18px\" class=\"mb-0\"><strong>Ivo Saona<\/strong><\/p>\n\n\n\n<p class=\"font-family-faktum p has-verde-color has-text-color has-link-color wp-elements-4ed95e6c1b061b12091c8e2cdde6a582\" style=\"font-size:16px\">Director Independiente<br><\/p>\n<\/div>\n\n\n\n<div class=\"col-lg-6\"><\/div>\n\n\n\n<div class=\"col-lg-6\"><\/div>\n\n\n\n<div class=\"col-lg-6\"><\/div>\n\n\n\n<div class=\"col-lg-6\"><\/div>\n<\/div>\n\n<\/div>\n\t\t\t\t<\/div>\n\t\t\t<\/div>\n\t\t<\/div>\n\t<\/div>\n<\/section><\/div>\n\n\n\n<div class=\"lazyblock-seccion-imagen-lateral-Z1CugMx alignfull alignfull  wp-block-lazyblock-seccion-imagen-lateral\" id=\"retoruralia\"><section class=\"position-relative bg-verde text-white sider_section pageContent d-flex flex-wrap align-items-center\">\n  <div class=\"container\">\n\t\t<div class=\"row\">\n\t\t\t<div class=\"col-12 col-xl-6 pe-xl-0\">\n\t\t\t\t<figure class=\"mb-0 sider_image position-relative\">\n\t\t\t\t  <img decoding=\"async\" width=\"1446\" height=\"969\" src=\"https:\/\/eshoy.pe\/ruralia\/wp-content\/uploads\/sites\/2\/2025\/08\/evento_ganadores_ruralia_2024_44-1446x969.jpg\" class=\"img-fit\" alt=\"\" loading=\"lazy\" srcset=\"https:\/\/eshoy.pe\/ruralia\/wp-content\/uploads\/sites\/2\/2025\/08\/evento_ganadores_ruralia_2024_44-1446x969.jpg 1446w, https:\/\/eshoy.pe\/ruralia\/wp-content\/uploads\/sites\/2\/2025\/08\/evento_ganadores_ruralia_2024_44-960x643.jpg 960w, https:\/\/eshoy.pe\/ruralia\/wp-content\/uploads\/sites\/2\/2025\/08\/evento_ganadores_ruralia_2024_44-768x514.jpg 768w, https:\/\/eshoy.pe\/ruralia\/wp-content\/uploads\/sites\/2\/2025\/08\/evento_ganadores_ruralia_2024_44-1536x1029.jpg 1536w, https:\/\/eshoy.pe\/ruralia\/wp-content\/uploads\/sites\/2\/2025\/08\/evento_ganadores_ruralia_2024_44-2048x1372.jpg 2048w, https:\/\/eshoy.pe\/ruralia\/wp-content\/uploads\/sites\/2\/2025\/08\/evento_ganadores_ruralia_2024_44-142x95.jpg 142w\" sizes=\"auto, (max-width: 1446px) 100vw, 1446px\" \/>\t\t\t\t<\/figure>\n\t\t\t<\/div>\n\t\t\t<div class=\"col-12 col-xl-5 offset-xl-1 position-relative d-flex flex-wrap align-items-center sider_content_wrapper\">\n\t\t\t\t<div class=\"sider_content py\" data-aos=\"fade-up\" data-aos-duration=\"800\">\n\t\t\t\t  <div class=\"lazyblock-inner-blocks\">\n\n<h3 class=\"wp-block-heading\">Adem\u00e1s, tenemos<strong> el <strong>Reconocimiento a empresas por la educaci\u00f3n rural<\/strong> <\/strong><\/h3>\n\n\n\n<p>Es un premio dirigido al sector privado que busca visibilizar y poner en valor el aporte de las empresas al cierre de brechas educativas en zonas rurales. Destaca aquellas acciones que sirven de ejemplo e inspiraci\u00f3n para el ecosistema.<br><br>En su segunda edici\u00f3n, Es Hoy, en alianza con EXE e IPAE Acci\u00f3n Empresarial, distinguir\u00e1 a 3 empresas que realicen acciones por la educaci\u00f3n rural que sobresalgan por su pertinencia, estrategia e impacto.<\/p>\n\n\n\n<p><\/p>\n\n\n\n<div class=\"wp-block-buttons is-layout-flex wp-block-buttons-is-layout-flex\">\n<div class=\"wp-block-button\"><a class=\"wp-block-button__link wp-element-button\" href=\"http:\/\/www.eshoy.pe\/ruralia\/reconocimiento2025\" target=\"_blank\" rel=\"noreferrer noopener\">Conoce m\u00e1s<span class=\"stretched-link\"><\/span><\/a><\/div>\n<\/div>\n\n\n\n<p><\/p>\n\n<\/div>\n\t\t\t\t<\/div>\n\t\t\t<\/div>\n\t\t<\/div>\n\t<\/div>\n<\/section><\/div>\n\n<div class=\"lazyblock-seccion-Z1m1Gsg alignfull alignfull  wp-block-lazyblock-seccion\" id=\"contacto\"><section class=\"position-relative py  bg-white text-\">\n  <div class=\"container\">\n\t\t<div class=\"row\" data-aos=\"fade-up\" data-aos-duration=\"600\">\n\t\t  <div class=\"col-12\">\n\t\t    <div class=\"lazyblock-inner-blocks\">\n\n<p class=\"has-text-align-center mb-3\">Si requieres asistencia en la postulaci\u00f3n, puedes contactarnos por:<\/p>\n\n\n\n<div class=\"row align-items-center justify-content-center\">\n<div class=\"col-12 col-md-auto\">\n<div class=\"p row align-items-center gx-2\">\n<div class=\"col-auto\">\n<figure class=\"wp-block-image size-large mb-0\"><img loading=\"lazy\" decoding=\"async\" width=\"48\" height=\"48\" src=\"https:\/\/eshoy.pe\/ruralia\/wp-content\/uploads\/sites\/2\/2024\/10\/icon_mail.svg\" alt=\"\" class=\"wp-image-1637\"\/><\/figure>\n<\/div>\n\n\n\n<div class=\"col-auto\">\n<p><a href=\"mailto:ruralia@eshoy.pe\" target=\"_blank\" rel=\"noreferrer noopener\"><strong>ruralia@eshoy.pe<\/strong><\/a><\/p>\n<\/div>\n<\/div>\n<\/div>\n\n\n<\/div>\n\n<\/div>\n\t\t  <\/div>\n\t\t<\/div>\n\t<\/div>\n<\/section><\/div>","protected":false},"excerpt":{"rendered":"","protected":false},"author":1,"featured_media":0,"parent":0,"menu_order":0,"comment_status":"closed","ping_status":"closed","template":"page-template-home.php","meta":{"footnotes":""},"class_list":["post-2032","page","type-page","status-publish","hentry"],"acf":[],"_links":{"self":[{"href":"https:\/\/eshoy.pe\/ruralia\/wp-json\/wp\/v2\/pages\/2032","targetHints":{"allow":["GET"]}}],"collection":[{"href":"https:\/\/eshoy.pe\/ruralia\/wp-json\/wp\/v2\/pages"}],"about":[{"href":"https:\/\/eshoy.pe\/ruralia\/wp-json\/wp\/v2\/types\/page"}],"author":[{"embeddable":true,"href":"https:\/\/eshoy.pe\/ruralia\/wp-json\/wp\/v2\/users\/1"}],"replies":[{"embeddable":true,"href":"https:\/\/eshoy.pe\/ruralia\/wp-json\/wp\/v2\/comments?post=2032"}],"version-history":[{"count":10,"href":"https:\/\/eshoy.pe\/ruralia\/wp-json\/wp\/v2\/pages\/2032\/revisions"}],"predecessor-version":[{"id":2293,"href":"https:\/\/eshoy.pe\/ruralia\/wp-json\/wp\/v2\/pages\/2032\/revisions\/2293"}],"wp:attachment":[{"href":"https:\/\/eshoy.pe\/ruralia\/wp-json\/wp\/v2\/media?parent=2032"}],"curies":[{"name":"wp","href":"https:\/\/api.w.org\/{rel}","templated":true}]}}