{"id":2059,"date":"2025-08-26T18:09:07","date_gmt":"2025-08-26T23:09:07","guid":{"rendered":"https:\/\/eshoy.pe\/ruralia\/?page_id=2059"},"modified":"2026-02-24T15:41:08","modified_gmt":"2026-02-24T20:41:08","slug":"reconocimiento2025","status":"publish","type":"page","link":"https:\/\/eshoy.pe\/ruralia\/reconocimiento2025\/","title":{"rendered":"Reconocimiento a empresas 2025"},"content":{"rendered":"<div class=\"lazyblock-seccion-imagen-lateral-Z1CugMx alignfull alignfull  wp-block-lazyblock-seccion-imagen-lateral\" id=\"retoruralia\"><section class=\"position-relative bg-verde text-white sider_section pageContent d-flex flex-wrap align-items-center\">\n  <div class=\"container\">\n\t\t<div class=\"row\">\n\t\t\t<div class=\"col-12 col-xl-6 pe-xl-0\">\n\t\t\t\t<figure class=\"mb-0 sider_image position-relative\">\n\t\t\t\t  <img decoding=\"async\" width=\"1446\" height=\"963\" src=\"https:\/\/eshoy.pe\/ruralia\/wp-content\/uploads\/sites\/2\/2025\/08\/reconocimiento-empresas-1446x963.jpg\" class=\"img-fit\" alt=\"\" loading=\"lazy\" srcset=\"https:\/\/eshoy.pe\/ruralia\/wp-content\/uploads\/sites\/2\/2025\/08\/reconocimiento-empresas-1446x963.jpg 1446w, https:\/\/eshoy.pe\/ruralia\/wp-content\/uploads\/sites\/2\/2025\/08\/reconocimiento-empresas-1536x1023.jpg 1536w\" sizes=\"auto, (max-width: 1446px) 100vw, 1446px\" \/>\t\t\t\t<\/figure>\n\t\t\t<\/div>\n\t\t\t<div class=\"col-12 col-xl-5 offset-xl-1 position-relative d-flex flex-wrap align-items-center sider_content_wrapper\">\n\t\t\t\t<div class=\"sider_content py\" data-aos=\"fade-up\" data-aos-duration=\"800\">\n\t\t\t\t  <div class=\"lazyblock-inner-blocks\">\n\n<h3 class=\"wp-block-heading\">\u00bfQu\u00e9 es<strong> el <strong>Reconocimiento a empresas por la educaci\u00f3n rural<\/strong> ?<\/strong><\/h3>\n\n\n\n<p>Es un premio dirigido al sector privado que busca visibilizar y poner en valor el aporte de las empresas al cierre de brechas educativas en zonas rurales. Destaca aquellas acciones que sirven de ejemplo e inspiraci\u00f3n para el ecosistema.<br><br>En su segunda edici\u00f3n, Es Hoy, en alianza con EXE e IPAE Acci\u00f3n Empresarial, distinguir\u00e1 a 3 empresas que realicen acciones por la educaci\u00f3n rural que sobresalgan por su pertinencia, estrategia e impacto.<\/p>\n\n\n\n<p><\/p>\n\n\n\n<p><\/p>\n\n<\/div>\n\t\t\t\t<\/div>\n\t\t\t<\/div>\n\t\t<\/div>\n\t<\/div>\n<\/section><\/div>\n\n<div class=\"lazyblock-seccion-K1mLd alignfull alignfull  wp-block-lazyblock-seccion\" id=\"ganadores01\"><section class=\"position-relative py  bg-light text-\">\n  <div class=\"container\">\n\t\t<div class=\"row\" data-aos=\"fade-up\" data-aos-duration=\"600\">\n\t\t  <div class=\"col-12\">\n\t\t    <div class=\"lazyblock-inner-blocks\">\n\n<h3 class=\"wp-block-heading has-text-align-left has-verde-color has-text-color has-link-color mb-0 wp-elements-2dbced7d540e31c939ef6e6151b24f2f\" style=\"font-size:45px\"><strong>Conoce a los ganadores del <\/strong><\/h3>\n\n\n\n<h3 class=\"wp-block-heading has-text-align-left has-verde-color has-text-color has-link-color mb-0 wp-elements-c3a66005c5d6c1aceac25ae200afd381\" style=\"font-size:45px\"><strong>Reconocimiento a empresas 2025<\/strong><\/h3>\n\n\n\n<p class=\"has-text-align-left\"><\/p>\n\n\n\n<p class=\"has-text-align-left\"><\/p>\n\n\n\n<div class=\"wp-block-columns is-layout-flex wp-container-core-columns-is-layout-9d6595d7 wp-block-columns-is-layout-flex\">\n<div class=\"wp-block-column is-layout-flow wp-block-column-is-layout-flow\">\n<p><\/p>\n\n\n\n<p style=\"font-size:25px\"><strong>Fospibay<\/strong><\/p>\n\n\n\n<ul class=\"wp-block-list\">\n<li class=\"has-verde-color has-text-color has-link-color wp-elements-569a9036c6193aab22519747d1fc37ec\"><strong>Agua para todos. Escolares acceden al agua como derecho fundamental <\/strong><\/li>\n<\/ul>\n\n\n\n<p style=\"font-size:15px\">El proyecto implement\u00f3 unidades b\u00e1sicas de saneamiento con biodigestor en escuelas y viviendas de los centros poblados de El Barco, San Jos\u00e9, Belisario, La Angostura, Tres Cruces y Noria Honda, incorporando agua segura, ba\u00f1os, energ\u00eda solar y educaci\u00f3n sanitaria para las familias. Con ello, se atendi\u00f3 una brecha cr\u00edtica en 11 escuelas que no contaban con agua ni servicios higi\u00e9nicos.<\/p>\n<\/div>\n\n\n\n<div class=\"wp-block-column is-layout-flow wp-block-column-is-layout-flow\">\n<p><strong> <\/strong><\/p>\n\n\n\n<p style=\"font-size:25px\"><strong>Minera Poderosa<\/strong><\/p>\n\n\n\n<ul class=\"wp-block-list\">\n<li class=\"has-verde-color has-text-color has-link-color wp-elements-678b521a2a996457ba10be3c9f3afa71\"><strong>Yo me cuido para hacer mi plan de vida realidad<\/strong><\/li>\n<\/ul>\n\n\n\n<p style=\"font-size:15px\">El proyecto Yo me cuido, realizado a trav\u00e9s de la Asociaci\u00f3n Pataz, atiende la problem\u00e1tica del embarazo adolescente en el distrito de Pataz, que alcanz\u00f3 un 18% en 2021 y se redujo al 9% en 2025 gracias a su implementaci\u00f3n.<\/p>\n\n\n\n<ul class=\"wp-block-list\">\n<li class=\"has-verde-color has-text-color has-link-color wp-elements-b104f8fd974845d9f0170106526a9cc6\"><strong>Unidos por la salud materno infantil<\/strong><\/li>\n<\/ul>\n\n\n\n<p style=\"font-size:15px\">El proyecto, realizado a trav\u00e9s de la Asociaci\u00f3n Pataz, enfrenta la problem\u00e1tica de la anemia en ni\u00f1os menores de 3 a\u00f1os, La anemia en los ni\u00f1os afecta su desarrollo f\u00edsico y cognitivo, su rendimiento escolar y capacidad de aprendizaje, vulnerando sus derechos a un desarrollo pleno y en igualdad de condiciones.<\/p>\n<\/div>\n\n\n\n<div class=\"wp-block-column is-layout-flow wp-block-column-is-layout-flow\">\n<p><\/p>\n\n\n\n<p style=\"font-size:25px\"><strong>Danper <\/strong><\/p>\n\n\n\n<ul class=\"wp-block-list\">\n<li class=\"has-verde-color has-text-color has-link-color wp-elements-a08bb3cc1aad3b4769f84e23356a4e9a\"><strong>Victoria: El empoderamiento femenino y equidad de g\u00e9nero como condici\u00f3n indispensable para el desarrollo del Per\u00fa <\/strong><\/li>\n<\/ul>\n\n\n\n<p style=\"font-size:15px\">Victoria es un ecosistema integral que aborda brechas que afectan a mujeres y familias rurales, como la violencia, la desigualdad educativa y el acceso limitado a la salud.<\/p>\n\n\n\n<p style=\"font-size:15px\">A trav\u00e9s de acciones en equidad de g\u00e9nero, salud y educaci\u00f3n, promueve entornos seguros e inclusivos y fortalece el liderazgo femenino en la cadena de valor.<\/p>\n<\/div>\n<\/div>\n\n\n\n<p><\/p>\n\n<\/div>\n\t\t  <\/div>\n\t\t<\/div>\n\t<\/div>\n<\/section><\/div>\n\n<div class=\"lazyblock-seccion-imagen-lateral-1zFGMD alignfull alignfull  wp-block-lazyblock-seccion-imagen-lateral\" id=\"retoruralia\"><section class=\"position-relative bg-amarillo text- sider_section pageContent d-flex flex-wrap align-items-center\">\n  <div class=\"container\">\n\t\t<div class=\"row\">\n\t\t\t<div class=\"col-12 col-xl-6 pe-xl-0\">\n\t\t\t\t<figure class=\"mb-0 sider_image position-relative\">\n\t\t\t\t  <img decoding=\"async\" width=\"1446\" height=\"969\" src=\"https:\/\/eshoy.pe\/ruralia\/wp-content\/uploads\/sites\/2\/2025\/08\/evento_ganadores_ruralia_2024_44-1446x969.jpg\" class=\"img-fit\" alt=\"\" loading=\"lazy\" srcset=\"https:\/\/eshoy.pe\/ruralia\/wp-content\/uploads\/sites\/2\/2025\/08\/evento_ganadores_ruralia_2024_44-1446x969.jpg 1446w, https:\/\/eshoy.pe\/ruralia\/wp-content\/uploads\/sites\/2\/2025\/08\/evento_ganadores_ruralia_2024_44-960x643.jpg 960w, https:\/\/eshoy.pe\/ruralia\/wp-content\/uploads\/sites\/2\/2025\/08\/evento_ganadores_ruralia_2024_44-768x514.jpg 768w, https:\/\/eshoy.pe\/ruralia\/wp-content\/uploads\/sites\/2\/2025\/08\/evento_ganadores_ruralia_2024_44-1536x1029.jpg 1536w, https:\/\/eshoy.pe\/ruralia\/wp-content\/uploads\/sites\/2\/2025\/08\/evento_ganadores_ruralia_2024_44-2048x1372.jpg 2048w, https:\/\/eshoy.pe\/ruralia\/wp-content\/uploads\/sites\/2\/2025\/08\/evento_ganadores_ruralia_2024_44-142x95.jpg 142w\" sizes=\"auto, (max-width: 1446px) 100vw, 1446px\" \/>\t\t\t\t<\/figure>\n\t\t\t<\/div>\n\t\t\t<div class=\"col-12 col-xl-5 offset-xl-1 position-relative d-flex flex-wrap align-items-center sider_content_wrapper\">\n\t\t\t\t<div class=\"sider_content py\" data-aos=\"fade-up\" data-aos-duration=\"800\">\n\t\t\t\t  <div class=\"lazyblock-inner-blocks\">\n\n<h3 class=\"wp-block-heading\"><strong>Beneficios <\/strong><\/h3>\n\n\n\n<p>Las tres empresas reconocidas acceder\u00e1n a:<br><br><strong>Trofeo de reconocimiento<\/strong>, entregado durante el evento de premiaci\u00f3n presencial.<\/p>\n\n\n\n<p><strong>Difusi\u00f3n en prensa y medios<\/strong>, incluyendo menci\u00f3n en prensa escrita\/virtual y un video por empresa difundido en las redes sociales de Es Hoy\/Ruralia, EXE e IPAE.<\/p>\n\n\n\n<p><strong>Visibilidad<\/strong> ante actores clave en el evento de premiaci\u00f3n y en las redes de Ruralia, Es Hoy, EXE e IPAE.<\/p>\n\n\n\n<p><strong>Acceso a redes de contacto <\/strong>con l\u00edderes empresariales, funcionarios p\u00fablicos, expertos en iniciativas sociales y academia.<\/p>\n\n\n\n<p><strong>Participaci\u00f3n en espacios de articulaci\u00f3n<\/strong> con entidades del Estado, organizaciones de la sociedad civil y empresas.<\/p>\n\n<\/div>\n\t\t\t\t<\/div>\n\t\t\t<\/div>\n\t\t<\/div>\n\t<\/div>\n<\/section><\/div>\n\n<div class=\"lazyblock-seccion-imagen-derecha-ZN5rvD alignfull alignfull  wp-block-lazyblock-seccion-imagen-derecha\"><section class=\"position-relative bg-white text- sider_section pageContent d-flex flex-wrap align-items-center rtl\">\n  <div class=\"container\">\n\t\t<div class=\"row\">\n\t\t\t<div class=\"col-12 col-xl-6 order-xl-2 offset-xl-1 ps-xl-0\">\n\t\t\t\t<figure class=\"mb-0 sider_image position-relative\">\n\t\t\t\t  <img decoding=\"async\" width=\"1446\" height=\"963\" src=\"https:\/\/eshoy.pe\/ruralia\/wp-content\/uploads\/sites\/2\/2025\/08\/reconocimiento-empresas3-1446x963.jpg\" class=\"img-fit\" alt=\"\" loading=\"lazy\" srcset=\"https:\/\/eshoy.pe\/ruralia\/wp-content\/uploads\/sites\/2\/2025\/08\/reconocimiento-empresas3-1446x963.jpg 1446w, https:\/\/eshoy.pe\/ruralia\/wp-content\/uploads\/sites\/2\/2025\/08\/reconocimiento-empresas3-960x640.jpg 960w, https:\/\/eshoy.pe\/ruralia\/wp-content\/uploads\/sites\/2\/2025\/08\/reconocimiento-empresas3-768x512.jpg 768w, https:\/\/eshoy.pe\/ruralia\/wp-content\/uploads\/sites\/2\/2025\/08\/reconocimiento-empresas3-1536x1023.jpg 1536w, https:\/\/eshoy.pe\/ruralia\/wp-content\/uploads\/sites\/2\/2025\/08\/reconocimiento-empresas3-143x95.jpg 143w, https:\/\/eshoy.pe\/ruralia\/wp-content\/uploads\/sites\/2\/2025\/08\/reconocimiento-empresas3.jpg 1600w\" sizes=\"auto, (max-width: 1446px) 100vw, 1446px\" \/>\t\t\t\t  \t\t\t\t<\/figure>\n\t\t\t<\/div>\n\t\t\t<div class=\"col-12 col-xl-5 order-xl-1 position-relative d-flex flex-wrap align-items-center sider_content_wrapper\">\n\t\t\t\t<div class=\"sider_content py\" data-aos=\"fade-up\" data-aos-duration=\"800\">\n\t\t\t\t  <div class=\"lazyblock-inner-blocks\">\n\n<h3 class=\"wp-block-heading mb-5\">\u00bfQui\u00e9nes forman parte del <strong>Comit\u00e9 Evaluador?<\/strong><\/h3>\n\n\n\n<div class=\"row gy-4\">\n<div class=\"col-lg-6\">\n<p style=\"font-size:18px\" class=\"mb-0\"><strong>Patricia Andrade<\/strong><\/p>\n\n\n\n<p class=\"font-family-faktum p has-verde-color has-text-color has-link-color wp-elements-636e264d4f5e2927f94c836202fa659e\" style=\"font-size:16px\">Especialista en gesti\u00f3n de pol\u00edticas, ex Viceministra de Educaci\u00f3n y Directora de Proyectos en ENACCION SAC.<\/p>\n\n\n\n<p style=\"font-size:18px\" class=\"mb-0\"><strong>Santiago Cueto<\/strong><\/p>\n\n\n\n<p class=\"font-family-faktum p has-verde-color has-text-color has-link-color wp-elements-e438acb9d4de6cbe1187b481aa78237f\" style=\"font-size:16px\">Investigador Principal de GRADE, ganador del Reto&nbsp;Ruralia&nbsp;2023.<\/p>\n\n\n\n<p style=\"font-size:18px\" class=\"mb-0\"><strong>Mar\u00eda Isabel Le\u00f3n<\/strong><\/p>\n\n\n\n<p class=\"font-family-faktum p has-verde-color has-text-color has-link-color wp-elements-3fd5aa5879de2203c39e9349a87abfda\" style=\"font-size:16px\">Vicepresidenta de IPAE.<\/p>\n<\/div>\n\n\n\n<div class=\"col-lg-6\">\n<p style=\"font-size:18px\" class=\"mb-0\"><strong>Marcela Benavides<\/strong><\/p>\n\n\n\n<p class=\"font-family-faktum p has-verde-color has-text-color has-link-color wp-elements-be18e34cb2532fa50dc57711fdac5cdb\" style=\"font-size:16px\">Presidenta del Directorio en Empresarios por la Educaci\u00f3n.<\/p>\n\n\n\n<p style=\"font-size:18px\" class=\"mb-0\"><strong>Victor Vignale<\/strong><\/p>\n\n\n\n<p class=\"font-family-faktum p has-verde-color has-text-color has-link-color wp-elements-63afd074a1eb8beb75f675b0b7398553\" style=\"font-size:16px\">Gerente general de Spencer Stuart y asociado de Es Hoy.<\/p>\n\n\n\n<p style=\"font-size:18px\" class=\"mb-0\"><strong>Giovanna Cortez<\/strong><\/p>\n\n\n\n<p class=\"font-family-faktum p has-verde-color has-text-color has-link-color wp-elements-565665c5541444ee682bd7f66ff10c25\" style=\"font-size:16px\">Directora independiente y asociada de Es Hoy.<\/p>\n<\/div>\n\n\n\n<div class=\"col-lg-6\"><\/div>\n\n\n\n<div class=\"col-lg-6\"><\/div>\n\n\n\n<div class=\"col-lg-6\"><\/div>\n\n\n\n<div class=\"col-lg-6\"><\/div>\n<\/div>\n\n<\/div>\n\t\t\t\t<\/div>\n\t\t\t<\/div>\n\t\t<\/div>\n\t<\/div>\n<\/section><\/div>\n\n\n\n<div class=\"lazyblock-seccion-Z1m1Gsg alignfull alignfull  wp-block-lazyblock-seccion\" id=\"contacto\"><section class=\"position-relative py  bg-white text-\">\n  <div class=\"container\">\n\t\t<div class=\"row\" data-aos=\"fade-up\" data-aos-duration=\"600\">\n\t\t  <div class=\"col-12\">\n\t\t    <div class=\"lazyblock-inner-blocks\">\n\n<p class=\"has-text-align-center mb-3\">Si requieres asistencia en la postulaci\u00f3n, puedes contactarnos por:<\/p>\n\n\n\n<div class=\"row align-items-center justify-content-center\">\n<div class=\"col-12 col-md-auto\">\n<div class=\"p row align-items-center gx-2\">\n<div class=\"col-auto\">\n<figure class=\"wp-block-image size-large mb-0\"><img loading=\"lazy\" decoding=\"async\" width=\"48\" height=\"48\" src=\"https:\/\/eshoy.pe\/ruralia\/wp-content\/uploads\/sites\/2\/2024\/10\/icon_mail.svg\" alt=\"\" class=\"wp-image-1637\"\/><\/figure>\n<\/div>\n\n\n\n<div class=\"col-auto\">\n<p><a href=\"mailto:ruralia@eshoy.pe\" target=\"_blank\" rel=\"noreferrer noopener\"><strong>ruralia@eshoy.pe<\/strong><\/a><\/p>\n<\/div>\n<\/div>\n<\/div>\n\n\n\n<div class=\"col-12 col-md-auto\"><\/div>\n<\/div>\n\n<\/div>\n\t\t  <\/div>\n\t\t<\/div>\n\t<\/div>\n<\/section><\/div>\n\n\n<p><\/p>\n","protected":false},"excerpt":{"rendered":"","protected":false},"author":1,"featured_media":0,"parent":0,"menu_order":0,"comment_status":"closed","ping_status":"closed","template":"page-template-home.php","meta":{"footnotes":""},"class_list":["post-2059","page","type-page","status-publish","hentry"],"acf":[],"_links":{"self":[{"href":"https:\/\/eshoy.pe\/ruralia\/wp-json\/wp\/v2\/pages\/2059","targetHints":{"allow":["GET"]}}],"collection":[{"href":"https:\/\/eshoy.pe\/ruralia\/wp-json\/wp\/v2\/pages"}],"about":[{"href":"https:\/\/eshoy.pe\/ruralia\/wp-json\/wp\/v2\/types\/page"}],"author":[{"embeddable":true,"href":"https:\/\/eshoy.pe\/ruralia\/wp-json\/wp\/v2\/users\/1"}],"replies":[{"embeddable":true,"href":"https:\/\/eshoy.pe\/ruralia\/wp-json\/wp\/v2\/comments?post=2059"}],"version-history":[{"count":9,"href":"https:\/\/eshoy.pe\/ruralia\/wp-json\/wp\/v2\/pages\/2059\/revisions"}],"predecessor-version":[{"id":2295,"href":"https:\/\/eshoy.pe\/ruralia\/wp-json\/wp\/v2\/pages\/2059\/revisions\/2295"}],"wp:attachment":[{"href":"https:\/\/eshoy.pe\/ruralia\/wp-json\/wp\/v2\/media?parent=2059"}],"curies":[{"name":"wp","href":"https:\/\/api.w.org\/{rel}","templated":true}]}}