{"id":540,"date":"2023-01-23T12:41:33","date_gmt":"2023-01-23T17:41:33","guid":{"rendered":"https:\/\/eshoy.pe\/ruralia\/?page_id=540"},"modified":"2023-01-26T16:10:58","modified_gmt":"2023-01-26T21:10:58","slug":"cree-rural-smartschool-movil","status":"publish","type":"page","link":"https:\/\/eshoy.pe\/ruralia\/cree-rural-smartschool-movil\/","title":{"rendered":"CREE RURAL Smartschool M\u00f3vil"},"content":{"rendered":"\n<div class=\"wp-block-columns is-layout-flex wp-container-core-columns-is-layout-9d6595d7 wp-block-columns-is-layout-flex\">\n<div class=\"wp-block-column is-layout-flow wp-block-column-is-layout-flow\" style=\"flex-basis:100%\"><div class=\"lazyblock-seccion-imagen-lateral-1KglI3 alignfull alignfull  wp-block-lazyblock-seccion-imagen-lateral\"><section class=\"position-relative bg-beige text- sider_section pageContent d-flex flex-wrap align-items-center\">\n  <div class=\"container\">\n\t\t<div class=\"row\">\n\t\t\t<div class=\"col-12 col-xl-6 pe-xl-0\">\n\t\t\t\t<figure class=\"mb-0 sider_image position-relative\">\n\t\t\t\t  <img decoding=\"async\" width=\"1296\" height=\"864\" src=\"https:\/\/eshoy.pe\/ruralia\/wp-content\/uploads\/sites\/2\/2023\/01\/WhatsApp-Image-2022-11-08-at-10.26.30-AM-3.jpeg\" class=\"img-fit\" alt=\"\" loading=\"lazy\" srcset=\"https:\/\/eshoy.pe\/ruralia\/wp-content\/uploads\/sites\/2\/2023\/01\/WhatsApp-Image-2022-11-08-at-10.26.30-AM-3.jpeg 1296w, https:\/\/eshoy.pe\/ruralia\/wp-content\/uploads\/sites\/2\/2023\/01\/WhatsApp-Image-2022-11-08-at-10.26.30-AM-3-960x640.jpeg 960w, https:\/\/eshoy.pe\/ruralia\/wp-content\/uploads\/sites\/2\/2023\/01\/WhatsApp-Image-2022-11-08-at-10.26.30-AM-3-768x512.jpeg 768w, https:\/\/eshoy.pe\/ruralia\/wp-content\/uploads\/sites\/2\/2023\/01\/WhatsApp-Image-2022-11-08-at-10.26.30-AM-3-143x95.jpeg 143w\" sizes=\"auto, (max-width: 1296px) 100vw, 1296px\" \/>\t\t\t\t<\/figure>\n\t\t\t<\/div>\n\t\t\t<div class=\"col-12 col-xl-5 offset-xl-1 position-relative d-flex flex-wrap align-items-center sider_content_wrapper\">\n\t\t\t\t<div class=\"sider_content py\" data-aos=\"fade-up\" data-aos-duration=\"800\">\n\t\t\t\t  <div class=\"lazyblock-inner-blocks\">\n\n<h4 class=\"wp-block-heading\"><strong>\u00bfEn qu\u00e9 consiste la iniciativa?<\/strong><\/h4>\n\n\n\n<p>CREE RURAL es un Smart School sobre ruedas implementado con un ecosistema digital para brindar una experiencia educativa moderna e interactiva. La iniciativa lleva ense\u00f1anza y aprendizaje permanente a zonas rurales de la provincia de Espinar, haciendo uso de recursos educativos y tecnol\u00f3gicos. Asimismo, la iniciativa busca maximizar aprendizajes mediante la complementaci\u00f3n acad\u00e9mica, el fortaleciendo conocimientos y el desarrollo de habilidades blandas. Reduciendo as\u00ed, las brechas educativas y digitales mediante la formaci\u00f3n integral del estudiante. <\/p>\n\n<\/div>\n\t\t\t\t<\/div>\n\t\t\t<\/div>\n\t\t<\/div>\n\t<\/div>\n<\/section><\/div>\n\n<div class=\"lazyblock-seccion-imagen-derecha-Z1Ox64s alignfull alignfull  wp-block-lazyblock-seccion-imagen-derecha\"><section class=\"position-relative bg-light text- sider_section pageContent d-flex flex-wrap align-items-center rtl\">\n  <div class=\"container\">\n\t\t<div class=\"row\">\n\t\t\t<div class=\"col-12 col-xl-6 order-xl-2 offset-xl-1 ps-xl-0\">\n\t\t\t\t<figure class=\"mb-0 sider_image position-relative\">\n\t\t\t\t  <img decoding=\"async\" width=\"1024\" height=\"768\" src=\"https:\/\/eshoy.pe\/ruralia\/wp-content\/uploads\/sites\/2\/2023\/01\/PHOTO-2023-01-24-17-02-48.jpg\" class=\"img-fit\" alt=\"\" loading=\"lazy\" srcset=\"https:\/\/eshoy.pe\/ruralia\/wp-content\/uploads\/sites\/2\/2023\/01\/PHOTO-2023-01-24-17-02-48.jpg 1024w, https:\/\/eshoy.pe\/ruralia\/wp-content\/uploads\/sites\/2\/2023\/01\/PHOTO-2023-01-24-17-02-48-960x720.jpg 960w, https:\/\/eshoy.pe\/ruralia\/wp-content\/uploads\/sites\/2\/2023\/01\/PHOTO-2023-01-24-17-02-48-768x576.jpg 768w, https:\/\/eshoy.pe\/ruralia\/wp-content\/uploads\/sites\/2\/2023\/01\/PHOTO-2023-01-24-17-02-48-127x95.jpg 127w\" sizes=\"auto, (max-width: 1024px) 100vw, 1024px\" \/>\t\t\t\t  \t\t\t\t<\/figure>\n\t\t\t<\/div>\n\t\t\t<div class=\"col-12 col-xl-5 order-xl-1 position-relative d-flex flex-wrap align-items-center sider_content_wrapper\">\n\t\t\t\t<div class=\"sider_content py\" data-aos=\"fade-up\" data-aos-duration=\"800\">\n\t\t\t\t  <div class=\"lazyblock-inner-blocks\">\n\n<h4 class=\"wp-block-heading\"><strong>\u00bfC\u00f3mo naci\u00f3 la intervenci\u00f3n?<\/strong><\/h4>\n\n\n\n<p>CREE Rural nace con la finalidad de llevar educaci\u00f3n de calidad a las instituciones educativas rurales m\u00e1s alejadas de Espinar. De esta forma se busca reducir las brechas educativas y tecnol\u00f3gicas con respecto a instituciones educativas urbanas.<\/p>\n\n<\/div>\n\t\t\t\t<\/div>\n\t\t\t<\/div>\n\t\t<\/div>\n\t<\/div>\n<\/section><\/div>\n\n<div class=\"lazyblock-seccion-imagen-lateral-Z1H2CnJ alignfull alignfull  wp-block-lazyblock-seccion-imagen-lateral\"><section class=\"position-relative bg-beige text- sider_section pageContent d-flex flex-wrap align-items-center\">\n  <div class=\"container\">\n\t\t<div class=\"row\">\n\t\t\t<div class=\"col-12 col-xl-6 pe-xl-0\">\n\t\t\t\t<figure class=\"mb-0 sider_image position-relative\">\n\t\t\t\t  <img decoding=\"async\" width=\"1024\" height=\"768\" src=\"https:\/\/eshoy.pe\/ruralia\/wp-content\/uploads\/sites\/2\/2023\/01\/PHOTO-2023-01-24-17-11-19.jpg\" class=\"img-fit\" alt=\"\" loading=\"lazy\" srcset=\"https:\/\/eshoy.pe\/ruralia\/wp-content\/uploads\/sites\/2\/2023\/01\/PHOTO-2023-01-24-17-11-19.jpg 1024w, https:\/\/eshoy.pe\/ruralia\/wp-content\/uploads\/sites\/2\/2023\/01\/PHOTO-2023-01-24-17-11-19-960x720.jpg 960w, https:\/\/eshoy.pe\/ruralia\/wp-content\/uploads\/sites\/2\/2023\/01\/PHOTO-2023-01-24-17-11-19-768x576.jpg 768w, https:\/\/eshoy.pe\/ruralia\/wp-content\/uploads\/sites\/2\/2023\/01\/PHOTO-2023-01-24-17-11-19-127x95.jpg 127w\" sizes=\"auto, (max-width: 1024px) 100vw, 1024px\" \/>\t\t\t\t<\/figure>\n\t\t\t<\/div>\n\t\t\t<div class=\"col-12 col-xl-5 offset-xl-1 position-relative d-flex flex-wrap align-items-center sider_content_wrapper\">\n\t\t\t\t<div class=\"sider_content py\" data-aos=\"fade-up\" data-aos-duration=\"800\">\n\t\t\t\t  <div class=\"lazyblock-inner-blocks\">\n\n<h4 class=\"wp-block-heading\"><strong>Territorios<\/strong><\/h4>\n\n\n\n<p>Cusco, provincia de Espinar y sus 8 distritos: Yauri, Condorama, Coporaque, Ocururo, Pallpata, Pichigua, Suyckutambo y Alto Pichigua<\/p>\n\n\n\n<h4 class=\"wp-block-heading\"><strong>Beneficiarios<\/strong><\/h4>\n\n\n\n<p>826 estudiantes de primaria y secundaria de instituciones educativas rurales focalizadas en coordinaci\u00f3n con las autoridades educativas locales de Espinar.<\/p>\n\n<\/div>\n\t\t\t\t<\/div>\n\t\t\t<\/div>\n\t\t<\/div>\n\t<\/div>\n<\/section><\/div>\n\n<div class=\"lazyblock-seccion-imagen-derecha-Z2Lppo alignfull alignfull  wp-block-lazyblock-seccion-imagen-derecha\"><section class=\"position-relative bg-light text- sider_section pageContent d-flex flex-wrap align-items-center rtl\">\n  <div class=\"container\">\n\t\t<div class=\"row\">\n\t\t\t<div class=\"col-12 col-xl-6 order-xl-2 offset-xl-1 ps-xl-0\">\n\t\t\t\t<figure class=\"mb-0 sider_image position-relative\">\n\t\t\t\t  <img decoding=\"async\" width=\"1296\" height=\"864\" src=\"https:\/\/eshoy.pe\/ruralia\/wp-content\/uploads\/sites\/2\/2023\/01\/WhatsApp-Image-2022-11-08-at-10.26.33-AM-3-2.jpeg\" class=\"img-fit\" alt=\"\" loading=\"lazy\" srcset=\"https:\/\/eshoy.pe\/ruralia\/wp-content\/uploads\/sites\/2\/2023\/01\/WhatsApp-Image-2022-11-08-at-10.26.33-AM-3-2.jpeg 1296w, https:\/\/eshoy.pe\/ruralia\/wp-content\/uploads\/sites\/2\/2023\/01\/WhatsApp-Image-2022-11-08-at-10.26.33-AM-3-2-960x640.jpeg 960w, https:\/\/eshoy.pe\/ruralia\/wp-content\/uploads\/sites\/2\/2023\/01\/WhatsApp-Image-2022-11-08-at-10.26.33-AM-3-2-768x512.jpeg 768w, https:\/\/eshoy.pe\/ruralia\/wp-content\/uploads\/sites\/2\/2023\/01\/WhatsApp-Image-2022-11-08-at-10.26.33-AM-3-2-143x95.jpeg 143w\" sizes=\"auto, (max-width: 1296px) 100vw, 1296px\" \/>\t\t\t\t  \t\t\t\t<\/figure>\n\t\t\t<\/div>\n\t\t\t<div class=\"col-12 col-xl-5 order-xl-1 position-relative d-flex flex-wrap align-items-center sider_content_wrapper\">\n\t\t\t\t<div class=\"sider_content py\" data-aos=\"fade-up\" data-aos-duration=\"800\">\n\t\t\t\t  <div class=\"lazyblock-inner-blocks\">\n\n<h4 class=\"wp-block-heading\"><strong>Elementos importantes de la intervenci\u00f3n<\/strong><\/h4>\n\n\n\n<p>Adem\u00e1s de la complementaci\u00f3n acad\u00e9mica, se trabaja con profesionales del \u00e1rea de psicolog\u00eda para poder asistir en el \u00e1rea de intervenci\u00f3n a ni\u00f1os, padres de familia y docentes de las instituciones rurales focalizadas.<\/p>\n\n<\/div>\n\t\t\t\t<\/div>\n\t\t\t<\/div>\n\t\t<\/div>\n\t<\/div>\n<\/section><\/div>\n\n<div class=\"lazyblock-seccion-imagen-lateral-Z2tMQ3E alignfull alignfull  wp-block-lazyblock-seccion-imagen-lateral\"><section class=\"position-relative bg-beige text- sider_section pageContent d-flex flex-wrap align-items-center\">\n  <div class=\"container\">\n\t\t<div class=\"row\">\n\t\t\t<div class=\"col-12 col-xl-6 pe-xl-0\">\n\t\t\t\t<figure class=\"mb-0 sider_image position-relative\">\n\t\t\t\t  <img decoding=\"async\" width=\"1296\" height=\"864\" src=\"https:\/\/eshoy.pe\/ruralia\/wp-content\/uploads\/sites\/2\/2023\/01\/WhatsApp-Image-2022-11-08-at-10.26.33-AM-2-1.jpeg\" class=\"img-fit\" alt=\"\" loading=\"lazy\" srcset=\"https:\/\/eshoy.pe\/ruralia\/wp-content\/uploads\/sites\/2\/2023\/01\/WhatsApp-Image-2022-11-08-at-10.26.33-AM-2-1.jpeg 1296w, https:\/\/eshoy.pe\/ruralia\/wp-content\/uploads\/sites\/2\/2023\/01\/WhatsApp-Image-2022-11-08-at-10.26.33-AM-2-1-960x640.jpeg 960w, https:\/\/eshoy.pe\/ruralia\/wp-content\/uploads\/sites\/2\/2023\/01\/WhatsApp-Image-2022-11-08-at-10.26.33-AM-2-1-768x512.jpeg 768w, https:\/\/eshoy.pe\/ruralia\/wp-content\/uploads\/sites\/2\/2023\/01\/WhatsApp-Image-2022-11-08-at-10.26.33-AM-2-1-143x95.jpeg 143w\" sizes=\"auto, (max-width: 1296px) 100vw, 1296px\" \/>\t\t\t\t<\/figure>\n\t\t\t<\/div>\n\t\t\t<div class=\"col-12 col-xl-5 offset-xl-1 position-relative d-flex flex-wrap align-items-center sider_content_wrapper\">\n\t\t\t\t<div class=\"sider_content py\" data-aos=\"fade-up\" data-aos-duration=\"800\">\n\t\t\t\t  <div class=\"lazyblock-inner-blocks\">\n\n<h4 class=\"wp-block-heading\"><strong>Conoce m\u00e1s de CREE Rural SmartSchool M\u00f3vil en sus redes<\/strong>:<\/h4>\n\n\n\n<div class=\"wp-block-columns is-layout-flex wp-container-core-columns-is-layout-9d6595d7 wp-block-columns-is-layout-flex\">\n<div class=\"wp-block-column is-layout-flow wp-block-column-is-layout-flow\">\n<figure class=\"wp-block-image size-full is-resized\"><a href=\"https:\/\/www.facebook.com\/creeoficial\"><img loading=\"lazy\" decoding=\"async\" src=\"https:\/\/eshoy.pe\/ruralia\/wp-content\/uploads\/sites\/2\/2023\/01\/fb-7.png\" alt=\"\" class=\"wp-image-612\" width=\"98\" height=\"98\" srcset=\"https:\/\/eshoy.pe\/ruralia\/wp-content\/uploads\/sites\/2\/2023\/01\/fb-7.png 200w, https:\/\/eshoy.pe\/ruralia\/wp-content\/uploads\/sites\/2\/2023\/01\/fb-7-95x95.png 95w\" sizes=\"auto, (max-width: 98px) 100vw, 98px\" \/><\/a><\/figure>\n<\/div>\n\n\n\n<div class=\"wp-block-column is-layout-flow wp-block-column-is-layout-flow\">\n<figure class=\"wp-block-image size-full is-resized\"><a href=\"https:\/\/cree.edu.pe\/\"><img loading=\"lazy\" decoding=\"async\" src=\"https:\/\/eshoy.pe\/ruralia\/wp-content\/uploads\/sites\/2\/2023\/01\/web-6.png\" alt=\"\" class=\"wp-image-613\" width=\"96\" height=\"96\" srcset=\"https:\/\/eshoy.pe\/ruralia\/wp-content\/uploads\/sites\/2\/2023\/01\/web-6.png 200w, https:\/\/eshoy.pe\/ruralia\/wp-content\/uploads\/sites\/2\/2023\/01\/web-6-95x95.png 95w\" sizes=\"auto, (max-width: 96px) 100vw, 96px\" \/><\/a><\/figure>\n<\/div>\n\n\n\n<div class=\"wp-block-column is-layout-flow wp-block-column-is-layout-flow\">\n<figure class=\"wp-block-image size-full is-resized\"><a href=\"https:\/\/www.youtube.com\/channel\/UCYdxX950jSybVomwX_tDNxg\/playlists\"><img loading=\"lazy\" decoding=\"async\" src=\"https:\/\/eshoy.pe\/ruralia\/wp-content\/uploads\/sites\/2\/2023\/01\/yt-2.png\" alt=\"\" class=\"wp-image-614\" width=\"100\" height=\"100\" srcset=\"https:\/\/eshoy.pe\/ruralia\/wp-content\/uploads\/sites\/2\/2023\/01\/yt-2.png 200w, https:\/\/eshoy.pe\/ruralia\/wp-content\/uploads\/sites\/2\/2023\/01\/yt-2-95x95.png 95w\" sizes=\"auto, (max-width: 100px) 100vw, 100px\" \/><\/a><\/figure>\n<\/div>\n<\/div>\n\n\n\n<h5 class=\"wp-block-heading\"><strong>Mira el reportaje de D\u00eda D sobre la iniciativa <a href=\"https:\/\/www.youtube.com\/watch?v=dzoNlSsXXPg\">aqu\u00ed<\/a><\/strong><\/h5>\n\n<\/div>\n\t\t\t\t<\/div>\n\t\t\t<\/div>\n\t\t<\/div>\n\t<\/div>\n<\/section><\/div><\/div>\n<\/div>\n\n\n\n<p><\/p>\n","protected":false},"excerpt":{"rendered":"","protected":false},"author":1,"featured_media":459,"parent":0,"menu_order":0,"comment_status":"closed","ping_status":"closed","template":"","meta":{"footnotes":""},"class_list":["post-540","page","type-page","status-publish","has-post-thumbnail","hentry"],"acf":[],"_links":{"self":[{"href":"https:\/\/eshoy.pe\/ruralia\/wp-json\/wp\/v2\/pages\/540","targetHints":{"allow":["GET"]}}],"collection":[{"href":"https:\/\/eshoy.pe\/ruralia\/wp-json\/wp\/v2\/pages"}],"about":[{"href":"https:\/\/eshoy.pe\/ruralia\/wp-json\/wp\/v2\/types\/page"}],"author":[{"embeddable":true,"href":"https:\/\/eshoy.pe\/ruralia\/wp-json\/wp\/v2\/users\/1"}],"replies":[{"embeddable":true,"href":"https:\/\/eshoy.pe\/ruralia\/wp-json\/wp\/v2\/comments?post=540"}],"version-history":[{"count":9,"href":"https:\/\/eshoy.pe\/ruralia\/wp-json\/wp\/v2\/pages\/540\/revisions"}],"predecessor-version":[{"id":627,"href":"https:\/\/eshoy.pe\/ruralia\/wp-json\/wp\/v2\/pages\/540\/revisions\/627"}],"wp:featuredmedia":[{"embeddable":true,"href":"https:\/\/eshoy.pe\/ruralia\/wp-json\/wp\/v2\/media\/459"}],"wp:attachment":[{"href":"https:\/\/eshoy.pe\/ruralia\/wp-json\/wp\/v2\/media?parent=540"}],"curies":[{"name":"wp","href":"https:\/\/api.w.org\/{rel}","templated":true}]}}