{"id":564,"date":"2023-01-23T13:20:29","date_gmt":"2023-01-23T18:20:29","guid":{"rendered":"https:\/\/eshoy.pe\/ruralia\/?page_id=564"},"modified":"2023-06-22T18:09:04","modified_gmt":"2023-06-22T23:09:04","slug":"transformacion-y-trascendencia-para-los-centros-de-educacion-basica-alternativa-ceba-2","status":"publish","type":"page","link":"https:\/\/eshoy.pe\/ruralia\/transformacion-y-trascendencia-para-los-centros-de-educacion-basica-alternativa-ceba-2\/","title":{"rendered":"Grandes"},"content":{"rendered":"\n<div class=\"wp-block-columns are-vertically-aligned-top is-layout-flex wp-container-core-columns-is-layout-9d6595d7 wp-block-columns-is-layout-flex\">\n<div class=\"wp-block-column is-vertically-aligned-top is-layout-flow wp-block-column-is-layout-flow\" style=\"flex-basis:100%\"><div class=\"lazyblock-seccion-imagen-lateral-UvTXL alignfull alignfull  wp-block-lazyblock-seccion-imagen-lateral\"><section class=\"position-relative bg-light text- sider_section pageContent d-flex flex-wrap align-items-center\">\n  <div class=\"container\">\n\t\t<div class=\"row\">\n\t\t\t<div class=\"col-12 col-xl-6 pe-xl-0\">\n\t\t\t\t<figure class=\"mb-0 sider_image position-relative\">\n\t\t\t\t  <img decoding=\"async\" width=\"718\" height=\"712\" src=\"https:\/\/eshoy.pe\/ruralia\/wp-content\/uploads\/sites\/2\/2023\/01\/Captura-de-Pantalla-2023-01-23-a-las-13.40.28-2.png\" class=\"img-fit\" alt=\"\" loading=\"lazy\" srcset=\"https:\/\/eshoy.pe\/ruralia\/wp-content\/uploads\/sites\/2\/2023\/01\/Captura-de-Pantalla-2023-01-23-a-las-13.40.28-2.png 718w, https:\/\/eshoy.pe\/ruralia\/wp-content\/uploads\/sites\/2\/2023\/01\/Captura-de-Pantalla-2023-01-23-a-las-13.40.28-2-96x95.png 96w\" sizes=\"auto, (max-width: 718px) 100vw, 718px\" \/>\t\t\t\t<\/figure>\n\t\t\t<\/div>\n\t\t\t<div class=\"col-12 col-xl-5 offset-xl-1 position-relative d-flex flex-wrap align-items-center sider_content_wrapper\">\n\t\t\t\t<div class=\"sider_content py\" data-aos=\"fade-up\" data-aos-duration=\"800\">\n\t\t\t\t  <div class=\"lazyblock-inner-blocks\">\n\n<h4 class=\"wp-block-heading\"><br><strong>\u00bfEn qu\u00e9 consiste la iniciativa?<\/strong><\/h4>\n\n\n\n<p>Brinda a j\u00f3venes y adultos de zonas rurales la oportunidad de continuar sus trayectorias educativas desde su localidad. Para ello se impulsa la apertura de perif\u00e9ricos de educaci\u00f3n b\u00e1sica alternativa (EBA) en zonas rurales con una propuesta pedag\u00f3gica adaptada al contexto. Adem\u00e1s, se brinda soporte en la gesti\u00f3n con los actores territoriales clave. Compartiendo aprendizajes y conocimientos en torno a la EBA con docentes, directivos y especialistas de UGEL. Gracias a esto,&nbsp;&nbsp;se inician mesas de trabajo multisectorial con las autoridades locales para sostener la intervenci\u00f3n en el tiempo.<\/p>\n\n<\/div>\n\t\t\t\t<\/div>\n\t\t\t<\/div>\n\t\t<\/div>\n\t<\/div>\n<\/section><\/div>\n\n<div class=\"lazyblock-seccion-imagen-derecha-2ng3Lg alignfull alignfull  wp-block-lazyblock-seccion-imagen-derecha\"><section class=\"position-relative bg-beige text- sider_section pageContent d-flex flex-wrap align-items-center rtl\">\n  <div class=\"container\">\n\t\t<div class=\"row\">\n\t\t\t<div class=\"col-12 col-xl-6 order-xl-2 offset-xl-1 ps-xl-0\">\n\t\t\t\t<figure class=\"mb-0 sider_image position-relative\">\n\t\t\t\t  <img decoding=\"async\" width=\"960\" height=\"1280\" src=\"https:\/\/eshoy.pe\/ruralia\/wp-content\/uploads\/sites\/2\/2023\/01\/PHOTO-2023-01-11-12-52-27.jpg\" class=\"img-fit\" alt=\"\" loading=\"lazy\" srcset=\"https:\/\/eshoy.pe\/ruralia\/wp-content\/uploads\/sites\/2\/2023\/01\/PHOTO-2023-01-11-12-52-27.jpg 960w, https:\/\/eshoy.pe\/ruralia\/wp-content\/uploads\/sites\/2\/2023\/01\/PHOTO-2023-01-11-12-52-27-720x960.jpg 720w, https:\/\/eshoy.pe\/ruralia\/wp-content\/uploads\/sites\/2\/2023\/01\/PHOTO-2023-01-11-12-52-27-768x1024.jpg 768w, https:\/\/eshoy.pe\/ruralia\/wp-content\/uploads\/sites\/2\/2023\/01\/PHOTO-2023-01-11-12-52-27-71x95.jpg 71w\" sizes=\"auto, (max-width: 960px) 100vw, 960px\" \/>\t\t\t\t  \t\t\t\t<\/figure>\n\t\t\t<\/div>\n\t\t\t<div class=\"col-12 col-xl-5 order-xl-1 position-relative d-flex flex-wrap align-items-center sider_content_wrapper\">\n\t\t\t\t<div class=\"sider_content py\" data-aos=\"fade-up\" data-aos-duration=\"800\">\n\t\t\t\t  <div class=\"lazyblock-inner-blocks\">\n\n<h4 class=\"wp-block-heading\"><strong>\u00bfC\u00f3mo naci\u00f3 la intervenci\u00f3n?<\/strong><\/h4>\n\n\n\n<p>A mediados del a\u00f1o 2018, la DVV International, organismo especializado en educaci\u00f3n para j\u00f3venes y adultos busc\u00f3 a Ense\u00f1a Per\u00fa como aliado para ejecutar un Programa de Educaci\u00f3n para j\u00f3venes y adultos en Amazonas. As\u00ed, en el 2019 el equipo de Ense\u00f1a Per\u00fa viaja al distrito de Camporredondo para hacer un diagn\u00f3stico y encuentra las condiciones para ejecutar la intervenci\u00f3n. Desde entonces, y con los aprendizajes que dej\u00f3 la pandemia, se ha creado una propuesta pedag\u00f3gica de acci\u00f3n colectiva y enfoque de cambio sist\u00e9mico.<\/p>\n\n<\/div>\n\t\t\t\t<\/div>\n\t\t\t<\/div>\n\t\t<\/div>\n\t<\/div>\n<\/section><\/div>\n\n<div class=\"lazyblock-seccion-imagen-lateral-hv0ev alignfull alignfull  wp-block-lazyblock-seccion-imagen-lateral\"><section class=\"position-relative bg-light text- sider_section pageContent d-flex flex-wrap align-items-center\">\n  <div class=\"container\">\n\t\t<div class=\"row\">\n\t\t\t<div class=\"col-12 col-xl-6 pe-xl-0\">\n\t\t\t\t<figure class=\"mb-0 sider_image position-relative\">\n\t\t\t\t  <img decoding=\"async\" width=\"960\" height=\"1280\" src=\"https:\/\/eshoy.pe\/ruralia\/wp-content\/uploads\/sites\/2\/2023\/01\/PHOTO-2023-01-11-12-52-35.jpg\" class=\"img-fit\" alt=\"\" loading=\"lazy\" srcset=\"https:\/\/eshoy.pe\/ruralia\/wp-content\/uploads\/sites\/2\/2023\/01\/PHOTO-2023-01-11-12-52-35.jpg 960w, https:\/\/eshoy.pe\/ruralia\/wp-content\/uploads\/sites\/2\/2023\/01\/PHOTO-2023-01-11-12-52-35-720x960.jpg 720w, https:\/\/eshoy.pe\/ruralia\/wp-content\/uploads\/sites\/2\/2023\/01\/PHOTO-2023-01-11-12-52-35-768x1024.jpg 768w, https:\/\/eshoy.pe\/ruralia\/wp-content\/uploads\/sites\/2\/2023\/01\/PHOTO-2023-01-11-12-52-35-71x95.jpg 71w\" sizes=\"auto, (max-width: 960px) 100vw, 960px\" \/>\t\t\t\t<\/figure>\n\t\t\t<\/div>\n\t\t\t<div class=\"col-12 col-xl-5 offset-xl-1 position-relative d-flex flex-wrap align-items-center sider_content_wrapper\">\n\t\t\t\t<div class=\"sider_content py\" data-aos=\"fade-up\" data-aos-duration=\"800\">\n\t\t\t\t  <div class=\"lazyblock-inner-blocks\">\n\n<h4 class=\"wp-block-heading\"><strong>Territorios<\/strong><\/h4>\n\n\n\n<p>Amazonas,&nbsp;provincia de Luya, distritos de Camporredondo y Ocumal y provincia de Bogar\u00e1, distrito de Pomacochas.<\/p>\n\n\n\n<h4 class=\"wp-block-heading\"><strong>Beneficiarios<\/strong><\/h4>\n\n\n\n<p>La iniciativa est\u00e1 dirigida a:<\/p>\n\n\n\n<ul class=\"wp-block-list\">\n<li>75 j\u00f3venes y adultos entre 18 y 65 a\u00f1os que no pudieron culminar su educaci\u00f3n b\u00e1sica oportunamente. Ellos son en su mayor\u00eda, padres y madres de familia que se dedican a la agricultura, ganader\u00eda y\/o al comercio de sus productos.<\/li>\n\n\n\n<li>Docentes y directores de centros de educaci\u00f3n b\u00e1sico alternativa y sus perif\u00e9ricos.<\/li>\n\n\n\n<li>Autoridades y funcionarios de la UGEL Y DRE.<\/li>\n<\/ul>\n\n<\/div>\n\t\t\t\t<\/div>\n\t\t\t<\/div>\n\t\t<\/div>\n\t<\/div>\n<\/section><\/div>\n\n<div class=\"lazyblock-seccion-imagen-derecha-1Ekmw9 alignfull alignfull  wp-block-lazyblock-seccion-imagen-derecha\"><section class=\"position-relative bg-beige text- sider_section pageContent d-flex flex-wrap align-items-center rtl\">\n  <div class=\"container\">\n\t\t<div class=\"row\">\n\t\t\t<div class=\"col-12 col-xl-6 order-xl-2 offset-xl-1 ps-xl-0\">\n\t\t\t\t<figure class=\"mb-0 sider_image position-relative\">\n\t\t\t\t  <img decoding=\"async\" width=\"1024\" height=\"768\" src=\"https:\/\/eshoy.pe\/ruralia\/wp-content\/uploads\/sites\/2\/2023\/01\/PHOTO-2023-01-11-12-52-23-2.jpg\" class=\"img-fit\" alt=\"\" loading=\"lazy\" srcset=\"https:\/\/eshoy.pe\/ruralia\/wp-content\/uploads\/sites\/2\/2023\/01\/PHOTO-2023-01-11-12-52-23-2.jpg 1024w, https:\/\/eshoy.pe\/ruralia\/wp-content\/uploads\/sites\/2\/2023\/01\/PHOTO-2023-01-11-12-52-23-2-960x720.jpg 960w, https:\/\/eshoy.pe\/ruralia\/wp-content\/uploads\/sites\/2\/2023\/01\/PHOTO-2023-01-11-12-52-23-2-768x576.jpg 768w, https:\/\/eshoy.pe\/ruralia\/wp-content\/uploads\/sites\/2\/2023\/01\/PHOTO-2023-01-11-12-52-23-2-127x95.jpg 127w\" sizes=\"auto, (max-width: 1024px) 100vw, 1024px\" \/>\t\t\t\t  \t\t\t\t<\/figure>\n\t\t\t<\/div>\n\t\t\t<div class=\"col-12 col-xl-5 order-xl-1 position-relative d-flex flex-wrap align-items-center sider_content_wrapper\">\n\t\t\t\t<div class=\"sider_content py\" data-aos=\"fade-up\" data-aos-duration=\"800\">\n\t\t\t\t  <div class=\"lazyblock-inner-blocks\">\n\n<h4 class=\"wp-block-heading\"><strong>Elementos importantes de la intervenci\u00f3n<\/strong><\/h4>\n\n\n\n<p>Este proyecto promueve la apertura de espacios de di\u00e1logo en beneficio de la educaci\u00f3n local a trav\u00e9s de una mirada contextualizada al entorno, para ayudar trascender a cada persona que lo habita. <\/p>\n\n<\/div>\n\t\t\t\t<\/div>\n\t\t\t<\/div>\n\t\t<\/div>\n\t<\/div>\n<\/section><\/div>\n\n<div class=\"lazyblock-seccion-imagen-lateral-Z12R1B4 alignfull alignfull  wp-block-lazyblock-seccion-imagen-lateral\"><section class=\"position-relative bg-light text- sider_section pageContent d-flex flex-wrap align-items-center\">\n  <div class=\"container\">\n\t\t<div class=\"row\">\n\t\t\t<div class=\"col-12 col-xl-6 pe-xl-0\">\n\t\t\t\t<figure class=\"mb-0 sider_image position-relative\">\n\t\t\t\t  <img decoding=\"async\" width=\"378\" height=\"512\" src=\"https:\/\/eshoy.pe\/ruralia\/wp-content\/uploads\/sites\/2\/2023\/01\/PHOTO-2023-01-11-12-52-31.jpg\" class=\"img-fit\" alt=\"\" loading=\"lazy\" srcset=\"https:\/\/eshoy.pe\/ruralia\/wp-content\/uploads\/sites\/2\/2023\/01\/PHOTO-2023-01-11-12-52-31.jpg 378w, https:\/\/eshoy.pe\/ruralia\/wp-content\/uploads\/sites\/2\/2023\/01\/PHOTO-2023-01-11-12-52-31-70x95.jpg 70w\" sizes=\"auto, (max-width: 378px) 100vw, 378px\" \/>\t\t\t\t<\/figure>\n\t\t\t<\/div>\n\t\t\t<div class=\"col-12 col-xl-5 offset-xl-1 position-relative d-flex flex-wrap align-items-center sider_content_wrapper\">\n\t\t\t\t<div class=\"sider_content py\" data-aos=\"fade-up\" data-aos-duration=\"800\">\n\t\t\t\t  <div class=\"lazyblock-inner-blocks\">\n\n<h4 class=\"wp-block-heading\"><strong>Conoce m\u00e1s sobre la iniciativa Transformaci\u00f3n y Trascendencia para los Centros de Educaci\u00f3n B\u00e1sica Alternativa (CEBA) en sus redes:<\/strong><\/h4>\n\n\n\n<div class=\"wp-block-columns is-layout-flex wp-container-core-columns-is-layout-9d6595d7 wp-block-columns-is-layout-flex\">\n<div class=\"wp-block-column is-layout-flow wp-block-column-is-layout-flow\"><div class=\"wp-block-image\">\n<figure class=\"alignright size-full is-resized\"><img loading=\"lazy\" decoding=\"async\" src=\"https:\/\/eshoy.pe\/ruralia\/wp-content\/uploads\/sites\/2\/2023\/01\/web-8.png\" alt=\"\" class=\"wp-image-629\" width=\"116\" height=\"116\" srcset=\"https:\/\/eshoy.pe\/ruralia\/wp-content\/uploads\/sites\/2\/2023\/01\/web-8.png 200w, https:\/\/eshoy.pe\/ruralia\/wp-content\/uploads\/sites\/2\/2023\/01\/web-8-95x95.png 95w\" sizes=\"auto, (max-width: 116px) 100vw, 116px\" \/><\/figure>\n<\/div><\/div>\n\n\n\n<div class=\"wp-block-column is-layout-flow wp-block-column-is-layout-flow\"><div class=\"wp-block-image\">\n<figure class=\"alignleft size-full is-resized\"><img loading=\"lazy\" decoding=\"async\" src=\"https:\/\/eshoy.pe\/ruralia\/wp-content\/uploads\/sites\/2\/2023\/01\/ig-5.png\" alt=\"\" class=\"wp-image-630\" width=\"114\" height=\"114\" srcset=\"https:\/\/eshoy.pe\/ruralia\/wp-content\/uploads\/sites\/2\/2023\/01\/ig-5.png 200w, https:\/\/eshoy.pe\/ruralia\/wp-content\/uploads\/sites\/2\/2023\/01\/ig-5-95x95.png 95w\" sizes=\"auto, (max-width: 114px) 100vw, 114px\" \/><\/figure>\n<\/div><\/div>\n<\/div>\n\n<\/div>\n\t\t\t\t<\/div>\n\t\t\t<\/div>\n\t\t<\/div>\n\t<\/div>\n<\/section><\/div><\/div>\n<\/div>\n\n\n\n<p><\/p>\n","protected":false},"excerpt":{"rendered":"","protected":false},"author":1,"featured_media":575,"parent":0,"menu_order":0,"comment_status":"closed","ping_status":"closed","template":"","meta":{"footnotes":""},"class_list":["post-564","page","type-page","status-publish","has-post-thumbnail","hentry"],"acf":[],"_links":{"self":[{"href":"https:\/\/eshoy.pe\/ruralia\/wp-json\/wp\/v2\/pages\/564","targetHints":{"allow":["GET"]}}],"collection":[{"href":"https:\/\/eshoy.pe\/ruralia\/wp-json\/wp\/v2\/pages"}],"about":[{"href":"https:\/\/eshoy.pe\/ruralia\/wp-json\/wp\/v2\/types\/page"}],"author":[{"embeddable":true,"href":"https:\/\/eshoy.pe\/ruralia\/wp-json\/wp\/v2\/users\/1"}],"replies":[{"embeddable":true,"href":"https:\/\/eshoy.pe\/ruralia\/wp-json\/wp\/v2\/comments?post=564"}],"version-history":[{"count":10,"href":"https:\/\/eshoy.pe\/ruralia\/wp-json\/wp\/v2\/pages\/564\/revisions"}],"predecessor-version":[{"id":691,"href":"https:\/\/eshoy.pe\/ruralia\/wp-json\/wp\/v2\/pages\/564\/revisions\/691"}],"wp:featuredmedia":[{"embeddable":true,"href":"https:\/\/eshoy.pe\/ruralia\/wp-json\/wp\/v2\/media\/575"}],"wp:attachment":[{"href":"https:\/\/eshoy.pe\/ruralia\/wp-json\/wp\/v2\/media?parent=564"}],"curies":[{"name":"wp","href":"https:\/\/api.w.org\/{rel}","templated":true}]}}