{"id":8,"date":"2025-05-16T05:47:20","date_gmt":"2025-05-16T03:47:20","guid":{"rendered":"https:\/\/eshoy.pe\/rutaconfianza\/?page_id=8"},"modified":"2025-08-25T12:11:10","modified_gmt":"2025-08-25T17:11:10","slug":"inicio","status":"publish","type":"page","link":"https:\/\/eshoy.pe\/rutaconfianza\/","title":{"rendered":"Inicio"},"content":{"rendered":"<div class=\"lazyblock-formulario-descarga-Z1k0yV8 wp-block-lazyblock-formulario-descarga\"><div class=\"modal fade\" id=\"modalDescarga\" tabindex=\"-1\">\r\n\t<button type=\"button\" class=\"btn-close\" data-bs-dismiss=\"modal\" aria-label=\"Cerrar\">\r\n\t\t<svg xmlns=\"http:\/\/www.w3.org\/2000\/svg\" fill=\"currentColor\" class=\"bi bi-x\" viewBox=\"0 0 16 16\">\r\n\t\t\t<path d=\"M4.646 4.646a.5.5 0 0 1 .708 0L8 7.293l2.646-2.647a.5.5 0 0 1 .708.708L8.707 8l2.647 2.646a.5.5 0 0 1-.708.708L8 8.707l-2.646 2.647a.5.5 0 0 1-.708-.708L7.293 8 4.646 5.354a.5.5 0 0 1 0-.708z\" \/>\r\n\t\t<\/svg>\r\n\t<\/button>\r\n\t<div class=\"modal-dialog modal-dialog-centered modal-lg\">\r\n\t\t<div class=\"modal-content px-3 px-sm-4 px-xl-5 py-4 py-sm-5\">\r\n\t\t  <div class=\"lazyblock-inner-blocks\">\n\n<div class=\"row mb-3\">\n<div class=\"col-lg-6\">\n<figure class=\"wp-block-image size-large\"><img loading=\"lazy\" decoding=\"async\" width=\"300\" height=\"76\" src=\"https:\/\/eshoy.pe\/rutaconfianza\/wp-content\/uploads\/sites\/12\/2025\/06\/logo_ruta-positivo.svg\" alt=\"\" class=\"wp-image-127\"\/><\/figure>\n<\/div>\n<\/div>\n\n\n\n<p class=\"font-family-faktum mb-4\"><strong>La gu\u00eda para la participaci\u00f3n estrat\u00e9gica en asociaciones empresariales<\/strong> es totalmente gratuita, para poder descargarla solo debes completar los siguientes datos:<\/p>\n\n\n\n<div class=\"wpcf7 no-js\" id=\"wpcf7-f123-o1\" lang=\"es-ES\" dir=\"ltr\" data-wpcf7-id=\"123\">\n<div class=\"screen-reader-response\"><p role=\"status\" aria-live=\"polite\" aria-atomic=\"true\"><\/p> <ul><\/ul><\/div>\n<form action=\"\/rutaconfianza\/wp-json\/wp\/v2\/pages\/8#wpcf7-f123-o1\" method=\"post\" class=\"wpcf7-form init\" aria-label=\"Formulario de contacto\" novalidate=\"novalidate\" data-status=\"init\">\n<fieldset class=\"hidden-fields-container\"><input type=\"hidden\" name=\"_wpcf7\" value=\"123\" \/><input type=\"hidden\" name=\"_wpcf7_version\" value=\"6.1.5\" \/><input type=\"hidden\" name=\"_wpcf7_locale\" value=\"es_ES\" \/><input type=\"hidden\" name=\"_wpcf7_unit_tag\" value=\"wpcf7-f123-o1\" \/><input type=\"hidden\" name=\"_wpcf7_container_post\" value=\"0\" \/><input type=\"hidden\" name=\"_wpcf7_posted_data_hash\" value=\"\" \/>\n<\/fieldset>\n<div class=\"has-small-font-size mb-3 font-family-faktum\">\n\t<p>*Preguntas obligatorias\n\t<\/p>\n<\/div>\n<div class=\"mb-3\">\n\t<p><label for=\"nombre\" class=\"font-family-faktum\">Nombre y apellidos*:<\/label><br \/>\n<span class=\"wpcf7-form-control-wrap\" data-name=\"nombre\"><input size=\"40\" maxlength=\"400\" class=\"wpcf7-form-control wpcf7-text wpcf7-validates-as-required form-control\" id=\"nombre\" aria-required=\"true\" aria-invalid=\"false\" value=\"\" type=\"text\" name=\"nombre\" \/><\/span>\n\t<\/p>\n<\/div>\n<div class=\"mb-3\">\n\t<p><label for=\"organizacion\" class=\"font-family-faktum\">Organizaci\u00f3n*:<\/label><br \/>\n<span class=\"wpcf7-form-control-wrap\" data-name=\"organizacion\"><input size=\"40\" maxlength=\"400\" class=\"wpcf7-form-control wpcf7-text wpcf7-validates-as-required form-control\" id=\"organizacion\" aria-required=\"true\" aria-invalid=\"false\" value=\"\" type=\"text\" name=\"organizacion\" \/><\/span>\n\t<\/p>\n<\/div>\n<div class=\"mb-3\">\n\t<p><label for=\"cargo\" class=\"font-family-faktum\">Cargo*:<\/label><br \/>\n<span class=\"wpcf7-form-control-wrap\" data-name=\"cargo\"><input size=\"40\" maxlength=\"400\" class=\"wpcf7-form-control wpcf7-text wpcf7-validates-as-required form-control\" id=\"cargo\" aria-required=\"true\" aria-invalid=\"false\" value=\"\" type=\"text\" name=\"cargo\" \/><\/span>\n\t<\/p>\n<\/div>\n<div class=\"mb-3\">\n\t<p><label for=\"emailinstitucional\" class=\"font-family-faktum\">Correo institucional*:<\/label><br \/>\n<span class=\"wpcf7-form-control-wrap\" data-name=\"emailinstitucional\"><input size=\"40\" maxlength=\"400\" class=\"wpcf7-form-control wpcf7-email wpcf7-validates-as-required wpcf7-text wpcf7-validates-as-email form-control\" id=\"emailinstitucional\" aria-required=\"true\" aria-invalid=\"false\" value=\"\" type=\"email\" name=\"emailinstitucional\" \/><\/span>\n\t<\/p>\n<\/div>\n<div class=\"mb-3\">\n\t<p><label for=\"celular\" class=\"font-family-faktum\">Celular (si cambias de centro laboral, nos ayudar\u00e1 a mantener el contacto):<\/label><br \/>\n<span class=\"wpcf7-form-control-wrap\" data-name=\"celular\"><input size=\"40\" maxlength=\"400\" class=\"wpcf7-form-control wpcf7-tel wpcf7-text wpcf7-validates-as-tel form-control\" id=\"celular\" aria-invalid=\"false\" value=\"\" type=\"tel\" name=\"celular\" \/><\/span>\n\t<\/p>\n<\/div>\n<div class=\"mb-3\">\n\t<p><label for=\"mensaje\" class=\"font-family-faktum\">Cu\u00e9ntanos, \u00bfpor qu\u00e9 te gustar\u00eda descargar esta gu\u00eda?<\/label><br \/>\n<span class=\"wpcf7-form-control-wrap\" data-name=\"mensaje\"><textarea cols=\"40\" rows=\"4\" maxlength=\"2000\" class=\"wpcf7-form-control wpcf7-textarea form-control\" id=\"mensaje\" aria-invalid=\"false\" name=\"mensaje\"><\/textarea><\/span>\n\t<\/p>\n<\/div>\n<div class=\"row justify-content-center\">\n\t<div class=\"col-12 col-lg-6\">\n\t\t<div class=\"position-relative\">\n\t\t\t<p><input class=\"wpcf7-form-control wpcf7-submit has-spinner btn w-100\" type=\"submit\" value=\"Enviar y descargar\" \/>\n\t\t\t<\/p>\n\t\t<\/div>\n\t<\/div>\n<\/div>\n<div class=\"form_guia mt-3 font-family-faktum\">\n<\/div><div class=\"wpcf7-response-output\" aria-hidden=\"true\"><\/div>\n<\/form>\n<\/div>\n\n\n<\/div>\r\n\t\t<\/div>\r\n\t<\/div>\r\n<\/div>\r\n<script>\r\ndocument.addEventListener('wpcf7mailsent', function(event) {\r\n    setTimeout(() => {\r\n        window.open('https:\/\/drive.google.com\/drive\/folders\/1xUwnq0GHPbDf1SjxUWGXGz84augV9b4-?usp=sharing', '_blank');\r\n    }, 1000); \/\/ Espera 3 segundos antes de abrir el enlace en nueva pesta\u00f1a\r\n    const responseDiv = document.querySelector('.form_guia');\r\n  responseDiv.innerHTML = 'Si la descarga de la gu\u00eda no ha iniciado, <a href=\"https:\/\/drive.google.com\/drive\/folders\/1xUwnq0GHPbDf1SjxUWGXGz84augV9b4-?usp=sharing\" target=\"_blank\">haz click aqu\u00ed<\/a>';\r\n}, false);\r\n<\/script><\/div>\n\n<div class=\"lazyblock-seccion-imagen-lateral-Z9g6P3 alignfull alignfull  wp-block-lazyblock-seccion-imagen-lateral\" id=\"quees\"><section class=\"position-relative  bg- text- sider_section pageContent d-flex flex-wrap align-items-center\">\n  <div class=\"container\">\n\t\t<div class=\"row\">\n\t\t\t<div class=\"col-12 col-xl-6 pe-xl-0\">\n\t\t\t\t<figure class=\"mb-0 sider_image position-relative\">\n\t\t\t\t  <img decoding=\"async\" width=\"1446\" height=\"1802\" src=\"https:\/\/eshoy.pe\/rutaconfianza\/wp-content\/uploads\/sites\/12\/2025\/06\/02-1541x1920.jpg\" class=\"img-fit\" alt=\"\" loading=\"lazy\" srcset=\"https:\/\/eshoy.pe\/rutaconfianza\/wp-content\/uploads\/sites\/12\/2025\/06\/02-1541x1920.jpg 1541w, https:\/\/eshoy.pe\/rutaconfianza\/wp-content\/uploads\/sites\/12\/2025\/06\/02-787x980.jpg 787w, https:\/\/eshoy.pe\/rutaconfianza\/wp-content\/uploads\/sites\/12\/2025\/06\/02-768x957.jpg 768w, https:\/\/eshoy.pe\/rutaconfianza\/wp-content\/uploads\/sites\/12\/2025\/06\/02-1233x1536.jpg 1233w, https:\/\/eshoy.pe\/rutaconfianza\/wp-content\/uploads\/sites\/12\/2025\/06\/02-1644x2048.jpg 1644w, https:\/\/eshoy.pe\/rutaconfianza\/wp-content\/uploads\/sites\/12\/2025\/06\/02-76x95.jpg 76w\" sizes=\"auto, (max-width: 1446px) 100vw, 1446px\" \/>\t\t\t\t<\/figure>\n\t\t\t<\/div>\n\t\t\t<div class=\"col-12 col-xl-5 offset-xl-1 position-relative d-flex flex-wrap align-items-center sider_content_wrapper\">\n\t\t\t\t<div class=\"sider_content py\" data-aos=\"fade-up\" data-aos-duration=\"800\">\n\t\t\t\t  <div class=\"lazyblock-inner-blocks\">\n\n<h2 class=\"wp-block-heading font-family-recoletabl h3\"><span class=\"text-uppercase\">\u00bfQu\u00e9 es<\/span> <img loading=\"lazy\" decoding=\"async\" width=\"48\" height=\"48\" class=\"wp-image-97\" style=\"width: 48px\" src=\"http:\/\/eshoy.pe\/rutaconfianza\/wp-content\/uploads\/sites\/12\/2025\/06\/img-asterisk.svg\" alt=\"\"><span class=\"text-uppercase\"><br><mark class=\"has-inline-color has-morado-color\">Ruta Confianza?<\/mark><\/span><\/h2>\n\n\n\n<p class=\"font-family-faktum\">Es una iniciativa que busca promover una participaci\u00f3n estrat\u00e9gica y con prop\u00f3sito de las empresas en asociaciones empresariales (en adelante \u00abAE\u00bb) como gremios, c\u00e1maras de comercio regionales, binacionales y otras organizaciones del sector privado, ya que son los veh\u00edculos legitimados por los cuales podemos activar el poder colectivo transformador del sector privado.<\/p>\n\n<\/div>\n\t\t\t\t<\/div>\n\t\t\t<\/div>\n\t\t<\/div>\n\t<\/div>\n<\/section><\/div>\n\n<div class=\"lazyblock-seccion-imagen-derecha-47rpO alignfull alignfull  wp-block-lazyblock-seccion-imagen-derecha\" id=\"laguia\"><section class=\"position-relative  bg-light text- sider_section pageContent d-flex flex-wrap align-items-center rtl\">\n  <div class=\"container\">\n\t\t<div class=\"row\">\n\t\t\t<div class=\"col-12 col-xl-6 order-xl-2 offset-xl-1 ps-xl-0\">\n\t\t\t\t<figure class=\"mb-0 sider_image position-relative\">\n\t\t\t\t  <img decoding=\"async\" width=\"1098\" height=\"980\" src=\"https:\/\/eshoy.pe\/rutaconfianza\/wp-content\/uploads\/sites\/12\/2025\/06\/img_portada.jpg\" class=\"img-fit\" alt=\"\" loading=\"lazy\" srcset=\"https:\/\/eshoy.pe\/rutaconfianza\/wp-content\/uploads\/sites\/12\/2025\/06\/img_portada.jpg 1098w, https:\/\/eshoy.pe\/rutaconfianza\/wp-content\/uploads\/sites\/12\/2025\/06\/img_portada-980x875.jpg 980w, https:\/\/eshoy.pe\/rutaconfianza\/wp-content\/uploads\/sites\/12\/2025\/06\/img_portada-768x685.jpg 768w, https:\/\/eshoy.pe\/rutaconfianza\/wp-content\/uploads\/sites\/12\/2025\/06\/img_portada-106x95.jpg 106w\" sizes=\"auto, (max-width: 1098px) 100vw, 1098px\" \/>\t\t\t\t<\/figure>\n\t\t\t<\/div>\n\t\t\t<div class=\"col-12 col-xl-5 order-xl-1 position-relative d-flex flex-wrap align-items-center sider_content_wrapper\">\n\t\t\t\t<div class=\"sider_content py\" data-aos=\"fade-up\" data-aos-duration=\"800\">\n\t\t\t\t  <div class=\"lazyblock-inner-blocks\">\n\n<h2 class=\"wp-block-heading font-family-recoletabl h3 mb-4\"><img loading=\"lazy\" decoding=\"async\" width=\"48\" height=\"45\" class=\"wp-image-103\" style=\"width: 48px\" src=\"http:\/\/eshoy.pe\/rutaconfianza\/wp-content\/uploads\/sites\/12\/2025\/06\/img-flash.svg\" alt=\"\"> <span class=\"text-uppercase\">Conoce <mark class=\"has-inline-color has-morado-color\">la gu\u00eda<\/mark><\/span><\/h2>\n\n\n\n<p class=\"font-family-faktum\"><strong>Ruta Confianza: Gu\u00eda para la participaci\u00f3n estrat\u00e9gica en asociaciones empresariales <\/strong>es una herramienta pr\u00e1ctica para acompa\u00f1ar a l\u00edderes empresariales en las decisiones estrat\u00e9gicas de por qu\u00e9, para qu\u00e9, d\u00f3nde, qui\u00e9n, c\u00f3mo y qu\u00e9 accionar en AE para lograr el mayor impacto posible. Esta es una versi\u00f3n inicial que seguiremos afinando a partir de su puesta en pr\u00e1ctica y la retroalimentaci\u00f3n de los distintos actores del ecosistema empresarial.<\/p>\n\n\n<div class=\"lazyblock-boton-popup-1zNt6X wp-block-lazyblock-boton-popup\"><button type=\"button\" class=\"btn\" data-bs-toggle=\"modal\" data-bs-target=\"#modalDescarga\">\n  Descarga la gu\u00eda<\/button><\/div>\n<\/div>\n\t\t\t\t<\/div>\n\t\t\t<\/div>\n\t\t<\/div>\n\t<\/div>\n<\/section><\/div>\n\n<div class=\"lazyblock-seccion-Z1Alb9 alignfull alignfull  wp-block-lazyblock-seccion\" id=\"queencontraras\"><section class=\"block_section position-relative py bg- text-\">\n    <div class=\"container position-relative\">\n\t\t<div class=\"row\" data-aos=\"fade-up\" data-aos-duration=\"600\">\n\t\t  <div class=\"col-12\">\n\t\t    <div class=\"lazyblock-inner-blocks\">\n\n<h2 class=\"wp-block-heading has-text-align-center font-family-recoletabl h3\"><span class=\"text-uppercase\">\u00bfQU\u00c9 ENCONTRAR\u00c1S EN <mark class=\"has-inline-color has-morado-color\">la gu\u00eda?<\/mark><\/span><\/h2>\n\n\n\n<p class=\"has-text-align-center font-family-faktum mb-5\">Esta gu\u00eda es el resultado de un trabajo colectivo con l\u00edderes de diversas organizaciones y se compone de los siguientes cap\u00edtulos:<\/p>\n\n\n\n<div class=\"row justify-content-center gy-4\">\n<div class=\"col-lg-5 col-xl-4 col-sm-6\">\n<figure class=\"wp-block-image size-full mb-0\"><img loading=\"lazy\" decoding=\"async\" width=\"693\" height=\"636\" src=\"https:\/\/eshoy.pe\/rutaconfianza\/wp-content\/uploads\/sites\/12\/2025\/06\/ruta_01-b.png\" alt=\"\" class=\"wp-image-167\" srcset=\"https:\/\/eshoy.pe\/rutaconfianza\/wp-content\/uploads\/sites\/12\/2025\/06\/ruta_01-b.png 693w, https:\/\/eshoy.pe\/rutaconfianza\/wp-content\/uploads\/sites\/12\/2025\/06\/ruta_01-b-104x95.png 104w\" sizes=\"auto, (max-width: 693px) 100vw, 693px\" \/><\/figure>\n<\/div>\n\n\n\n<div class=\"col-lg-5 col-xl-4 col-sm-6\">\n<figure class=\"wp-block-image size-full mb-0\"><img loading=\"lazy\" decoding=\"async\" width=\"696\" height=\"627\" src=\"https:\/\/eshoy.pe\/rutaconfianza\/wp-content\/uploads\/sites\/12\/2025\/06\/ruta_02.png\" alt=\"\" class=\"wp-image-105\" srcset=\"https:\/\/eshoy.pe\/rutaconfianza\/wp-content\/uploads\/sites\/12\/2025\/06\/ruta_02.png 696w, https:\/\/eshoy.pe\/rutaconfianza\/wp-content\/uploads\/sites\/12\/2025\/06\/ruta_02-105x95.png 105w\" sizes=\"auto, (max-width: 696px) 100vw, 696px\" \/><\/figure>\n<\/div>\n\n\n\n<div class=\"col-lg-5 col-xl-4 col-sm-6\">\n<figure class=\"wp-block-image size-full mb-0\"><img loading=\"lazy\" decoding=\"async\" width=\"699\" height=\"641\" src=\"https:\/\/eshoy.pe\/rutaconfianza\/wp-content\/uploads\/sites\/12\/2025\/06\/ruta_03.png\" alt=\"\" class=\"wp-image-106\" srcset=\"https:\/\/eshoy.pe\/rutaconfianza\/wp-content\/uploads\/sites\/12\/2025\/06\/ruta_03.png 699w, https:\/\/eshoy.pe\/rutaconfianza\/wp-content\/uploads\/sites\/12\/2025\/06\/ruta_03-104x95.png 104w\" sizes=\"auto, (max-width: 699px) 100vw, 699px\" \/><\/figure>\n<\/div>\n\n\n\n<div class=\"col-lg-5 col-xl-4 col-sm-6\">\n<figure class=\"wp-block-image size-full mb-0\"><img loading=\"lazy\" decoding=\"async\" width=\"714\" height=\"642\" src=\"https:\/\/eshoy.pe\/rutaconfianza\/wp-content\/uploads\/sites\/12\/2025\/06\/ruta_04.png\" alt=\"\" class=\"wp-image-107\" srcset=\"https:\/\/eshoy.pe\/rutaconfianza\/wp-content\/uploads\/sites\/12\/2025\/06\/ruta_04.png 714w, https:\/\/eshoy.pe\/rutaconfianza\/wp-content\/uploads\/sites\/12\/2025\/06\/ruta_04-106x95.png 106w\" sizes=\"auto, (max-width: 714px) 100vw, 714px\" \/><\/figure>\n<\/div>\n\n\n\n<div class=\"col-lg-5 col-xl-4 col-sm-6\">\n<figure class=\"wp-block-image size-full mb-0\"><img loading=\"lazy\" decoding=\"async\" width=\"693\" height=\"638\" src=\"https:\/\/eshoy.pe\/rutaconfianza\/wp-content\/uploads\/sites\/12\/2025\/06\/ruta_05-b.png\" alt=\"\" class=\"wp-image-168\" srcset=\"https:\/\/eshoy.pe\/rutaconfianza\/wp-content\/uploads\/sites\/12\/2025\/06\/ruta_05-b.png 693w, https:\/\/eshoy.pe\/rutaconfianza\/wp-content\/uploads\/sites\/12\/2025\/06\/ruta_05-b-103x95.png 103w\" sizes=\"auto, (max-width: 693px) 100vw, 693px\" \/><\/figure>\n<\/div>\n\n\n\n<div class=\"col-lg-5 col-xl-4 col-sm-6\">\n<figure class=\"wp-block-image size-full mb-0\"><img loading=\"lazy\" decoding=\"async\" width=\"693\" height=\"623\" src=\"https:\/\/eshoy.pe\/rutaconfianza\/wp-content\/uploads\/sites\/12\/2025\/06\/ruta_06.png\" alt=\"\" class=\"wp-image-109\" srcset=\"https:\/\/eshoy.pe\/rutaconfianza\/wp-content\/uploads\/sites\/12\/2025\/06\/ruta_06.png 693w, https:\/\/eshoy.pe\/rutaconfianza\/wp-content\/uploads\/sites\/12\/2025\/06\/ruta_06-106x95.png 106w\" sizes=\"auto, (max-width: 693px) 100vw, 693px\" \/><\/figure>\n<\/div>\n<\/div>\n\n<\/div>\n\t\t  <\/div>\n\t\t<\/div>\n\t<\/div>\n<\/section><\/div>\n\n<div class=\"lazyblock-seccion-imagen-derecha-Z6rbPb alignfull alignfull  wp-block-lazyblock-seccion-imagen-derecha\" id=\"laguia\"><section class=\"position-relative  bg-light text- sider_section pageContent d-flex flex-wrap align-items-center rtl\">\n  <div class=\"container\">\n\t\t<div class=\"row\">\n\t\t\t<div class=\"col-12 col-xl-6 order-xl-2 offset-xl-1 ps-xl-0\">\n\t\t\t\t<figure class=\"mb-0 sider_image position-relative\">\n\t\t\t\t  <img decoding=\"async\" width=\"1446\" height=\"1085\" src=\"https:\/\/eshoy.pe\/rutaconfianza\/wp-content\/uploads\/sites\/12\/2025\/06\/Ruta-Confianza-S2-CEO.jpg\" class=\"img-fit\" alt=\"\" loading=\"lazy\" srcset=\"https:\/\/eshoy.pe\/rutaconfianza\/wp-content\/uploads\/sites\/12\/2025\/06\/Ruta-Confianza-S2-CEO.jpg 1600w, https:\/\/eshoy.pe\/rutaconfianza\/wp-content\/uploads\/sites\/12\/2025\/06\/Ruta-Confianza-S2-CEO-980x735.jpg 980w, https:\/\/eshoy.pe\/rutaconfianza\/wp-content\/uploads\/sites\/12\/2025\/06\/Ruta-Confianza-S2-CEO-768x576.jpg 768w, https:\/\/eshoy.pe\/rutaconfianza\/wp-content\/uploads\/sites\/12\/2025\/06\/Ruta-Confianza-S2-CEO-1536x1152.jpg 1536w, https:\/\/eshoy.pe\/rutaconfianza\/wp-content\/uploads\/sites\/12\/2025\/06\/Ruta-Confianza-S2-CEO-127x95.jpg 127w\" sizes=\"auto, (max-width: 1446px) 100vw, 1446px\" \/>\t\t\t\t<\/figure>\n\t\t\t<\/div>\n\t\t\t<div class=\"col-12 col-xl-5 order-xl-1 position-relative d-flex flex-wrap align-items-center sider_content_wrapper\">\n\t\t\t\t<div class=\"sider_content py\" data-aos=\"fade-up\" data-aos-duration=\"800\">\n\t\t\t\t  <div class=\"lazyblock-inner-blocks\">\n\n<h2 class=\"wp-block-heading font-family-recoletabl h3 mb-4\"><img loading=\"lazy\" decoding=\"async\" width=\"48\" height=\"45\" class=\"wp-image-103\" style=\"width: 48px\" src=\"http:\/\/eshoy.pe\/rutaconfianza\/wp-content\/uploads\/sites\/12\/2025\/06\/img-flash.svg\" alt=\"\"> <span class=\"text-uppercase\">D\u00e9janos tus <mark class=\"has-inline-color has-morado-color\">comentarios<\/mark><\/span><\/h2>\n\n\n\n<p class=\"font-family-faktum\">Para nosotros es muy importante conocer tu opini\u00f3n para seguir nutriendo la gu\u00eda <strong>Ruta Confianza<\/strong>. Si tienes comentarios o sugerencias, te invitamos a compartirlos <a href=\"https:\/\/docs.google.com\/forms\/d\/e\/1FAIpQLSezSbA74AtZmQS4p-1j9o6Zx6BIKZGn-WPD2MW3f2QGwPv3lg\/viewform\">aqu\u00ed<\/a>.<\/p>\n\n<\/div>\n\t\t\t\t<\/div>\n\t\t\t<\/div>\n\t\t<\/div>\n\t<\/div>\n<\/section><\/div>\n\n<div class=\"lazyblock-seccion-1DQ41b alignfull alignfull  wp-block-lazyblock-seccion\" id=\"apoyo\"><section class=\"block_section position-relative py bg_ruta_aliados bg-light text-\">\n    <div class=\"container position-relative\">\n\t\t<div class=\"row\" data-aos=\"fade-up\" data-aos-duration=\"600\">\n\t\t  <div class=\"col-12\">\n\t\t    <div class=\"lazyblock-inner-blocks\">\n\n<div class=\"row align-items-center justify-content-center gy-5\">\n<div class=\"col-xl-4\">\n<h2 class=\"wp-block-heading font-family-recoletabl h4\"><span class=\"text-uppercase\"><mark class=\"has-inline-color has-morado-color\">CON EL APOYO DE <\/mark><\/span> <img loading=\"lazy\" decoding=\"async\" width=\"48\" height=\"48\" class=\"wp-image-97\" style=\"width: 32px\" src=\"http:\/\/eshoy.pe\/rutaconfianza\/wp-content\/uploads\/sites\/12\/2025\/06\/img-asterisk.svg\" alt=\"\"><\/h2>\n<\/div>\n\n\n\n<div class=\"col-xl-4 offset-xl-false\"><div class=\"wp-block-image\">\n<figure class=\"aligncenter size-full mb-0\"><img loading=\"lazy\" decoding=\"async\" width=\"693\" height=\"302\" src=\"https:\/\/eshoy.pe\/rutaconfianza\/wp-content\/uploads\/sites\/12\/2025\/06\/logos_aliados.png\" alt=\"\" class=\"wp-image-117\" srcset=\"https:\/\/eshoy.pe\/rutaconfianza\/wp-content\/uploads\/sites\/12\/2025\/06\/logos_aliados.png 693w, https:\/\/eshoy.pe\/rutaconfianza\/wp-content\/uploads\/sites\/12\/2025\/06\/logos_aliados-200x87.png 200w\" sizes=\"auto, (max-width: 693px) 100vw, 693px\" \/><\/figure>\n<\/div><\/div>\n<\/div>\n\n<\/div>\n\t\t  <\/div>\n\t\t<\/div>\n\t<\/div>\n<\/section><\/div>","protected":false},"excerpt":{"rendered":"","protected":false},"author":1,"featured_media":0,"parent":0,"menu_order":0,"comment_status":"closed","ping_status":"closed","template":"page-template-frente.php","meta":{"footnotes":""},"class_list":["post-8","page","type-page","status-publish","hentry"],"acf":[],"_links":{"self":[{"href":"https:\/\/eshoy.pe\/rutaconfianza\/wp-json\/wp\/v2\/pages\/8","targetHints":{"allow":["GET"]}}],"collection":[{"href":"https:\/\/eshoy.pe\/rutaconfianza\/wp-json\/wp\/v2\/pages"}],"about":[{"href":"https:\/\/eshoy.pe\/rutaconfianza\/wp-json\/wp\/v2\/types\/page"}],"author":[{"embeddable":true,"href":"https:\/\/eshoy.pe\/rutaconfianza\/wp-json\/wp\/v2\/users\/1"}],"replies":[{"embeddable":true,"href":"https:\/\/eshoy.pe\/rutaconfianza\/wp-json\/wp\/v2\/comments?post=8"}],"version-history":[{"count":9,"href":"https:\/\/eshoy.pe\/rutaconfianza\/wp-json\/wp\/v2\/pages\/8\/revisions"}],"predecessor-version":[{"id":224,"href":"https:\/\/eshoy.pe\/rutaconfianza\/wp-json\/wp\/v2\/pages\/8\/revisions\/224"}],"wp:attachment":[{"href":"https:\/\/eshoy.pe\/rutaconfianza\/wp-json\/wp\/v2\/media?parent=8"}],"curies":[{"name":"wp","href":"https:\/\/api.w.org\/{rel}","templated":true}]}}